{"id":13174,"date":"2022-04-29T09:22:08","date_gmt":"2022-04-29T09:22:08","guid":{"rendered":"https:\/\/uhoneytr.com\/?page_id=13174"},"modified":"2022-06-07T12:06:39","modified_gmt":"2022-06-07T12:06:39","slug":"en-cok-merak-edilen-sorular","status":"publish","type":"page","link":"https:\/\/u-honey.com\/tr\/en-cok-merak-edilen-sorular\/","title":{"rendered":"S\u0131k\u00e7a Sorulan Sorular"},"content":{"rendered":"\t\t<div data-elementor-type=\"wp-page\" data-elementor-id=\"13174\" class=\"elementor elementor-13174\">\r\n\t\t\t\t\t\t\t\t\t<section class=\"elementor-section elementor-top-section elementor-element elementor-element-acb50d2 elementor-section-boxed elementor-section-height-default elementor-section-height-default wd-section-disabled\" data-id=\"acb50d2\" data-element_type=\"section\">\r\n\t\t\t\t\t\t<div class=\"elementor-container elementor-column-gap-default\">\r\n\t\t\t\t\t<div class=\"elementor-column elementor-col-100 elementor-top-column elementor-element elementor-element-b8d28ca\" data-id=\"b8d28ca\" data-element_type=\"column\">\r\n\t\t\t<div class=\"elementor-widget-wrap elementor-element-populated\">\r\n\t\t\t\t\t\t\t\t<div class=\"elementor-element elementor-element-788a268 elementor-widget elementor-widget-heading\" data-id=\"788a268\" data-element_type=\"widget\" data-widget_type=\"heading.default\">\r\n\t\t\t\t<div class=\"elementor-widget-container\">\r\n\t\t\t<style>\/*! elementor - v3.6.5 - 27-04-2022 *\/\r\n.elementor-heading-title{padding:0;margin:0;line-height:1}.elementor-widget-heading .elementor-heading-title[class*=elementor-size-]>a{color:inherit;font-size:inherit;line-height:inherit}.elementor-widget-heading .elementor-heading-title.elementor-size-small{font-size:15px}.elementor-widget-heading .elementor-heading-title.elementor-size-medium{font-size:19px}.elementor-widget-heading .elementor-heading-title.elementor-size-large{font-size:29px}.elementor-widget-heading .elementor-heading-title.elementor-size-xl{font-size:39px}.elementor-widget-heading .elementor-heading-title.elementor-size-xxl{font-size:59px}<\/style><h4 class=\"elementor-heading-title elementor-size-default\">EN \u00c7OK MERAK ED\u0130LEN SORULAR<\/h4>\t\t<\/div>\r\n\t\t\t\t<\/div>\r\n\t\t\t\t<div class=\"elementor-element elementor-element-bef9b8b elementor-widget elementor-widget-heading\" data-id=\"bef9b8b\" data-element_type=\"widget\" data-widget_type=\"heading.default\">\r\n\t\t\t\t<div class=\"elementor-widget-container\">\r\n\t\t\t<h2 class=\"elementor-heading-title elementor-size-default\">soru ve Cevaplar<\/h2>\t\t<\/div>\r\n\t\t\t\t<\/div>\r\n\t\t\t\t<section class=\"elementor-section elementor-inner-section elementor-element elementor-element-9a99a29 elementor-section-boxed elementor-section-height-default elementor-section-height-default wd-section-disabled\" data-id=\"9a99a29\" data-element_type=\"section\">\r\n\t\t\t\t\t\t<div class=\"elementor-container elementor-column-gap-default\">\r\n\t\t\t\t\t<div class=\"elementor-column elementor-col-50 elementor-inner-column elementor-element elementor-element-7401f49\" data-id=\"7401f49\" data-element_type=\"column\">\r\n\t\t\t<div class=\"elementor-widget-wrap elementor-element-populated\">\r\n\t\t\t\t\t\t\t\t<div class=\"elementor-element elementor-element-5ba1536 elementor-widget elementor-widget-toggle\" data-id=\"5ba1536\" data-element_type=\"widget\" data-widget_type=\"toggle.default\">\r\n\t\t\t\t<div class=\"elementor-widget-container\">\r\n\t\t\t<style>\/*! elementor - v3.6.5 - 27-04-2022 *\/\r\n.elementor-toggle{text-align:left}.elementor-toggle .elementor-tab-title{font-weight:700;line-height:1;margin:0;padding:15px;border-bottom:1px solid #d4d4d4;cursor:pointer;outline:none}.elementor-toggle .elementor-tab-title .elementor-toggle-icon{display:inline-block;width:1em}.elementor-toggle .elementor-tab-title .elementor-toggle-icon svg{-webkit-margin-start:-5px;margin-inline-start:-5px;width:1em;height:1em}.elementor-toggle .elementor-tab-title .elementor-toggle-icon.elementor-toggle-icon-right{float:right;text-align:right}.elementor-toggle .elementor-tab-title .elementor-toggle-icon.elementor-toggle-icon-left{float:left;text-align:left}.elementor-toggle .elementor-tab-title .elementor-toggle-icon .elementor-toggle-icon-closed{display:block}.elementor-toggle .elementor-tab-title .elementor-toggle-icon .elementor-toggle-icon-opened{display:none}.elementor-toggle .elementor-tab-title.elementor-active{border-bottom:none}.elementor-toggle .elementor-tab-title.elementor-active .elementor-toggle-icon-closed{display:none}.elementor-toggle .elementor-tab-title.elementor-active .elementor-toggle-icon-opened{display:block}.elementor-toggle .elementor-tab-content{padding:15px;border-bottom:1px solid #d4d4d4;display:none}@media (max-width:767px){.elementor-toggle .elementor-tab-title{padding:12px}.elementor-toggle .elementor-tab-content{padding:12px 10px}}<\/style>\t\t<div class=\"elementor-toggle\" role=\"tablist\">\r\n\t\t\t\t\t\t\t<div class=\"elementor-toggle-item\">\r\n\t\t\t\t\t<div id=\"elementor-tab-title-9601\" class=\"elementor-tab-title\" data-tab=\"1\" role=\"tab\" aria-controls=\"elementor-tab-content-9601\" aria-expanded=\"false\">\r\n\t\t\t\t\t\t\t\t\t\t\t\t<span class=\"elementor-toggle-icon elementor-toggle-icon-left\" aria-hidden=\"true\">\r\n\t\t\t\t\t\t\t\t\t\t\t\t\t\t\t<span class=\"elementor-toggle-icon-closed\"><i class=\"fas fa-long-arrow-alt-down\"><\/i><\/span>\r\n\t\t\t\t\t\t\t\t<span class=\"elementor-toggle-icon-opened\"><i class=\"elementor-toggle-icon-opened fas fa-long-arrow-alt-up\"><\/i><\/span>\r\n\t\t\t\t\t\t\t\t\t\t\t\t\t<\/span>\r\n\t\t\t\t\t\t\t\t\t\t\t\t<a href=\"\" class=\"elementor-toggle-title\">bal\u0131n tad\u0131 \u00c7e\u015fitten \u00c7e\u015fide De\u011fi\u015fiyor mu?<\/a>\r\n\t\t\t\t\t<\/div>\r\n\r\n\t\t\t\t\t<div id=\"elementor-tab-content-9601\" class=\"elementor-tab-content elementor-clearfix\" data-tab=\"1\" role=\"tabpanel\" aria-labelledby=\"elementor-tab-title-9601\"><p>Evet! Bal\u0131n tad\u0131 \u00e7e\u015fitten \u00e7e\u015fite biraz farkl\u0131d\u0131r. \u00c7al\u0131\u015fkan ar\u0131lar\u0131m\u0131z \u00e7i\u00e7ek t\u00fcrlerine g\u00f6re nektar toplarlar. Ar\u0131lar g\u00fcnde 600&#8217;den fazla \u00e7i\u00e7e\u011fi ziyaret edebilir.<\/p><\/div>\r\n\t\t\t\t<\/div>\r\n\t\t\t\t\t\t\t<div class=\"elementor-toggle-item\">\r\n\t\t\t\t\t<div id=\"elementor-tab-title-9602\" class=\"elementor-tab-title\" data-tab=\"2\" role=\"tab\" aria-controls=\"elementor-tab-content-9602\" aria-expanded=\"false\">\r\n\t\t\t\t\t\t\t\t\t\t\t\t<span class=\"elementor-toggle-icon elementor-toggle-icon-left\" aria-hidden=\"true\">\r\n\t\t\t\t\t\t\t\t\t\t\t\t\t\t\t<span class=\"elementor-toggle-icon-closed\"><i class=\"fas fa-long-arrow-alt-down\"><\/i><\/span>\r\n\t\t\t\t\t\t\t\t<span class=\"elementor-toggle-icon-opened\"><i class=\"elementor-toggle-icon-opened fas fa-long-arrow-alt-up\"><\/i><\/span>\r\n\t\t\t\t\t\t\t\t\t\t\t\t\t<\/span>\r\n\t\t\t\t\t\t\t\t\t\t\t\t<a href=\"\" class=\"elementor-toggle-title\">D\u00fcnya \u00e7ap\u0131na g\u00f6nderiyor musunuz?<\/a>\r\n\t\t\t\t\t<\/div>\r\n\r\n\t\t\t\t\t<div id=\"elementor-tab-content-9602\" class=\"elementor-tab-content elementor-clearfix\" data-tab=\"2\" role=\"tabpanel\" aria-labelledby=\"elementor-tab-title-9602\"><p>Evet, d\u00fcnya \u00e7ap\u0131na g\u00f6nderiyoruz.<\/p><\/div>\r\n\t\t\t\t<\/div>\r\n\t\t\t\t\t\t\t<div class=\"elementor-toggle-item\">\r\n\t\t\t\t\t<div id=\"elementor-tab-title-9603\" class=\"elementor-tab-title\" data-tab=\"3\" role=\"tab\" aria-controls=\"elementor-tab-content-9603\" aria-expanded=\"false\">\r\n\t\t\t\t\t\t\t\t\t\t\t\t<span class=\"elementor-toggle-icon elementor-toggle-icon-left\" aria-hidden=\"true\">\r\n\t\t\t\t\t\t\t\t\t\t\t\t\t\t\t<span class=\"elementor-toggle-icon-closed\"><i class=\"fas fa-long-arrow-alt-down\"><\/i><\/span>\r\n\t\t\t\t\t\t\t\t<span class=\"elementor-toggle-icon-opened\"><i class=\"elementor-toggle-icon-opened fas fa-long-arrow-alt-up\"><\/i><\/span>\r\n\t\t\t\t\t\t\t\t\t\t\t\t\t<\/span>\r\n\t\t\t\t\t\t\t\t\t\t\t\t<a href=\"\" class=\"elementor-toggle-title\">Sipari\u015fin takip numaras\u0131 var m\u0131?<\/a>\r\n\t\t\t\t\t<\/div>\r\n\r\n\t\t\t\t\t<div id=\"elementor-tab-content-9603\" class=\"elementor-tab-content elementor-clearfix\" data-tab=\"3\" role=\"tabpanel\" aria-labelledby=\"elementor-tab-title-9603\"><p>Evet, her sipari\u015fin kendine \u00f6zg\u00fc bir takip numaras\u0131 vard\u0131r ve sipari\u015finiz g\u00f6nderildikten sonra size takip numaran\u0131z\u0131 bildirece\u011fiz. Sa\u011flanan sipari\u015f kimli\u011fini veya takip kodunu kullanarak sipari\u015finizi her zaman takip edebilirsiniz.<\/p><\/div>\r\n\t\t\t\t<\/div>\r\n\t\t\t\t\t\t\t<div class=\"elementor-toggle-item\">\r\n\t\t\t\t\t<div id=\"elementor-tab-title-9604\" class=\"elementor-tab-title\" data-tab=\"4\" role=\"tab\" aria-controls=\"elementor-tab-content-9604\" aria-expanded=\"false\">\r\n\t\t\t\t\t\t\t\t\t\t\t\t<span class=\"elementor-toggle-icon elementor-toggle-icon-left\" aria-hidden=\"true\">\r\n\t\t\t\t\t\t\t\t\t\t\t\t\t\t\t<span class=\"elementor-toggle-icon-closed\"><i class=\"fas fa-long-arrow-alt-down\"><\/i><\/span>\r\n\t\t\t\t\t\t\t\t<span class=\"elementor-toggle-icon-opened\"><i class=\"elementor-toggle-icon-opened fas fa-long-arrow-alt-up\"><\/i><\/span>\r\n\t\t\t\t\t\t\t\t\t\t\t\t\t<\/span>\r\n\t\t\t\t\t\t\t\t\t\t\t\t<a href=\"\" class=\"elementor-toggle-title\">\u00dcr\u00fcnde bir sorun mu var?<\/a>\r\n\t\t\t\t\t<\/div>\r\n\r\n\t\t\t\t\t<div id=\"elementor-tab-content-9604\" class=\"elementor-tab-content elementor-clearfix\" data-tab=\"4\" role=\"tabpanel\" aria-labelledby=\"elementor-tab-title-9604\"><p>T\u00fcm kusurlu \u00fcr\u00fcnlerde \u00fccretsiz iade sunuyoruz. Sat\u0131n ald\u0131\u011f\u0131n\u0131z \u00fcr\u00fcnlerin kusurlu olmas\u0131 durumunda hemen bizimle ileti\u015fime ge\u00e7in, iade veya de\u011fi\u015fim i\u00e7in sizinle ileti\u015fime ge\u00e7ece\u011fiz. Paketinizde bariz hasar belirtileri varsa, \u00fcr\u00fcn\u00fc imzalamadan \u00f6nce kurye ile \u00e7antan\u0131n ayr\u0131nt\u0131lar\u0131n\u0131 g\u00f6steren foto\u011fraflar\u0131n\u0131 \u00e7ekin<\/p><\/div>\r\n\t\t\t\t<\/div>\r\n\t\t\t\t\t\t\t\t<\/div>\r\n\t\t\t\t<\/div>\r\n\t\t\t\t<\/div>\r\n\t\t\t\t\t<\/div>\r\n\t\t<\/div>\r\n\t\t\t\t<div class=\"elementor-column elementor-col-50 elementor-inner-column elementor-element elementor-element-485556c\" data-id=\"485556c\" data-element_type=\"column\">\r\n\t\t\t<div class=\"elementor-widget-wrap elementor-element-populated\">\r\n\t\t\t\t\t\t\t\t<div class=\"elementor-element elementor-element-8fc4a13 elementor-widget elementor-widget-toggle\" data-id=\"8fc4a13\" data-element_type=\"widget\" data-widget_type=\"toggle.default\">\r\n\t\t\t\t<div class=\"elementor-widget-container\">\r\n\t\t\t\t\t<div class=\"elementor-toggle\" role=\"tablist\">\r\n\t\t\t\t\t\t\t<div class=\"elementor-toggle-item\">\r\n\t\t\t\t\t<div id=\"elementor-tab-title-1501\" class=\"elementor-tab-title\" data-tab=\"1\" role=\"tab\" aria-controls=\"elementor-tab-content-1501\" aria-expanded=\"false\">\r\n\t\t\t\t\t\t\t\t\t\t\t\t<span class=\"elementor-toggle-icon elementor-toggle-icon-left\" aria-hidden=\"true\">\r\n\t\t\t\t\t\t\t\t\t\t\t\t\t\t\t<span class=\"elementor-toggle-icon-closed\"><i class=\"fas fa-long-arrow-alt-down\"><\/i><\/span>\r\n\t\t\t\t\t\t\t\t<span class=\"elementor-toggle-icon-opened\"><i class=\"elementor-toggle-icon-opened fas fa-long-arrow-alt-up\"><\/i><\/span>\r\n\t\t\t\t\t\t\t\t\t\t\t\t\t<\/span>\r\n\t\t\t\t\t\t\t\t\t\t\t\t<a href=\"\" class=\"elementor-toggle-title\">Uhoney bal\u0131 nereden toplar?<\/a>\r\n\t\t\t\t\t<\/div>\r\n\r\n\t\t\t\t\t<div id=\"elementor-tab-content-1501\" class=\"elementor-tab-content elementor-clearfix\" data-tab=\"1\" role=\"tabpanel\" aria-labelledby=\"elementor-tab-title-1501\"><p>Uhoney, T\u00fcrkiye&#8217;nin d\u00f6rt bir yan\u0131ndaki \u00e7iftliklerimizden bal toplayarak farkl\u0131 \u00e7e\u015fitler ve tatlarda y\u00fcksek kaliteli ballar\u0131n \u00fcretilmesine sa\u011flar.<\/p><\/div>\r\n\t\t\t\t<\/div>\r\n\t\t\t\t\t\t\t<div class=\"elementor-toggle-item\">\r\n\t\t\t\t\t<div id=\"elementor-tab-title-1502\" class=\"elementor-tab-title\" data-tab=\"2\" role=\"tab\" aria-controls=\"elementor-tab-content-1502\" aria-expanded=\"false\">\r\n\t\t\t\t\t\t\t\t\t\t\t\t<span class=\"elementor-toggle-icon elementor-toggle-icon-left\" aria-hidden=\"true\">\r\n\t\t\t\t\t\t\t\t\t\t\t\t\t\t\t<span class=\"elementor-toggle-icon-closed\"><i class=\"fas fa-long-arrow-alt-down\"><\/i><\/span>\r\n\t\t\t\t\t\t\t\t<span class=\"elementor-toggle-icon-opened\"><i class=\"elementor-toggle-icon-opened fas fa-long-arrow-alt-up\"><\/i><\/span>\r\n\t\t\t\t\t\t\t\t\t\t\t\t\t<\/span>\r\n\t\t\t\t\t\t\t\t\t\t\t\t<a href=\"\" class=\"elementor-toggle-title\">Sevkiyat i\u00e7in paket tahmini haz\u0131rl\u0131k s\u00fcresi nedir?<\/a>\r\n\t\t\t\t\t<\/div>\r\n\r\n\t\t\t\t\t<div id=\"elementor-tab-content-1502\" class=\"elementor-tab-content elementor-clearfix\" data-tab=\"2\" role=\"tabpanel\" aria-labelledby=\"elementor-tab-title-1502\"><p>Normal durumlarda bir i\u015f g\u00fcn\u00fc s\u00fcrer, sipari\u015finizi verdi\u011finiz g\u00fcn g\u00f6ndeririz ancak tatil veya stok sorunlar\u0131 nedeniyle daha uzun (\u00fc\u00e7 g\u00fcne kadar) s\u00fcrebilece\u011fini s\u00f6ylemeliyiz.<\/p><\/div>\r\n\t\t\t\t<\/div>\r\n\t\t\t\t\t\t\t<div class=\"elementor-toggle-item\">\r\n\t\t\t\t\t<div id=\"elementor-tab-title-1503\" class=\"elementor-tab-title\" data-tab=\"3\" role=\"tab\" aria-controls=\"elementor-tab-content-1503\" aria-expanded=\"false\">\r\n\t\t\t\t\t\t\t\t\t\t\t\t<span class=\"elementor-toggle-icon elementor-toggle-icon-left\" aria-hidden=\"true\">\r\n\t\t\t\t\t\t\t\t\t\t\t\t\t\t\t<span class=\"elementor-toggle-icon-closed\"><i class=\"fas fa-long-arrow-alt-down\"><\/i><\/span>\r\n\t\t\t\t\t\t\t\t<span class=\"elementor-toggle-icon-opened\"><i class=\"elementor-toggle-icon-opened fas fa-long-arrow-alt-up\"><\/i><\/span>\r\n\t\t\t\t\t\t\t\t\t\t\t\t\t<\/span>\r\n\t\t\t\t\t\t\t\t\t\t\t\t<a href=\"\" class=\"elementor-toggle-title\">kargo \u00fccreti ne kadar<\/a>\r\n\t\t\t\t\t<\/div>\r\n\r\n\t\t\t\t\t<div id=\"elementor-tab-content-1503\" class=\"elementor-tab-content elementor-clearfix\" data-tab=\"3\" role=\"tabpanel\" aria-labelledby=\"elementor-tab-title-1503\"><p>kargoya \u00e7ok ciddiye al\u0131yoruz ve de\u011ferli e\u015fyalar\u0131n\u0131z\u0131n g\u00fcvenli ve zaman\u0131nda ula\u015fmas\u0131n\u0131 sa\u011flamak istiyoruz. Ve kargo \u00fccreti, sipari\u015flerinizin a\u011f\u0131rl\u0131\u011f\u0131na ve bulundu\u011funuz \u00fclkeye veya ile ba\u011fl\u0131d\u0131r. \u00d6deme sayfas\u0131nda sipari\u015finizi tamamlad\u0131\u011f\u0131n\u0131zda kargo \u00fccretiniz otomatik olarak hesaplan\u0131r.<\/p><\/div>\r\n\t\t\t\t<\/div>\r\n\t\t\t\t\t\t\t<div class=\"elementor-toggle-item\">\r\n\t\t\t\t\t<div id=\"elementor-tab-title-1504\" class=\"elementor-tab-title\" data-tab=\"4\" role=\"tab\" aria-controls=\"elementor-tab-content-1504\" aria-expanded=\"false\">\r\n\t\t\t\t\t\t\t\t\t\t\t\t<span class=\"elementor-toggle-icon elementor-toggle-icon-left\" aria-hidden=\"true\">\r\n\t\t\t\t\t\t\t\t\t\t\t\t\t\t\t<span class=\"elementor-toggle-icon-closed\"><i class=\"fas fa-long-arrow-alt-down\"><\/i><\/span>\r\n\t\t\t\t\t\t\t\t<span class=\"elementor-toggle-icon-opened\"><i class=\"elementor-toggle-icon-opened fas fa-long-arrow-alt-up\"><\/i><\/span>\r\n\t\t\t\t\t\t\t\t\t\t\t\t\t<\/span>\r\n\t\t\t\t\t\t\t\t\t\t\t\t<a href=\"\" class=\"elementor-toggle-title\">Bir Uhoney bayi nas\u0131l sahip olabilirim?<\/a>\r\n\t\t\t\t\t<\/div>\r\n\r\n\t\t\t\t\t<div id=\"elementor-tab-content-1504\" class=\"elementor-tab-content elementor-clearfix\" data-tab=\"4\" role=\"tabpanel\" aria-labelledby=\"elementor-tab-title-1504\"><p>\u00a0\u00dcr\u00fcnlerimizin bayili\u011fi alabilmek i\u00e7in sizden s\u0131n\u0131rl\u0131 adet talep etmek ve talep edilen \u00fclkede en k\u0131sa s\u00fcrede da\u011f\u0131t\u0131m\u0131n\u0131 yapmak ve ilk miktar\u0131n bir tondan az olmamas\u0131 \u015fart\u0131n\u0131 yerine getirmeniz gerekmektedir. \u00fcr\u00fcnlerimiz i\u00e7in bir bayi edinin. Daha fazla bilgi i\u00e7in bizimle ileti\u015fime ge\u00e7ebilirsiniz.<\/p><\/div>\r\n\t\t\t\t<\/div>\r\n\t\t\t\t\t\t\t\t<\/div>\r\n\t\t\t\t<\/div>\r\n\t\t\t\t<\/div>\r\n\t\t\t\t\t<\/div>\r\n\t\t<\/div>\r\n\t\t\t\t\t\t\t<\/div>\r\n\t\t<\/section>\r\n\t\t\t\t\t<\/div>\r\n\t\t<\/div>\r\n\t\t\t\t\t\t\t<\/div>\r\n\t\t<\/section>\r\n\t\t\t\t\t\t\t<\/div>\r\n\t\t","protected":false},"excerpt":{"rendered":"<p>EN \u00c7OK MERAK ED\u0130LEN SORULAR soru ve Cevaplar bal\u0131n tad\u0131 \u00c7e\u015fitten \u00c7e\u015fide De\u011fi\u015fiyor mu? Evet! Bal\u0131n tad\u0131 \u00e7e\u015fitten \u00e7e\u015fite biraz<\/p>\n","protected":false},"author":1,"featured_media":0,"parent":0,"menu_order":0,"comment_status":"closed","ping_status":"closed","template":"elementor_header_footer","meta":{"footnotes":""},"class_list":["post-13174","page","type-page","status-publish","hentry"],"_links":{"self":[{"href":"https:\/\/u-honey.com\/tr\/wp-json\/wp\/v2\/pages\/13174","targetHints":{"allow":["GET"]}}],"collection":[{"href":"https:\/\/u-honey.com\/tr\/wp-json\/wp\/v2\/pages"}],"about":[{"href":"https:\/\/u-honey.com\/tr\/wp-json\/wp\/v2\/types\/page"}],"author":[{"embeddable":true,"href":"https:\/\/u-honey.com\/tr\/wp-json\/wp\/v2\/users\/1"}],"replies":[{"embeddable":true,"href":"https:\/\/u-honey.com\/tr\/wp-json\/wp\/v2\/comments?post=13174"}],"version-history":[{"count":31,"href":"https:\/\/u-honey.com\/tr\/wp-json\/wp\/v2\/pages\/13174\/revisions"}],"predecessor-version":[{"id":13816,"href":"https:\/\/u-honey.com\/tr\/wp-json\/wp\/v2\/pages\/13174\/revisions\/13816"}],"wp:attachment":[{"href":"https:\/\/u-honey.com\/tr\/wp-json\/wp\/v2\/media?parent=13174"}],"curies":[{"name":"wp","href":"https:\/\/api.w.org\/{rel}","templated":true}]}}