{"id":13185,"date":"2022-04-29T11:03:15","date_gmt":"2022-04-29T11:03:15","guid":{"rendered":"https:\/\/uhoneytr.com\/?page_id=13185"},"modified":"2022-06-02T08:48:24","modified_gmt":"2022-06-02T08:48:24","slug":"sartlar-ve-kosullar","status":"publish","type":"page","link":"https:\/\/u-honey.com\/tr\/sartlar-ve-kosullar\/","title":{"rendered":"\u015eartlar ve Ko\u015fullar"},"content":{"rendered":"\t\t<div data-elementor-type=\"wp-page\" data-elementor-id=\"13185\" class=\"elementor elementor-13185\">\r\n\t\t\t\t\t\t\t\t\t<section class=\"elementor-section elementor-top-section elementor-element elementor-element-f6c52f3 elementor-section-boxed elementor-section-height-default elementor-section-height-default wd-section-disabled\" data-id=\"f6c52f3\" data-element_type=\"section\">\r\n\t\t\t\t\t\t<div class=\"elementor-container elementor-column-gap-default\">\r\n\t\t\t\t\t<div class=\"elementor-column elementor-col-100 elementor-top-column elementor-element elementor-element-13be7da\" data-id=\"13be7da\" data-element_type=\"column\">\r\n\t\t\t<div class=\"elementor-widget-wrap elementor-element-populated\">\r\n\t\t\t\t\t\t\t\t<div class=\"elementor-element elementor-element-3bb32da color-scheme-inherit text-left elementor-widget elementor-widget-text-editor\" data-id=\"3bb32da\" data-element_type=\"widget\" data-widget_type=\"text-editor.default\">\r\n\t\t\t\t<div class=\"elementor-widget-container\">\r\n\t\t\t<style>\/*! elementor - v3.6.5 - 27-04-2022 *\/\r\n.elementor-widget-text-editor.elementor-drop-cap-view-stacked .elementor-drop-cap{background-color:#818a91;color:#fff}.elementor-widget-text-editor.elementor-drop-cap-view-framed .elementor-drop-cap{color:#818a91;border:3px solid;background-color:transparent}.elementor-widget-text-editor:not(.elementor-drop-cap-view-default) .elementor-drop-cap{margin-top:8px}.elementor-widget-text-editor:not(.elementor-drop-cap-view-default) .elementor-drop-cap-letter{width:1em;height:1em}.elementor-widget-text-editor .elementor-drop-cap{float:right;text-align:center;line-height:1;font-size:50px}.elementor-widget-text-editor .elementor-drop-cap-letter{display:inline-block}<\/style>\t\t\t\t<p style=\"text-align: left;\"><span style=\"color: #cc9900;\"><strong>Web Sitesini Kullan\u0131m Ko\u015fullar\u0131<\/strong><\/span><\/p><p style=\"text-align: left;\">Uhoney siteye aboneli\u011finiz, siteyi kullan\u0131m\u0131n\u0131z, site arac\u0131l\u0131\u011f\u0131yla sat\u0131n al\u0131nan \u00fcr\u00fcnleri sat\u0131n alman\u0131z ve kullan\u0131m\u0131n\u0131z bu Kullan\u0131m ve Hizmet \u015eart ve Ko\u015fullar\u0131na (&#8220;Kullan\u0131m ve Hizmet \u015eartlar\u0131&#8221;) tabidir.<\/p><p style=\"text-align: left;\">Bu web sitesini kullanman\u0131z, Kullan\u0131m Ko\u015fullar\u0131 ve Hizmet Ko\u015fullar\u0131n\u0131 uygulama ve bunlara ba\u011fl\u0131 kalma s\u00f6zle\u015fmenizi olu\u015fturur. Kullan\u0131m Ko\u015fullar\u0131n\u0131 ve Hizmeti herhangi bir zamanda bildirimde bulunmaks\u0131z\u0131n g\u00fcncelleme veya de\u011fi\u015ftirme hakk\u0131n\u0131 sakl\u0131 tutar\u0131z. Bu nedenle, sizi bu web sitesini her ziyaret etti\u011finizde Kullan\u0131m Ko\u015fullar\u0131n\u0131 ve Hizmet Ko\u015fullar\u0131n\u0131 incelemeye davet ediyoruz. Bu \u015fartlar\u0131 kabul etmiyorsan\u0131z, l\u00fctfen bu web sitesini kullanmay\u0131n.<\/p><p style=\"text-align: left;\">Bu sitede \u00fcyeli\u011finizi olu\u015fturarak veya site arac\u0131l\u0131\u011f\u0131yla \u00fcr\u00fcnleri kullanarak \u015funlar\u0131 kabul ve beyan etmektesiniz:<\/p><p style=\"text-align: left;\"><span style=\"color: #cc9900;\"><strong>Genel Ko\u015fullar<\/strong><\/span><\/p><p style=\"text-align: left;\">(a) En az 18 ya\u015f\u0131ndaysan\u0131z.<\/p><p style=\"text-align: left;\">(b) Ba\u011flay\u0131c\u0131 bir s\u00f6zle\u015fme yapmak i\u00e7in yasal ya\u015ftaysan\u0131z.<\/p><p style=\"text-align: left;\">(c) Yerel yarg\u0131 yetkisi kapsam\u0131nda s\u00f6zle\u015fme yapmaktan men edilmi\u015f bir ki\u015fi de\u011filsiniz.<\/p><p style=\"text-align: left;\">Uhoney siteye \u00fcyeli\u011finizi kurup kullanmal\u0131 ve site \u00fczerinden sunulan \u00fcr\u00fcnleri bu Kullan\u0131m ve Hizmet Ko\u015fullar\u0131na ve y\u00fcr\u00fcrl\u00fckteki t\u00fcm kanun, kural ve y\u00f6netmeliklere (topluca \u201cKanunlar\u201d) tam olarak uyarak sat\u0131n almal\u0131 ve kullanmal\u0131s\u0131n\u0131z. Sizinle Uhoney aras\u0131ndaki t\u00fcm ileti\u015fimler, e-postalar ve di\u011fer ileti\u015fimler kaydedilebilir.<\/p><p style=\"text-align: left;\"><span style=\"color: #cc9900;\"><strong>Uhoney&#8217;e \u00dcyelik<\/strong><\/span><\/p><p style=\"text-align: left;\">\u00dcyelik kurulumu<\/p><p style=\"text-align: left;\">Siteye \u00fcye olabilirsiniz.<\/p><p style=\"text-align: left;\">(1) Bu Kullan\u0131m ve Hizmet Ko\u015fullar\u0131n\u0131 kabul etti\u011finizi belirtirsiniz<\/p><p style=\"text-align: left;\">(2) \u0130leti\u015fim bilgilerinizi ve verilerinizi sa\u011flay\u0131n<\/p><p style=\"text-align: left;\">(3) Kay\u0131t s\u00fcrecinin bir par\u00e7as\u0131 olarak Uhoney taraf\u0131ndan istenen her t\u00fcrl\u00fc belgeyi sa\u011flay\u0131n.<\/p><p style=\"text-align: left;\">Hesab\u0131n\u0131z veya \u015fifreniz alt\u0131nda ger\u00e7ekle\u015fen t\u00fcm faaliyetler i\u00e7in her sorumlulu\u011fu kabul edece\u011finizi, ayr\u0131ca hesab\u0131n\u0131z\u0131n ve \u015fifrenizin gizlili\u011fini korumaktan ve hesab\u0131n\u0131za \u00fc\u00e7\u00fcnc\u00fc \u015fah\u0131slar\u0131n eri\u015fimine k\u0131s\u0131tlamalar getirmekten tamamen sizin sorumlu oldu\u011funuzu belirtmelisiniz.<\/p><p style=\"text-align: left;\"><span style=\"color: #cc9900;\"><strong>\u00dcyelik Kullan\u0131m\u0131<\/strong><\/span><\/p><p style=\"text-align: left;\">Uhoney \u00fcyeli\u011finizi hileli veya uygunsuz ama\u00e7larla veya Uhoney ile rekabet edebilecek herhangi bir ama\u00e7 i\u00e7in kullanamazs\u0131n\u0131z. Uhoney \u00fcyeli\u011finizin veya Uhoney sitesinin haberdar oldu\u011funuz herhangi bir yetkisiz kullan\u0131m\u0131n\u0131 [contact@uhoneytr.com] e-posta yoluyla do\u011frudan Uhoney&#8217;e bildirmelisiniz. Uhoney, herhangi bir ki\u015finin bu siteye kayd\u0131n\u0131 reddetme veya iptal etme, herhangi bir ki\u015fiyi siteden \u00e7\u0131karma veya herhangi bir nedenle herhangi bir ki\u015finin siteyi kullanmas\u0131n\u0131 engelleme hakk\u0131n\u0131 sakl\u0131 tutar ve herhangi bir ki\u015finin siteyi herhangi bir nedenle veya herhangi bir nedenle kullanmas\u0131n\u0131 s\u0131n\u0131rland\u0131rabilir veya sona erdirebilir. Siteyi kullan\u0131m\u0131n\u0131z\u0131 herhangi bir zamanda \u00f6nceden haber vermeksizin s\u0131n\u0131rland\u0131rabilir veya sonland\u0131rabilirsiniz. Uhoney, bu sitede bulunan i\u00e7eri\u011fi kullan\u0131m\u0131n\u0131z\u0131n Uhoney ile ba\u011flant\u0131l\u0131 olmayan \u00fc\u00e7\u00fcnc\u00fc \u015fah\u0131slar\u0131n haklar\u0131n\u0131 ihlal etmeyece\u011fini garanti etmez veya beyan etmez.<\/p><p style=\"text-align: left;\"><span style=\"color: #cc9900;\"><strong>\u00dcyelik Sonland\u0131rma<\/strong><\/span><\/p><p style=\"text-align: left;\"><strong>Uhoney \u00fcyeli\u011finizi sonland\u0131rabilir ve bu web sitesinin mevcut veya gelecekteki t\u00fcm kullan\u0131m\u0131n\u0131 reddedebilir misiniz?<\/strong><\/p><p style=\"text-align: left;\">(a) Ge\u00e7erli yasalara uymak i\u00e7in<\/p><p style=\"text-align: left;\">(b) Uhoney&#8217;e tamamen kendi takdirine ba\u011fl\u0131 olarak do\u011fru olmayan, yanl\u0131\u015f, g\u00fcncel veya eksik olarak kabul etti\u011fi bilgileri (veya bilgilerin yanl\u0131\u015f, yanl\u0131\u015f, g\u00fcncel veya eksik hale gelmesi durumunda) veya<\/p><p style=\"text-align: left;\">(c) Uhoney&#8217;nin kendi takdirine ba\u011fl\u0131 olarak, Uhoney sitesi \u00fcyeli\u011finizi bu Kullan\u0131m ve Hizmet Ko\u015fullar\u0131n\u0131 ihlal ederek kulland\u0131\u011f\u0131n\u0131z\u0131 d\u00fc\u015f\u00fcnmesi durumunda.<\/p><p style=\"text-align: left;\">(d) Uhoney&#8217;nin kendi takdirine ba\u011fl\u0131 olarak uygun g\u00f6rd\u00fc\u011f\u00fc di\u011fer durumlarda.<\/p><p style=\"text-align: left;\"><span style=\"color: #cc9900;\"><strong>Sat\u0131n Alma \u0130\u015flemleri<\/strong><\/span><\/p><p style=\"text-align: left;\"><strong>\u0130stekler<\/strong><\/p><p style=\"text-align: left;\">Uhoney, kendi takdirine ba\u011fl\u0131 olarak, \u00f6rne\u011fin herhangi bir s\u0131n\u0131rlama olmaks\u0131z\u0131n, sat\u0131n almak istedi\u011finiz \u00fcr\u00fcn\u00fcn mevcut olmamas\u0131, \u00fcr\u00fcn\u00fcn yanl\u0131\u015f fiyatland\u0131r\u0131lmas\u0131, sipari\u015fin hatal\u0131 oldu\u011funun anla\u015f\u0131lmas\u0131 gibi belirli durumlarda sipari\u015finizi kabul etmemeyi veya iptal etmeyi se\u00e7ebilir. hileli veya Uhoney&#8217;nin kendi takdirine ba\u011fl\u0131 olarak uygun g\u00f6rd\u00fc\u011f\u00fc di\u011fer durumlarda ayr\u0131ca sipari\u015finizi kabul edip kimli\u011finizi do\u011frulamak i\u00e7in ad\u0131mlar atma hakk\u0131n\u0131 sakl\u0131 tutar ve kabul edilmeyen veya iptal edilen sipari\u015fler i\u00e7in \u00f6deme yaparsan\u0131z Uhoney \u00fccretleri iade eder.<\/p><p style=\"text-align: left;\"><span style=\"color: #cc9900;\"><strong>\u00dcr\u00fcn A\u00e7\u0131klamas\u0131<\/strong><\/span><\/p><p style=\"text-align: left;\">Uhoney, bu web sitesinde g\u00f6r\u00fcnt\u00fclenen \u00fcr\u00fcnlerin do\u011fru bir tan\u0131m\u0131n\u0131 sa\u011flamaya \u00f6zen g\u00f6sterir. Ancak Uhoney, bu t\u00fcr a\u00e7\u0131klamalar\u0131n do\u011fru, eksiksiz, g\u00fcvenilir, g\u00fcncel veya hatas\u0131z olaca\u011f\u0131n\u0131 garanti etmez.<\/p><p style=\"text-align: left;\"><span style=\"color: #cc9900;\"><strong>Fiyatland\u0131rma Bilgisi<\/strong><\/span><\/p><p style=\"text-align: left;\">Uhoney, sitede bulunan \u00fcr\u00fcn ve hizmetler i\u00e7in do\u011fru fiyat bilgisi sa\u011flamaya \u00e7al\u0131\u015fmaktad\u0131r. Ancak fiyatland\u0131rman\u0131n do\u011frulu\u011funu garanti edemeyiz. Uhoney, tamamen kendi takdirine ba\u011fl\u0131 olarak, site \u00fczerinden hatal\u0131 fiyatland\u0131r\u0131lm\u0131\u015f \u00fcr\u00fcn veya hizmetler i\u00e7in verilen sipari\u015fleri bir hata sonucunda kabul etmeme veya iptal etme hakk\u0131n\u0131 sakl\u0131 tutar. B\u00f6yle bir durumda, Uhoney e-posta yoluyla bu y\u00f6nde bir bildirim g\u00f6nderecektir. Ek olarak, Uhoney, tamamen kendi takdirine ba\u011fl\u0131 olarak, hatay\u0131 izin verilen tam fiyat \u00fczerinden d\u00fczeltme hakk\u0131n\u0131 da sakl\u0131 tutar.<\/p><p style=\"text-align: left;\"><span style=\"color: #cc9900;\"><strong>\u00dcr\u00fcn Bulunabilirli\u011fi<\/strong><\/span><\/p><p style=\"text-align: left;\">Uhoney web sitesi, \u00fcr\u00fcn sto\u011fu ile ilgili bilgiler i\u00e7erir. Bu bilgiler, sipari\u015finizi verdikten hemen sonra \u00fcr\u00fcn\u00fcn kargoya verilme olas\u0131l\u0131\u011f\u0131n\u0131 tahmin etmek i\u00e7in kullan\u0131labilir. Maalesef, Uhoney, kullan\u0131labilirlik olarak listelenen bir \u00fcr\u00fcn\u00fcn, g\u00fcnl\u00fck olarak ve mevcut miktarlarda \u00f6nemli \u00f6l\u00e7\u00fcde de\u011fi\u015fti\u011fi i\u00e7in hemen sevkiyata haz\u0131r olaca\u011f\u0131n\u0131 garanti edemez. Birka\u00e7 durumda, \u00fcr\u00fcn sipari\u015f verildi\u011finde mevcut olabilir, ancak Uhoney sipari\u015fi kabul etmeye devam etti\u011finde kullan\u0131lamaz hale gelebilir. B\u00f6yle bir durumda Uhoney sizi e-posta ile bilgilendirecektir.<\/p><p style=\"text-align: left;\"><span style=\"color: #cc9900;\"><strong>Kargo ve Teslimatlar<\/strong><\/span><\/p><p style=\"text-align: left;\">Verilen t\u00fcm sipari\u015fler, T\u00fcrkiye d\u0131\u015f\u0131nda Aramex ve T\u00fcrkiye i\u00e7inde YURT\u0130\u00c7\u0130 KARGO ile sevk edilecektir. Tan\u0131nm\u0131\u015f nakliye \u015firketleri ile \u00e7al\u0131\u015fmaktan mutluluk duyuyoruz, b\u00f6ylece m\u00fc\u015fterilerimizin sipari\u015flerini sa\u011flam ve birka\u00e7 g\u00fcn i\u00e7inde teslim ediyoruz.<\/p><p style=\"text-align: left;\"><span style=\"color: #cc9900;\"><strong>Teslimat Zamanlar\u0131<\/strong><\/span><\/p><p style=\"text-align: left;\">Tahmini teslimat s\u00fcreleri bulundu\u011funuz yere ba\u011fl\u0131d\u0131r ve yurti\u00e7i nakliye i\u00e7in 1 ila 5 g\u00fcn aras\u0131nda yurtd\u0131\u015f\u0131 sevkiyat i\u00e7inse 5 ile 21 g\u00fcn aras\u0131nda de\u011fi\u015fiyor.<\/p><p style=\"text-align: left;\"><span style=\"color: #cc9900;\"><strong>Sipari\u015fimi \u0130ptal Edebilir miyim?<\/strong><\/span><\/p><p style=\"text-align: left;\">24 saat i\u00e7inde sipari\u015finizi iptal edebilirsiniz. Sipari\u015finizi kargoya verildikten sonra iptal edemez veya de\u011fi\u015ftiremeyiz.<\/p><p style=\"text-align: left;\">Daha fazla bilgi i\u00e7in l\u00fctfen \u0130ade Politikam\u0131za bak\u0131n.<\/p><p style=\"text-align: left;\"><span style=\"color: #cc9900;\"><strong>Sipari\u015f Verdikten Sonra Teslimat Adresimi De\u011fi\u015ftirebilir miyim?<\/strong><\/span><\/p><p style=\"text-align: left;\">Sipari\u015finiz g\u00f6nderildikten sonra teslimat adresiniz veya \u00f6deme y\u00f6nteminiz dahil olmak \u00fczere sipari\u015finizin hi\u00e7bir b\u00f6l\u00fcm\u00fcn\u00fc iptal edemez veya de\u011fi\u015ftiremeyiz.<\/p><p style=\"text-align: left;\"><span style=\"color: #cc9900;\"><strong>Vergiler ve \u00dccretler<\/strong><\/span><\/p><p style=\"text-align: left;\">Ge\u00e7erli t\u00fcm g\u00fcmr\u00fck vergileri, vergiler ve har\u00e7lar m\u00fc\u015fterinin sorumlulu\u011fundad\u0131r. Yetkililer, sipari\u015finizin de\u011ferini do\u011frudan g\u00f6nderinizin \u00fczerinde belirtmemizi \u015fart ko\u015fuyor.<\/p><p style=\"text-align: left;\">L\u00fctfen dikkat: Ulusal kurallar\u0131na g\u00f6re, baz\u0131 \u00fclkeler b\u00fcy\u00fck miktarlarda g\u0131da \u00fcr\u00fcnleri i\u00e7in ek belgeler talep edebilir. Bu y\u00fczden l\u00fctfen sipari\u015f vermeden \u00f6nce \u00fclkenizin g\u00fcmr\u00fck kurallar\u0131 hakk\u0131nda yerel bir ara\u015ft\u0131rma yap\u0131n.<\/p>\t\t\t\t\t\t<\/div>\r\n\t\t\t\t<\/div>\r\n\t\t\t\t\t<\/div>\r\n\t\t<\/div>\r\n\t\t\t\t\t\t\t<\/div>\r\n\t\t<\/section>\r\n\t\t\t\t\t\t\t<\/div>\r\n\t\t","protected":false},"excerpt":{"rendered":"<p>Web Sitesini Kullan\u0131m Ko\u015fullar\u0131 Uhoney siteye aboneli\u011finiz, siteyi kullan\u0131m\u0131n\u0131z, site arac\u0131l\u0131\u011f\u0131yla sat\u0131n al\u0131nan \u00fcr\u00fcnleri sat\u0131n alman\u0131z ve kullan\u0131m\u0131n\u0131z bu Kullan\u0131m<\/p>\n","protected":false},"author":1,"featured_media":0,"parent":0,"menu_order":0,"comment_status":"closed","ping_status":"closed","template":"elementor_header_footer","meta":{"footnotes":""},"class_list":["post-13185","page","type-page","status-publish","hentry"],"_links":{"self":[{"href":"https:\/\/u-honey.com\/tr\/wp-json\/wp\/v2\/pages\/13185","targetHints":{"allow":["GET"]}}],"collection":[{"href":"https:\/\/u-honey.com\/tr\/wp-json\/wp\/v2\/pages"}],"about":[{"href":"https:\/\/u-honey.com\/tr\/wp-json\/wp\/v2\/types\/page"}],"author":[{"embeddable":true,"href":"https:\/\/u-honey.com\/tr\/wp-json\/wp\/v2\/users\/1"}],"replies":[{"embeddable":true,"href":"https:\/\/u-honey.com\/tr\/wp-json\/wp\/v2\/comments?post=13185"}],"version-history":[{"count":20,"href":"https:\/\/u-honey.com\/tr\/wp-json\/wp\/v2\/pages\/13185\/revisions"}],"predecessor-version":[{"id":13710,"href":"https:\/\/u-honey.com\/tr\/wp-json\/wp\/v2\/pages\/13185\/revisions\/13710"}],"wp:attachment":[{"href":"https:\/\/u-honey.com\/tr\/wp-json\/wp\/v2\/media?parent=13185"}],"curies":[{"name":"wp","href":"https:\/\/api.w.org\/{rel}","templated":true}]}}