{"id":13198,"date":"2022-04-29T12:37:02","date_gmt":"2022-04-29T12:37:02","guid":{"rendered":"https:\/\/uhoneytr.com\/biz-kimiz\/"},"modified":"2022-06-06T12:55:05","modified_gmt":"2022-06-06T12:55:05","slug":"biz-kimiz","status":"publish","type":"page","link":"https:\/\/u-honey.com\/tr\/biz-kimiz\/","title":{"rendered":"Biz Kimiz"},"content":{"rendered":"\t\t<div data-elementor-type=\"wp-page\" data-elementor-id=\"13198\" class=\"elementor elementor-13198\">\r\n\t\t\t\t\t\t\t\t\t<section class=\"elementor-section elementor-top-section elementor-element elementor-element-bdd7eea elementor-section-boxed elementor-section-height-default elementor-section-height-default wd-section-disabled\" data-id=\"bdd7eea\" data-element_type=\"section\">\r\n\t\t\t\t\t\t<div class=\"elementor-container elementor-column-gap-default\">\r\n\t\t\t\t\t<div class=\"elementor-column elementor-col-50 elementor-top-column elementor-element elementor-element-4c22f26\" data-id=\"4c22f26\" data-element_type=\"column\">\r\n\t\t\t<div class=\"elementor-widget-wrap elementor-element-populated\">\r\n\t\t\t\t\t\t\t\t<div class=\"elementor-element elementor-element-f29cb38 elementor-widget elementor-widget-image\" data-id=\"f29cb38\" data-element_type=\"widget\" data-widget_type=\"image.default\">\r\n\t\t\t\t<div class=\"elementor-widget-container\">\r\n\t\t\t<style>\/*! elementor - v3.6.5 - 27-04-2022 *\/\r\n.elementor-widget-image{text-align:center}.elementor-widget-image a{display:inline-block}.elementor-widget-image a img[src$=\".svg\"]{width:48px}.elementor-widget-image img{vertical-align:middle;display:inline-block}<\/style>\t\t\t\t\t\t\t\t\t\t\t\t<img loading=\"lazy\" decoding=\"async\" width=\"497\" height=\"125\" src=\"https:\/\/u-honey.com\/wp-content\/themes\/woodmart\/images\/lazy.png\" class=\"attachment-large size-large wd-lazy-load woodmart-lazy-load wd-lazy-fade\" alt=\"\" srcset=\"\" sizes=\"auto, (max-width: 497px) 100vw, 497px\" data-wood-src=\"https:\/\/u-honey.com\/wp-content\/uploads\/2021\/12\/uhoneyogo-2.png\" data-srcset=\"https:\/\/u-honey.com\/wp-content\/uploads\/2021\/12\/uhoneyogo-2.png 497w, https:\/\/u-honey.com\/wp-content\/uploads\/2021\/12\/uhoneyogo-2-400x101.png 400w, https:\/\/u-honey.com\/wp-content\/uploads\/2021\/12\/uhoneyogo-2-430x108.png 430w, https:\/\/u-honey.com\/wp-content\/uploads\/2021\/12\/uhoneyogo-2-150x38.png 150w\" \/>\t\t\t\t\t\t\t\t\t\t\t\t\t\t\t<\/div>\r\n\t\t\t\t<\/div>\r\n\t\t\t\t\t<\/div>\r\n\t\t<\/div>\r\n\t\t\t\t<div class=\"elementor-column elementor-col-50 elementor-top-column elementor-element elementor-element-8c22224\" data-id=\"8c22224\" data-element_type=\"column\">\r\n\t\t\t<div class=\"elementor-widget-wrap elementor-element-populated\">\r\n\t\t\t\t\t\t\t\t<div class=\"elementor-element elementor-element-f346425 color-scheme-inherit text-left elementor-widget elementor-widget-text-editor\" data-id=\"f346425\" data-element_type=\"widget\" data-widget_type=\"text-editor.default\">\r\n\t\t\t\t<div class=\"elementor-widget-container\">\r\n\t\t\t<style>\/*! elementor - v3.6.5 - 27-04-2022 *\/\r\n.elementor-widget-text-editor.elementor-drop-cap-view-stacked .elementor-drop-cap{background-color:#818a91;color:#fff}.elementor-widget-text-editor.elementor-drop-cap-view-framed .elementor-drop-cap{color:#818a91;border:3px solid;background-color:transparent}.elementor-widget-text-editor:not(.elementor-drop-cap-view-default) .elementor-drop-cap{margin-top:8px}.elementor-widget-text-editor:not(.elementor-drop-cap-view-default) .elementor-drop-cap-letter{width:1em;height:1em}.elementor-widget-text-editor .elementor-drop-cap{float:right;text-align:center;line-height:1;font-size:50px}.elementor-widget-text-editor .elementor-drop-cap-letter{display:inline-block}<\/style>\t\t\t\t<p>&nbsp;Uhoney Company, d\u00fcnyan\u0131n en b\u00fcy\u00fck ikinci bal \u00fcreticisi olan \u0130stanbul &#8211; T\u00fcrkiye&#8217;de kuruldu. Do\u011fal T\u00fcrk bal\u0131 ve di\u011fer ar\u0131 \u00fcr\u00fcnlerinin en iyi \u00fcreticilerinden biridir. \u00c7\u00fcnk\u00fc \u00fcr\u00fcnlerimizin tamam\u0131&nbsp;<span style=\"font-size: 15px\">T\u00fcrk resmi makamlar\u0131nca inceleme ve onaya tabidir. \u015eirket, ISO 90001\/2015 ve ISO 22000\/2018 sertifikal\u0131d\u0131r.&nbsp;<\/span><\/p>\t\t\t\t\t\t<\/div>\r\n\t\t\t\t<\/div>\r\n\t\t\t\t\t<\/div>\r\n\t\t<\/div>\r\n\t\t\t\t\t\t\t<\/div>\r\n\t\t<\/section>\r\n\t\t\t\t<section class=\"elementor-section elementor-top-section elementor-element elementor-element-d53f383 elementor-section-boxed elementor-section-height-default elementor-section-height-default wd-section-disabled\" data-id=\"d53f383\" data-element_type=\"section\">\r\n\t\t\t\t\t\t<div class=\"elementor-container elementor-column-gap-default\">\r\n\t\t\t\t\t<div class=\"elementor-column elementor-col-100 elementor-top-column elementor-element elementor-element-9d9aa13\" data-id=\"9d9aa13\" data-element_type=\"column\">\r\n\t\t\t<div class=\"elementor-widget-wrap elementor-element-populated\">\r\n\t\t\t\t\t\t\t\t<section class=\"elementor-section elementor-inner-section elementor-element elementor-element-05853c9 elementor-section-boxed elementor-section-height-default elementor-section-height-default wd-section-disabled\" data-id=\"05853c9\" data-element_type=\"section\">\r\n\t\t\t\t\t\t<div class=\"elementor-container elementor-column-gap-default\">\r\n\t\t\t\t\t<div class=\"elementor-column elementor-col-50 elementor-inner-column elementor-element elementor-element-20d7777\" data-id=\"20d7777\" data-element_type=\"column\">\r\n\t\t\t<div class=\"elementor-widget-wrap elementor-element-populated\">\r\n\t\t\t\t\t\t\t\t<div class=\"elementor-element elementor-element-922cea9 elementor-widget elementor-widget-image\" data-id=\"922cea9\" data-element_type=\"widget\" data-widget_type=\"image.default\">\r\n\t\t\t\t<div class=\"elementor-widget-container\">\r\n\t\t\t\t\t\t\t\t\t\t\t\t\t\t\t<img loading=\"lazy\" decoding=\"async\" width=\"210\" height=\"215\" src=\"https:\/\/u-honey.com\/wp-content\/themes\/woodmart\/images\/lazy.png\" class=\"attachment-full size-full wd-lazy-load woodmart-lazy-load wd-lazy-fade\" alt=\"\" srcset=\"\" sizes=\"auto, (max-width: 210px) 100vw, 210px\" data-wood-src=\"https:\/\/u-honey.com\/wp-content\/uploads\/2021\/12\/uhoney2-2.png\" data-srcset=\"https:\/\/u-honey.com\/wp-content\/uploads\/2021\/12\/uhoney2-2.png 210w, https:\/\/u-honey.com\/wp-content\/uploads\/2021\/12\/uhoney2-2-150x154.png 150w\" \/>\t\t\t\t\t\t\t\t\t\t\t\t\t\t\t<\/div>\r\n\t\t\t\t<\/div>\r\n\t\t\t\t\t<\/div>\r\n\t\t<\/div>\r\n\t\t\t\t<div class=\"elementor-column elementor-col-50 elementor-inner-column elementor-element elementor-element-b006754\" data-id=\"b006754\" data-element_type=\"column\">\r\n\t\t\t<div class=\"elementor-widget-wrap elementor-element-populated\">\r\n\t\t\t\t\t\t\t\t<div class=\"elementor-element elementor-element-6f0c7e4 elementor-widget elementor-widget-wd_title\" data-id=\"6f0c7e4\" data-element_type=\"widget\" data-widget_type=\"wd_title.default\">\r\n\t\t\t\t<div class=\"elementor-widget-container\">\r\n\t\t\t\t\t<div class=\"title-wrapper set-mb-s reset-last-child wd-title-color-default wd-title-style-default wd-title-size-default text-left\">\r\n\r\n\t\t\t\t\t\t\t<div class=\"title-subtitle subtitle-color-default subtitle-style-default wd-fontsize-xs\">\r\n\t\t\t\t\t<br>Sorunsuz \u00e7al\u0131\u015f\u0131yoruz\t\t\t\t<\/div>\r\n\t\t\t\r\n\t\t\t<div class=\"liner-continer\">\r\n\t\t\t\t<h4 class=\"woodmart-title-container title wd-fontsize-l\">Vizyonumuz :<\/h4> \r\n\t\t\t\t\t\t\t<\/div>\r\n\r\n\t\t\t\t\t\t\t<div class=\"title-after_title set-cont-mb-s reset-last-child wd-fontsize-xs\">\r\n\t\t\t\t\t<p> \u015eirket, hakiki bal ve di\u011fer ar\u0131 \u00fcr\u00fcnlerinin \u00fcretiminde ilk T\u00fcrk firmalar\u0131 aras\u0131nda yer almay\u0131 hedeflemektedir.<\/p>\t\t\t\t<\/div>\r\n\t\t\t\t\t<\/div>\r\n\t\t\t\t<\/div>\r\n\t\t\t\t<\/div>\r\n\t\t\t\t\t<\/div>\r\n\t\t<\/div>\r\n\t\t\t\t\t\t\t<\/div>\r\n\t\t<\/section>\r\n\t\t\t\t<section class=\"elementor-section elementor-inner-section elementor-element elementor-element-e8b9b6c elementor-section-boxed elementor-section-height-default elementor-section-height-default wd-section-disabled\" data-id=\"e8b9b6c\" data-element_type=\"section\">\r\n\t\t\t\t\t\t<div class=\"elementor-container elementor-column-gap-default\">\r\n\t\t\t\t\t<div class=\"elementor-column elementor-col-50 elementor-inner-column elementor-element elementor-element-476ecea\" data-id=\"476ecea\" data-element_type=\"column\">\r\n\t\t\t<div class=\"elementor-widget-wrap elementor-element-populated\">\r\n\t\t\t\t\t\t\t\t<div class=\"elementor-element elementor-element-3624e12 elementor-widget elementor-widget-image\" data-id=\"3624e12\" data-element_type=\"widget\" data-widget_type=\"image.default\">\r\n\t\t\t\t<div class=\"elementor-widget-container\">\r\n\t\t\t\t\t\t\t\t\t\t\t\t\t\t\t<img loading=\"lazy\" decoding=\"async\" width=\"210\" height=\"215\" src=\"https:\/\/u-honey.com\/wp-content\/themes\/woodmart\/images\/lazy.png\" class=\"attachment-full size-full wd-lazy-load woodmart-lazy-load wd-lazy-fade\" alt=\"\" srcset=\"\" sizes=\"auto, (max-width: 210px) 100vw, 210px\" data-wood-src=\"https:\/\/u-honey.com\/wp-content\/uploads\/2021\/12\/uhoney-2.png\" data-srcset=\"https:\/\/u-honey.com\/wp-content\/uploads\/2021\/12\/uhoney-2.png 210w, https:\/\/u-honey.com\/wp-content\/uploads\/2021\/12\/uhoney-2-150x154.png 150w\" \/>\t\t\t\t\t\t\t\t\t\t\t\t\t\t\t<\/div>\r\n\t\t\t\t<\/div>\r\n\t\t\t\t\t<\/div>\r\n\t\t<\/div>\r\n\t\t\t\t<div class=\"elementor-column elementor-col-50 elementor-inner-column elementor-element elementor-element-29ce779\" data-id=\"29ce779\" data-element_type=\"column\">\r\n\t\t\t<div class=\"elementor-widget-wrap elementor-element-populated\">\r\n\t\t\t\t\t\t\t\t<div class=\"elementor-element elementor-element-66ec11b elementor-widget elementor-widget-wd_title\" data-id=\"66ec11b\" data-element_type=\"widget\" data-widget_type=\"wd_title.default\">\r\n\t\t\t\t<div class=\"elementor-widget-container\">\r\n\t\t\t\t\t<div class=\"title-wrapper set-mb-s reset-last-child wd-title-color-default wd-title-style-default wd-title-size-default text-left\">\r\n\r\n\t\t\t\t\t\t\t<div class=\"title-subtitle subtitle-color-default subtitle-style-default wd-fontsize-xs\">\r\n\t\t\t\t\t<br>Bal\u0131n Gelece\u011fi\t\t\t\t<\/div>\r\n\t\t\t\r\n\t\t\t<div class=\"liner-continer\">\r\n\t\t\t\t<h4 class=\"woodmart-title-container title wd-fontsize-l\">Mesaj\u0131m\u0131z : <\/h4> \r\n\t\t\t\t\t\t\t<\/div>\r\n\r\n\t\t\t\t\t\t\t<div class=\"title-after_title set-cont-mb-s reset-last-child wd-fontsize-xs\">\r\n\t\t\t\t\t<p>T\u00fcrk bal ve ar\u0131 \u00fcr\u00fcnlerinin en iyi \u00e7e\u015fitlerini en y\u00fcksek kalitede ve en uygun fiyata sunmak.<\/p>\t\t\t\t<\/div>\r\n\t\t\t\t\t<\/div>\r\n\t\t\t\t<\/div>\r\n\t\t\t\t<\/div>\r\n\t\t\t\t\t<\/div>\r\n\t\t<\/div>\r\n\t\t\t\t\t\t\t<\/div>\r\n\t\t<\/section>\r\n\t\t\t\t<section class=\"elementor-section elementor-inner-section elementor-element elementor-element-734ae3e elementor-section-boxed elementor-section-height-default elementor-section-height-default wd-section-disabled\" data-id=\"734ae3e\" data-element_type=\"section\">\r\n\t\t\t\t\t\t<div class=\"elementor-container elementor-column-gap-default\">\r\n\t\t\t\t\t<div class=\"elementor-column elementor-col-50 elementor-inner-column elementor-element elementor-element-d4d10c7\" data-id=\"d4d10c7\" data-element_type=\"column\">\r\n\t\t\t<div class=\"elementor-widget-wrap elementor-element-populated\">\r\n\t\t\t\t\t\t\t\t<div class=\"elementor-element elementor-element-34d7022 elementor-widget elementor-widget-image\" data-id=\"34d7022\" data-element_type=\"widget\" data-widget_type=\"image.default\">\r\n\t\t\t\t<div class=\"elementor-widget-container\">\r\n\t\t\t\t\t\t\t\t\t\t\t\t\t\t\t<img loading=\"lazy\" decoding=\"async\" width=\"210\" height=\"215\" src=\"https:\/\/u-honey.com\/wp-content\/themes\/woodmart\/images\/lazy.png\" class=\"attachment-full size-full wd-lazy-load woodmart-lazy-load wd-lazy-fade\" alt=\"\" srcset=\"\" sizes=\"auto, (max-width: 210px) 100vw, 210px\" data-wood-src=\"https:\/\/u-honey.com\/wp-content\/uploads\/2021\/12\/uhoney3-2.png\" data-srcset=\"https:\/\/u-honey.com\/wp-content\/uploads\/2021\/12\/uhoney3-2.png 210w, https:\/\/u-honey.com\/wp-content\/uploads\/2021\/12\/uhoney3-2-150x154.png 150w\" \/>\t\t\t\t\t\t\t\t\t\t\t\t\t\t\t<\/div>\r\n\t\t\t\t<\/div>\r\n\t\t\t\t\t<\/div>\r\n\t\t<\/div>\r\n\t\t\t\t<div class=\"elementor-column elementor-col-50 elementor-inner-column elementor-element elementor-element-75124f2\" data-id=\"75124f2\" data-element_type=\"column\">\r\n\t\t\t<div class=\"elementor-widget-wrap elementor-element-populated\">\r\n\t\t\t\t\t\t\t\t<div class=\"elementor-element elementor-element-0082ea8 elementor-widget elementor-widget-wd_title\" data-id=\"0082ea8\" data-element_type=\"widget\" data-widget_type=\"wd_title.default\">\r\n\t\t\t\t<div class=\"elementor-widget-container\">\r\n\t\t\t\t\t<div class=\"title-wrapper set-mb-s reset-last-child wd-title-color-default wd-title-style-default wd-title-size-default text-left\">\r\n\r\n\t\t\t\t\t\t\t<div class=\"title-subtitle subtitle-color-default subtitle-style-default wd-fontsize-xs\">\r\n\t\t\t\t\t<br>G\u00fc\u00e7l\u00fc Taahh\u00fct<br \/>\n\t\t\t\t<\/div>\r\n\t\t\t\r\n\t\t\t<div class=\"liner-continer\">\r\n\t\t\t\t<h4 class=\"woodmart-title-container title wd-fontsize-l\">Hedefimiz :<\/h4> \r\n\t\t\t\t\t\t\t<\/div>\r\n\r\n\t\t\t\t\t\t\t<div class=\"title-after_title set-cont-mb-s reset-last-child wd-fontsize-xs\">\r\n\t\t\t\t\t<p>En iyi, en nadide ve en kaliteli bal t\u00fcrlerini \u00fcretip g\u00fcvence alt\u0131na almak ve herkese uygun fiyata satabilmek.<\/p>\t\t\t\t<\/div>\r\n\t\t\t\t\t<\/div>\r\n\t\t\t\t<\/div>\r\n\t\t\t\t<\/div>\r\n\t\t\t\t\t<\/div>\r\n\t\t<\/div>\r\n\t\t\t\t\t\t\t<\/div>\r\n\t\t<\/section>\r\n\t\t\t\t\t<\/div>\r\n\t\t<\/div>\r\n\t\t\t\t\t\t\t<\/div>\r\n\t\t<\/section>\r\n\t\t\t\t<section class=\"elementor-section elementor-top-section elementor-element elementor-element-8027fb3 elementor-section-boxed elementor-section-height-default elementor-section-height-default wd-section-disabled\" data-id=\"8027fb3\" data-element_type=\"section\">\r\n\t\t\t\t\t\t<div class=\"elementor-container elementor-column-gap-default\">\r\n\t\t\t\t\t<div class=\"elementor-column elementor-col-25 elementor-top-column elementor-element elementor-element-9b6f0b0\" data-id=\"9b6f0b0\" data-element_type=\"column\">\r\n\t\t\t<div class=\"elementor-widget-wrap\">\r\n\t\t\t\t\t\t\t\t\t<\/div>\r\n\t\t<\/div>\r\n\t\t\t\t<div class=\"elementor-column elementor-col-25 elementor-top-column elementor-element elementor-element-4e3762a\" data-id=\"4e3762a\" data-element_type=\"column\" data-settings=\"{&quot;background_background&quot;:&quot;classic&quot;}\">\r\n\t\t\t<div class=\"elementor-widget-wrap elementor-element-populated\">\r\n\t\t\t\t\t\t\t\t<div class=\"elementor-element elementor-element-0f2ed5b elementor-widget elementor-widget-heading\" data-id=\"0f2ed5b\" data-element_type=\"widget\" data-widget_type=\"heading.default\">\r\n\t\t\t\t<div class=\"elementor-widget-container\">\r\n\t\t\t<style>\/*! elementor - v3.6.5 - 27-04-2022 *\/\r\n.elementor-heading-title{padding:0;margin:0;line-height:1}.elementor-widget-heading .elementor-heading-title[class*=elementor-size-]>a{color:inherit;font-size:inherit;line-height:inherit}.elementor-widget-heading .elementor-heading-title.elementor-size-small{font-size:15px}.elementor-widget-heading .elementor-heading-title.elementor-size-medium{font-size:19px}.elementor-widget-heading .elementor-heading-title.elementor-size-large{font-size:29px}.elementor-widget-heading .elementor-heading-title.elementor-size-xl{font-size:39px}.elementor-widget-heading .elementor-heading-title.elementor-size-xxl{font-size:59px}<\/style><h2 class=\"elementor-heading-title elementor-size-default\">01<\/h2>\t\t<\/div>\r\n\t\t\t\t<\/div>\r\n\t\t\t\t<div class=\"elementor-element elementor-element-2d3ce0d elementor-widget elementor-widget-heading\" data-id=\"2d3ce0d\" data-element_type=\"widget\" data-widget_type=\"heading.default\">\r\n\t\t\t\t<div class=\"elementor-widget-container\">\r\n\t\t\t<h3 class=\"elementor-heading-title elementor-size-default\">Kalite Uyumu<\/h3>\t\t<\/div>\r\n\t\t\t\t<\/div>\r\n\t\t\t\t<div class=\"elementor-element elementor-element-3642022 color-scheme-inherit text-left elementor-widget elementor-widget-text-editor\" data-id=\"3642022\" data-element_type=\"widget\" data-widget_type=\"text-editor.default\">\r\n\t\t\t\t<div class=\"elementor-widget-container\">\r\n\t\t\t\t\t\t\t<p>Uhoney&#8217;de kaliteden taviz verilmez. Bal\u0131n kalitesini s\u0131k\u0131 uluslararas\u0131 ve T\u00fcrk standartlar\u0131na g\u00f6re sa\u011flamak i\u00e7in birden fazla test yap\u0131yoruz. Bozulmay\u0131 \u00f6nlemek i\u00e7in optimum nem i\u00e7eri\u011fi, sakaroz ve pH de\u011feri gibi standart kalite parametrelerini takip ediyoruz.<\/p>\t\t\t\t\t\t<\/div>\r\n\t\t\t\t<\/div>\r\n\t\t\t\t\t<\/div>\r\n\t\t<\/div>\r\n\t\t\t\t<div class=\"elementor-column elementor-col-25 elementor-top-column elementor-element elementor-element-cc5581e\" data-id=\"cc5581e\" data-element_type=\"column\" data-settings=\"{&quot;background_background&quot;:&quot;classic&quot;}\">\r\n\t\t\t<div class=\"elementor-widget-wrap elementor-element-populated\">\r\n\t\t\t\t\t\t\t\t<div class=\"elementor-element elementor-element-2b79d19 elementor-widget elementor-widget-heading\" data-id=\"2b79d19\" data-element_type=\"widget\" data-widget_type=\"heading.default\">\r\n\t\t\t\t<div class=\"elementor-widget-container\">\r\n\t\t\t<h2 class=\"elementor-heading-title elementor-size-default\">02<\/h2>\t\t<\/div>\r\n\t\t\t\t<\/div>\r\n\t\t\t\t<div class=\"elementor-element elementor-element-8acfa2d elementor-widget elementor-widget-heading\" data-id=\"8acfa2d\" data-element_type=\"widget\" data-widget_type=\"heading.default\">\r\n\t\t\t\t<div class=\"elementor-widget-container\">\r\n\t\t\t<h3 class=\"elementor-heading-title elementor-size-default\">Antibiyotik Testleri<\/h3>\t\t<\/div>\r\n\t\t\t\t<\/div>\r\n\t\t\t\t<div class=\"elementor-element elementor-element-0b4c575 color-scheme-inherit text-left elementor-widget elementor-widget-text-editor\" data-id=\"0b4c575\" data-element_type=\"widget\" data-widget_type=\"text-editor.default\">\r\n\t\t\t\t<div class=\"elementor-widget-container\">\r\n\t\t\t\t\t\t\t<p>Laboratuvarlar\u0131m\u0131z bal numunelerinin bir\u00e7ok test ve analizini yapmaktad\u0131r. Antibiyotik i\u00e7eri\u011finin analizine \u00f6zellikle \u00f6nem verir. Ar\u0131lar i\u00e7in ila\u00e7lar\u0131n bile\u015fiminde bulunan antibakteriyel maddelerin varl\u0131\u011f\u0131 kabul edilemez. Antibiyotik bulunmas\u0131 durumunda bal \u00f6rne\u011fi reddedilir.<\/p>\t\t\t\t\t\t<\/div>\r\n\t\t\t\t<\/div>\r\n\t\t\t\t\t<\/div>\r\n\t\t<\/div>\r\n\t\t\t\t<div class=\"elementor-column elementor-col-25 elementor-top-column elementor-element elementor-element-1b58593\" data-id=\"1b58593\" data-element_type=\"column\">\r\n\t\t\t<div class=\"elementor-widget-wrap\">\r\n\t\t\t\t\t\t\t\t\t<\/div>\r\n\t\t<\/div>\r\n\t\t\t\t\t\t\t<\/div>\r\n\t\t<\/section>\r\n\t\t\t\t<section class=\"elementor-section elementor-top-section elementor-element elementor-element-9c735f3 elementor-section-boxed elementor-section-height-default elementor-section-height-default wd-section-disabled\" data-id=\"9c735f3\" data-element_type=\"section\">\r\n\t\t\t\t\t\t<div class=\"elementor-container elementor-column-gap-default\">\r\n\t\t\t\t\t<div class=\"elementor-column elementor-col-25 elementor-top-column elementor-element elementor-element-3611027\" data-id=\"3611027\" data-element_type=\"column\">\r\n\t\t\t<div class=\"elementor-widget-wrap\">\r\n\t\t\t\t\t\t\t\t\t<\/div>\r\n\t\t<\/div>\r\n\t\t\t\t<div class=\"elementor-column elementor-col-25 elementor-top-column elementor-element elementor-element-dba4d6e\" data-id=\"dba4d6e\" data-element_type=\"column\" data-settings=\"{&quot;background_background&quot;:&quot;classic&quot;}\">\r\n\t\t\t<div class=\"elementor-widget-wrap elementor-element-populated\">\r\n\t\t\t\t\t\t\t\t<div class=\"elementor-element elementor-element-b5e3ecb elementor-widget elementor-widget-heading\" data-id=\"b5e3ecb\" data-element_type=\"widget\" data-widget_type=\"heading.default\">\r\n\t\t\t\t<div class=\"elementor-widget-container\">\r\n\t\t\t<h2 class=\"elementor-heading-title elementor-size-default\">03<\/h2>\t\t<\/div>\r\n\t\t\t\t<\/div>\r\n\t\t\t\t<div class=\"elementor-element elementor-element-9cd237e elementor-widget elementor-widget-heading\" data-id=\"9cd237e\" data-element_type=\"widget\" data-widget_type=\"heading.default\">\r\n\t\t\t\t<div class=\"elementor-widget-container\">\r\n\t\t\t<h3 class=\"elementor-heading-title elementor-size-default\">Bal \u00f6zellikleri analizi<\/h3>\t\t<\/div>\r\n\t\t\t\t<\/div>\r\n\t\t\t\t<div class=\"elementor-element elementor-element-d21dc7f color-scheme-inherit text-left elementor-widget elementor-widget-text-editor\" data-id=\"d21dc7f\" data-element_type=\"widget\" data-widget_type=\"text-editor.default\">\r\n\t\t\t\t<div class=\"elementor-widget-container\">\r\n\t\t\t\t\t\t\t<p>Bal\u0131n fiziksel ve kimyasal \u00f6zelliklerinin analizi, uzmanlar\u0131n bal\u0131n t\u00fcr\u00fc hakk\u0131nda ek bilgi edinmelerini sa\u011flar. Analiz, bal\u0131n kristalle\u015fme s\u00fcresinin bir tahminini verir, tek \u00e7i\u00e7ekli bal \u00fcretiminde \u00e7ok \u00f6nemli olan hammaddelerin bile\u015fimini do\u011fru bir \u015fekilde belirler.<\/p>\t\t\t\t\t\t<\/div>\r\n\t\t\t\t<\/div>\r\n\t\t\t\t\t<\/div>\r\n\t\t<\/div>\r\n\t\t\t\t<div class=\"elementor-column elementor-col-25 elementor-top-column elementor-element elementor-element-c00fcd1\" data-id=\"c00fcd1\" data-element_type=\"column\" data-settings=\"{&quot;background_background&quot;:&quot;classic&quot;}\">\r\n\t\t\t<div class=\"elementor-widget-wrap elementor-element-populated\">\r\n\t\t\t\t\t\t\t\t<div class=\"elementor-element elementor-element-51295c8 elementor-widget elementor-widget-heading\" data-id=\"51295c8\" data-element_type=\"widget\" data-widget_type=\"heading.default\">\r\n\t\t\t\t<div class=\"elementor-widget-container\">\r\n\t\t\t<h2 class=\"elementor-heading-title elementor-size-default\">04<\/h2>\t\t<\/div>\r\n\t\t\t\t<\/div>\r\n\t\t\t\t<div class=\"elementor-element elementor-element-8bed0c5 elementor-widget elementor-widget-heading\" data-id=\"8bed0c5\" data-element_type=\"widget\" data-widget_type=\"heading.default\">\r\n\t\t\t\t<div class=\"elementor-widget-container\">\r\n\t\t\t<h3 class=\"elementor-heading-title elementor-size-default\">\u00c7oklu Testler<\/h3>\t\t<\/div>\r\n\t\t\t\t<\/div>\r\n\t\t\t\t<div class=\"elementor-element elementor-element-fce0ab0 color-scheme-inherit text-left elementor-widget elementor-widget-text-editor\" data-id=\"fce0ab0\" data-element_type=\"widget\" data-widget_type=\"text-editor.default\">\r\n\t\t\t\t<div class=\"elementor-widget-container\">\r\n\t\t\t\t\t\t\t<p>\u00dcr\u00fcnlerimiz \u00fc\u00e7 a\u015famada test ediliyor. Ar\u0131c\u0131lardan bal \u00f6rnekleri ald\u0131\u011f\u0131m\u0131zda ba\u015fl\u0131yoruz. Ve fabrikaya bal getirirken. Ve ihracata haz\u0131r olup olmad\u0131\u011f\u0131n\u0131 kontrol ederken son testtir ve bu test, bal\u0131n uluslararas\u0131 g\u0131da g\u00fcvenli\u011fi standartlar\u0131na %100 uyumlu oldu\u011fundan emin olmak i\u00e7in Sa\u011fl\u0131k Bakanl\u0131\u011f\u0131 taraf\u0131ndan yap\u0131l\u0131r.<\/p>\t\t\t\t\t\t<\/div>\r\n\t\t\t\t<\/div>\r\n\t\t\t\t\t<\/div>\r\n\t\t<\/div>\r\n\t\t\t\t<div class=\"elementor-column elementor-col-25 elementor-top-column elementor-element elementor-element-8e5833f\" data-id=\"8e5833f\" data-element_type=\"column\">\r\n\t\t\t<div class=\"elementor-widget-wrap\">\r\n\t\t\t\t\t\t\t\t\t<\/div>\r\n\t\t<\/div>\r\n\t\t\t\t\t\t\t<\/div>\r\n\t\t<\/section>\r\n\t\t\t\t\t\t\t<\/div>\r\n\t\t","protected":false},"excerpt":{"rendered":"<p>&nbsp;Uhoney Company, d\u00fcnyan\u0131n en b\u00fcy\u00fck ikinci bal \u00fcreticisi olan \u0130stanbul &#8211; T\u00fcrkiye&#8217;de kuruldu. Do\u011fal T\u00fcrk bal\u0131 ve di\u011fer ar\u0131 \u00fcr\u00fcnlerinin<\/p>\n","protected":false},"author":1,"featured_media":0,"parent":0,"menu_order":0,"comment_status":"closed","ping_status":"closed","template":"","meta":{"footnotes":""},"class_list":["post-13198","page","type-page","status-publish","hentry"],"_links":{"self":[{"href":"https:\/\/u-honey.com\/tr\/wp-json\/wp\/v2\/pages\/13198","targetHints":{"allow":["GET"]}}],"collection":[{"href":"https:\/\/u-honey.com\/tr\/wp-json\/wp\/v2\/pages"}],"about":[{"href":"https:\/\/u-honey.com\/tr\/wp-json\/wp\/v2\/types\/page"}],"author":[{"embeddable":true,"href":"https:\/\/u-honey.com\/tr\/wp-json\/wp\/v2\/users\/1"}],"replies":[{"embeddable":true,"href":"https:\/\/u-honey.com\/tr\/wp-json\/wp\/v2\/comments?post=13198"}],"version-history":[{"count":7,"href":"https:\/\/u-honey.com\/tr\/wp-json\/wp\/v2\/pages\/13198\/revisions"}],"predecessor-version":[{"id":13784,"href":"https:\/\/u-honey.com\/tr\/wp-json\/wp\/v2\/pages\/13198\/revisions\/13784"}],"wp:attachment":[{"href":"https:\/\/u-honey.com\/tr\/wp-json\/wp\/v2\/media?parent=13198"}],"curies":[{"name":"wp","href":"https:\/\/api.w.org\/{rel}","templated":true}]}}