{"id":13310,"date":"2022-05-16T08:59:23","date_gmt":"2022-05-16T08:59:23","guid":{"rendered":"https:\/\/uhoneytr.com\/sertifikalar\/"},"modified":"2022-05-16T08:59:24","modified_gmt":"2022-05-16T08:59:24","slug":"sertifikalar","status":"publish","type":"page","link":"https:\/\/u-honey.com\/tr\/sertifikalar\/","title":{"rendered":"Sertifikalar"},"content":{"rendered":"\t\t<div data-elementor-type=\"wp-page\" data-elementor-id=\"13310\" class=\"elementor elementor-13310\">\r\n\t\t\t\t\t\t\t\t\t<section class=\"elementor-section elementor-top-section elementor-element elementor-element-0220544 elementor-section-boxed elementor-section-height-default elementor-section-height-default wd-section-disabled\" data-id=\"0220544\" data-element_type=\"section\">\r\n\t\t\t\t\t\t<div class=\"elementor-container elementor-column-gap-default\">\r\n\t\t\t\t\t<div class=\"elementor-column elementor-col-100 elementor-top-column elementor-element elementor-element-e37bb7e\" data-id=\"e37bb7e\" data-element_type=\"column\">\r\n\t\t\t<div class=\"elementor-widget-wrap elementor-element-populated\">\r\n\t\t\t\t\t\t\t\t<div class=\"elementor-element elementor-element-e755cd2 elementor-widget elementor-widget-heading\" data-id=\"e755cd2\" data-element_type=\"widget\" data-widget_type=\"heading.default\">\r\n\t\t\t\t<div class=\"elementor-widget-container\">\r\n\t\t\t<style>\/*! elementor - v3.6.5 - 27-04-2022 *\/\r\n.elementor-heading-title{padding:0;margin:0;line-height:1}.elementor-widget-heading .elementor-heading-title[class*=elementor-size-]>a{color:inherit;font-size:inherit;line-height:inherit}.elementor-widget-heading .elementor-heading-title.elementor-size-small{font-size:15px}.elementor-widget-heading .elementor-heading-title.elementor-size-medium{font-size:19px}.elementor-widget-heading .elementor-heading-title.elementor-size-large{font-size:29px}.elementor-widget-heading .elementor-heading-title.elementor-size-xl{font-size:39px}.elementor-widget-heading .elementor-heading-title.elementor-size-xxl{font-size:59px}<\/style><h5 class=\"elementor-heading-title elementor-size-default\">\u00dcr\u00fcnlerimiz titiz bir \u015fekilde de\u011ferlendirilmi\u015f ve Uluslararas\u0131 Standardizasyon \u00d6rg\u00fct\u00fc'n\u00fcn (IOS) belirli y\u00f6nergelerine ve gereksinimlerine uygun oldu\u011fu tespit edilmi\u015ftir.<\/h5>\t\t<\/div>\r\n\t\t\t\t<\/div>\r\n\t\t\t\t\t<\/div>\r\n\t\t<\/div>\r\n\t\t\t\t\t\t\t<\/div>\r\n\t\t<\/section>\r\n\t\t\t\t<section class=\"elementor-section elementor-top-section elementor-element elementor-element-46f8c6c elementor-section-boxed elementor-section-height-default elementor-section-height-default wd-section-disabled\" data-id=\"46f8c6c\" data-element_type=\"section\">\r\n\t\t\t\t\t\t<div class=\"elementor-container elementor-column-gap-default\">\r\n\t\t\t\t\t<div class=\"elementor-column elementor-col-33 elementor-top-column elementor-element elementor-element-a96b231\" data-id=\"a96b231\" data-element_type=\"column\">\r\n\t\t\t<div class=\"elementor-widget-wrap elementor-element-populated\">\r\n\t\t\t\t\t\t\t\t<div class=\"elementor-element elementor-element-ce66ad9 elementor-widget elementor-widget-image\" data-id=\"ce66ad9\" data-element_type=\"widget\" data-widget_type=\"image.default\">\r\n\t\t\t\t<div class=\"elementor-widget-container\">\r\n\t\t\t<style>\/*! elementor - v3.6.5 - 27-04-2022 *\/\r\n.elementor-widget-image{text-align:center}.elementor-widget-image a{display:inline-block}.elementor-widget-image a img[src$=\".svg\"]{width:48px}.elementor-widget-image img{vertical-align:middle;display:inline-block}<\/style>\t\t\t\t\t\t\t\t\t\t\t\t\t<a href=\"https:\/\/u-honey.com\/wp-content\/uploads\/2022\/02\/risk-managment.webp\">\r\n\t\t\t\t\t\t\t<img loading=\"lazy\" decoding=\"async\" width=\"256\" height=\"250\" src=\"https:\/\/u-honey.com\/wp-content\/themes\/woodmart\/images\/lazy.png\" class=\"elementor-animation-grow attachment-full size-full wd-lazy-load woodmart-lazy-load wd-lazy-fade\" alt=\"\" srcset=\"\" sizes=\"auto, (max-width: 256px) 100vw, 256px\" data-wood-src=\"https:\/\/u-honey.com\/wp-content\/uploads\/2022\/02\/customer.webp\" data-srcset=\"https:\/\/u-honey.com\/wp-content\/uploads\/2022\/02\/customer.webp 256w, https:\/\/u-honey.com\/wp-content\/uploads\/2022\/02\/customer-150x146.webp 150w\" \/>\t\t\t\t\t\t\t\t<\/a>\r\n\t\t\t\t\t\t\t\t\t\t\t\t\t\t\t<\/div>\r\n\t\t\t\t<\/div>\r\n\t\t\t\t\t<\/div>\r\n\t\t<\/div>\r\n\t\t\t\t<div class=\"elementor-column elementor-col-33 elementor-top-column elementor-element elementor-element-35aedbb\" data-id=\"35aedbb\" data-element_type=\"column\">\r\n\t\t\t<div class=\"elementor-widget-wrap elementor-element-populated\">\r\n\t\t\t\t\t\t\t\t<div class=\"elementor-element elementor-element-6565556 elementor-widget elementor-widget-image\" data-id=\"6565556\" data-element_type=\"widget\" data-widget_type=\"image.default\">\r\n\t\t\t\t<div class=\"elementor-widget-container\">\r\n\t\t\t\t\t\t\t\t\t\t\t\t\t\t\t\t<a href=\"https:\/\/u-honey.com\/wp-content\/uploads\/2022\/02\/Quality.webp\">\r\n\t\t\t\t\t\t\t<img loading=\"lazy\" decoding=\"async\" width=\"256\" height=\"250\" src=\"https:\/\/u-honey.com\/wp-content\/themes\/woodmart\/images\/lazy.png\" class=\"elementor-animation-grow attachment-full size-full wd-lazy-load woodmart-lazy-load wd-lazy-fade\" alt=\"\" srcset=\"\" sizes=\"auto, (max-width: 256px) 100vw, 256px\" data-wood-src=\"https:\/\/u-honey.com\/wp-content\/uploads\/2022\/02\/Untitled-1.png\" data-srcset=\"https:\/\/u-honey.com\/wp-content\/uploads\/2022\/02\/Untitled-1.png 256w, https:\/\/u-honey.com\/wp-content\/uploads\/2022\/02\/Untitled-1-150x146.png 150w\" \/>\t\t\t\t\t\t\t\t<\/a>\r\n\t\t\t\t\t\t\t\t\t\t\t\t\t\t\t<\/div>\r\n\t\t\t\t<\/div>\r\n\t\t\t\t\t<\/div>\r\n\t\t<\/div>\r\n\t\t\t\t<div class=\"elementor-column elementor-col-33 elementor-top-column elementor-element elementor-element-c10bb4b\" data-id=\"c10bb4b\" data-element_type=\"column\">\r\n\t\t\t<div class=\"elementor-widget-wrap elementor-element-populated\">\r\n\t\t\t\t\t\t\t\t<div class=\"elementor-element elementor-element-4b17633 elementor-widget elementor-widget-image\" data-id=\"4b17633\" data-element_type=\"widget\" data-widget_type=\"image.default\">\r\n\t\t\t\t<div class=\"elementor-widget-container\">\r\n\t\t\t\t\t\t\t\t\t\t\t\t\t\t\t\t<a href=\"https:\/\/u-honey.com\/wp-content\/uploads\/2022\/02\/occuptional.webp\">\r\n\t\t\t\t\t\t\t<img loading=\"lazy\" decoding=\"async\" width=\"256\" height=\"250\" src=\"https:\/\/u-honey.com\/wp-content\/themes\/woodmart\/images\/lazy.png\" class=\"elementor-animation-grow attachment-full size-full wd-lazy-load woodmart-lazy-load wd-lazy-fade\" alt=\"\" srcset=\"\" sizes=\"auto, (max-width: 256px) 100vw, 256px\" data-wood-src=\"https:\/\/u-honey.com\/wp-content\/uploads\/2022\/02\/ocup.webp\" data-srcset=\"https:\/\/u-honey.com\/wp-content\/uploads\/2022\/02\/ocup.webp 256w, https:\/\/u-honey.com\/wp-content\/uploads\/2022\/02\/ocup-150x146.webp 150w\" \/>\t\t\t\t\t\t\t\t<\/a>\r\n\t\t\t\t\t\t\t\t\t\t\t\t\t\t\t<\/div>\r\n\t\t\t\t<\/div>\r\n\t\t\t\t\t<\/div>\r\n\t\t<\/div>\r\n\t\t\t\t\t\t\t<\/div>\r\n\t\t<\/section>\r\n\t\t\t\t<section class=\"elementor-section elementor-top-section elementor-element elementor-element-7f3cae6 elementor-section-boxed elementor-section-height-default elementor-section-height-default wd-section-disabled\" data-id=\"7f3cae6\" data-element_type=\"section\">\r\n\t\t\t\t\t\t<div class=\"elementor-container elementor-column-gap-default\">\r\n\t\t\t\t\t<div class=\"elementor-column elementor-col-33 elementor-top-column elementor-element elementor-element-aa5e0ae\" data-id=\"aa5e0ae\" data-element_type=\"column\">\r\n\t\t\t<div class=\"elementor-widget-wrap elementor-element-populated\">\r\n\t\t\t\t\t\t\t\t<div class=\"elementor-element elementor-element-082153b elementor-widget elementor-widget-image\" data-id=\"082153b\" data-element_type=\"widget\" data-widget_type=\"image.default\">\r\n\t\t\t\t<div class=\"elementor-widget-container\">\r\n\t\t\t\t\t\t\t\t\t\t\t\t\t\t\t\t<a href=\"https:\/\/u-honey.com\/wp-content\/uploads\/2022\/02\/food-safety.webp\">\r\n\t\t\t\t\t\t\t<img loading=\"lazy\" decoding=\"async\" width=\"256\" height=\"250\" src=\"https:\/\/u-honey.com\/wp-content\/themes\/woodmart\/images\/lazy.png\" class=\"elementor-animation-grow attachment-full size-full wd-lazy-load woodmart-lazy-load wd-lazy-fade\" alt=\"\" srcset=\"\" sizes=\"auto, (max-width: 256px) 100vw, 256px\" data-wood-src=\"https:\/\/u-honey.com\/wp-content\/uploads\/2022\/02\/food-saftey.webp\" data-srcset=\"https:\/\/u-honey.com\/wp-content\/uploads\/2022\/02\/food-saftey.webp 256w, https:\/\/u-honey.com\/wp-content\/uploads\/2022\/02\/food-saftey-150x146.webp 150w\" \/>\t\t\t\t\t\t\t\t<\/a>\r\n\t\t\t\t\t\t\t\t\t\t\t\t\t\t\t<\/div>\r\n\t\t\t\t<\/div>\r\n\t\t\t\t\t<\/div>\r\n\t\t<\/div>\r\n\t\t\t\t<div class=\"elementor-column elementor-col-33 elementor-top-column elementor-element elementor-element-e447288\" data-id=\"e447288\" data-element_type=\"column\">\r\n\t\t\t<div class=\"elementor-widget-wrap elementor-element-populated\">\r\n\t\t\t\t\t\t\t\t<div class=\"elementor-element elementor-element-c2a71a5 elementor-widget elementor-widget-image\" data-id=\"c2a71a5\" data-element_type=\"widget\" data-widget_type=\"image.default\">\r\n\t\t\t\t<div class=\"elementor-widget-container\">\r\n\t\t\t\t\t\t\t\t\t\t\t\t\t\t\t\t<a href=\"https:\/\/u-honey.com\/wp-content\/uploads\/2022\/02\/customer-satisfaction.webp\">\r\n\t\t\t\t\t\t\t<img loading=\"lazy\" decoding=\"async\" width=\"256\" height=\"250\" src=\"https:\/\/u-honey.com\/wp-content\/themes\/woodmart\/images\/lazy.png\" class=\"elementor-animation-grow attachment-full size-full wd-lazy-load woodmart-lazy-load wd-lazy-fade\" alt=\"\" srcset=\"\" sizes=\"auto, (max-width: 256px) 100vw, 256px\" data-wood-src=\"https:\/\/u-honey.com\/wp-content\/uploads\/2022\/02\/food-saftey.webp\" data-srcset=\"https:\/\/u-honey.com\/wp-content\/uploads\/2022\/02\/food-saftey.webp 256w, https:\/\/u-honey.com\/wp-content\/uploads\/2022\/02\/food-saftey-150x146.webp 150w\" \/>\t\t\t\t\t\t\t\t<\/a>\r\n\t\t\t\t\t\t\t\t\t\t\t\t\t\t\t<\/div>\r\n\t\t\t\t<\/div>\r\n\t\t\t\t\t<\/div>\r\n\t\t<\/div>\r\n\t\t\t\t<div class=\"elementor-column elementor-col-33 elementor-top-column elementor-element elementor-element-a3be910\" data-id=\"a3be910\" data-element_type=\"column\">\r\n\t\t\t<div class=\"elementor-widget-wrap elementor-element-populated\">\r\n\t\t\t\t\t\t\t\t<div class=\"elementor-element elementor-element-14dcb2e elementor-widget elementor-widget-image\" data-id=\"14dcb2e\" data-element_type=\"widget\" data-widget_type=\"image.default\">\r\n\t\t\t\t<div class=\"elementor-widget-container\">\r\n\t\t\t\t\t\t\t\t\t\t\t\t\t\t\t\t<a href=\"https:\/\/u-honey.com\/wp-content\/uploads\/2022\/02\/halal.webp\">\r\n\t\t\t\t\t\t\t<img loading=\"lazy\" decoding=\"async\" width=\"247\" height=\"138\" src=\"https:\/\/u-honey.com\/wp-content\/themes\/woodmart\/images\/lazy.png\" class=\"elementor-animation-grow attachment-full size-full wd-lazy-load woodmart-lazy-load wd-lazy-fade\" alt=\"\" srcset=\"\" sizes=\"auto, (max-width: 247px) 100vw, 247px\" data-wood-src=\"https:\/\/u-honey.com\/wp-content\/uploads\/2022\/02\/halal-1.webp\" data-srcset=\"https:\/\/u-honey.com\/wp-content\/uploads\/2022\/02\/halal-1.webp 247w, https:\/\/u-honey.com\/wp-content\/uploads\/2022\/02\/halal-1-150x84.webp 150w\" \/>\t\t\t\t\t\t\t\t<\/a>\r\n\t\t\t\t\t\t\t\t\t\t\t\t\t\t\t<\/div>\r\n\t\t\t\t<\/div>\r\n\t\t\t\t\t<\/div>\r\n\t\t<\/div>\r\n\t\t\t\t\t\t\t<\/div>\r\n\t\t<\/section>\r\n\t\t\t\t<section class=\"elementor-section elementor-top-section elementor-element elementor-element-9e2b55a elementor-section-boxed elementor-section-height-default elementor-section-height-default wd-section-disabled\" data-id=\"9e2b55a\" data-element_type=\"section\">\r\n\t\t\t\t\t\t<div class=\"elementor-container elementor-column-gap-default\">\r\n\t\t\t\t\t<div class=\"elementor-column elementor-col-100 elementor-top-column elementor-element elementor-element-4e0cc9a\" data-id=\"4e0cc9a\" data-element_type=\"column\">\r\n\t\t\t<div class=\"elementor-widget-wrap\">\r\n\t\t\t\t\t\t\t\t\t<\/div>\r\n\t\t<\/div>\r\n\t\t\t\t\t\t\t<\/div>\r\n\t\t<\/section>\r\n\t\t\t\t\t\t\t<\/div>\r\n\t\t","protected":false},"excerpt":{"rendered":"<p>\u00dcr\u00fcnlerimiz titiz bir \u015fekilde de\u011ferlendirilmi\u015f ve Uluslararas\u0131 Standardizasyon \u00d6rg\u00fct\u00fc&#8217;n\u00fcn (IOS) belirli y\u00f6nergelerine ve gereksinimlerine uygun oldu\u011fu tespit edilmi\u015ftir.<\/p>\n","protected":false},"author":1,"featured_media":0,"parent":0,"menu_order":0,"comment_status":"closed","ping_status":"closed","template":"elementor_header_footer","meta":{"footnotes":""},"class_list":["post-13310","page","type-page","status-publish","hentry"],"_links":{"self":[{"href":"https:\/\/u-honey.com\/tr\/wp-json\/wp\/v2\/pages\/13310","targetHints":{"allow":["GET"]}}],"collection":[{"href":"https:\/\/u-honey.com\/tr\/wp-json\/wp\/v2\/pages"}],"about":[{"href":"https:\/\/u-honey.com\/tr\/wp-json\/wp\/v2\/types\/page"}],"author":[{"embeddable":true,"href":"https:\/\/u-honey.com\/tr\/wp-json\/wp\/v2\/users\/1"}],"replies":[{"embeddable":true,"href":"https:\/\/u-honey.com\/tr\/wp-json\/wp\/v2\/comments?post=13310"}],"version-history":[{"count":1,"href":"https:\/\/u-honey.com\/tr\/wp-json\/wp\/v2\/pages\/13310\/revisions"}],"predecessor-version":[{"id":13311,"href":"https:\/\/u-honey.com\/tr\/wp-json\/wp\/v2\/pages\/13310\/revisions\/13311"}],"wp:attachment":[{"href":"https:\/\/u-honey.com\/tr\/wp-json\/wp\/v2\/media?parent=13310"}],"curies":[{"name":"wp","href":"https:\/\/api.w.org\/{rel}","templated":true}]}}