{"id":13793,"date":"2022-06-07T11:26:42","date_gmt":"2022-06-07T11:26:42","guid":{"rendered":"https:\/\/uhoneytr.com\/?page_id=13793"},"modified":"2022-06-07T11:32:49","modified_gmt":"2022-06-07T11:32:49","slug":"gizlilik-politikasi","status":"publish","type":"page","link":"https:\/\/u-honey.com\/tr\/gizlilik-politikasi\/","title":{"rendered":"Gizlilik Politikas\u0131"},"content":{"rendered":"\t\t<div data-elementor-type=\"wp-page\" data-elementor-id=\"13793\" class=\"elementor elementor-13793\">\r\n\t\t\t\t\t\t\t\t\t<section class=\"elementor-section elementor-top-section elementor-element elementor-element-c0a2c80 elementor-section-boxed elementor-section-height-default elementor-section-height-default wd-section-disabled\" data-id=\"c0a2c80\" data-element_type=\"section\">\r\n\t\t\t\t\t\t<div class=\"elementor-container elementor-column-gap-default\">\r\n\t\t\t\t\t<div class=\"elementor-column elementor-col-100 elementor-top-column elementor-element elementor-element-a9ad972\" data-id=\"a9ad972\" data-element_type=\"column\">\r\n\t\t\t<div class=\"elementor-widget-wrap elementor-element-populated\">\r\n\t\t\t\t\t\t\t\t<div class=\"elementor-element elementor-element-81a5f1d color-scheme-inherit text-left elementor-widget elementor-widget-text-editor\" data-id=\"81a5f1d\" data-element_type=\"widget\" data-widget_type=\"text-editor.default\">\r\n\t\t\t\t<div class=\"elementor-widget-container\">\r\n\t\t\t<style>\/*! elementor - v3.6.5 - 27-04-2022 *\/\r\n.elementor-widget-text-editor.elementor-drop-cap-view-stacked .elementor-drop-cap{background-color:#818a91;color:#fff}.elementor-widget-text-editor.elementor-drop-cap-view-framed .elementor-drop-cap{color:#818a91;border:3px solid;background-color:transparent}.elementor-widget-text-editor:not(.elementor-drop-cap-view-default) .elementor-drop-cap{margin-top:8px}.elementor-widget-text-editor:not(.elementor-drop-cap-view-default) .elementor-drop-cap-letter{width:1em;height:1em}.elementor-widget-text-editor .elementor-drop-cap{float:right;text-align:center;line-height:1;font-size:50px}.elementor-widget-text-editor .elementor-drop-cap-letter{display:inline-block}<\/style>\t\t\t\t<h3><span style=\"color: #cc9900;\">\nGizlilik Politikas\u0131\n<\/span><\/h3>\nGulf Turk Medya Ltd. \u015eti. (\u201cU HONEY\u201d) olarak, hizmetlerimizden yararlanan kullan\u0131c\u0131lar\u0131n\u0131n\u00a0(\u201cKullan\u0131c\u0131\u201d)\u00a0bilgilerinin korunmas\u0131na ve gizlili\u011fine \u00f6nem veriyoruz. Bu Gizlilik Politikas\u0131\u00a0(\u201cPolitika\u201d)\u00a0U HONEY\u2019in toplad\u0131\u011f\u0131 bilgileri nas\u0131l kulland\u0131\u011f\u0131, kullan\u0131c\u0131lar\u0131n sorumluluklar\u0131 veU HONEY\u2019in gizli bilgilerin korunmas\u0131na ili\u015fkin kurallar\u0131 hakk\u0131nda kullan\u0131c\u0131lar\u0131 bilgilendirmeyi ama\u00e7lamaktad\u0131r.\n\n<h4><span style=\"color: #cc9900;\">\n<ol>\n \t<li>Toplad\u0131\u011f\u0131m\u0131z Bilgiler<\/li>\n<\/ol>\n\n<\/span><\/h4>\nU HONEY hizmetlerinizden yararlanman\u0131z durumunda, \u00fcyelik kayd\u0131n\u0131z\u0131 ger\u00e7ekle\u015ftirmek, talep etti\u011finiz \u00fcr\u00fcn\/hizmetleri size temin etmek ve \u00f6demeleri ger\u00e7ekle\u015ftirmek gibi sair s\u00fcre\u00e7ler i\u00e7in belirli bilgileriniz toplanmaktad\u0131r.\n\nKullan\u0131c\u0131lar, sipari\u015f vermek, talep, \u00f6neri ve \u015fikayetlerini U HONEY\u2019e iletmek istediklerinde sair nedenlerle U HONEY\u2019e bilgilerini sa\u011flamaktad\u0131r. Bu durumda, kullan\u0131c\u0131lar\u0131n ad-soyad, ileti\u015fim bilgileri, \u00f6deme bilgileri, talep, \u00f6neri \u015fik\u00e2yet bilgileri gibi belirli bilgileri toplanmaktad\u0131r.\n\n<h4><span style=\"color: #cc9900;\">\n<ol start=\"2\">\n \t<li>Bilgileri Kullanma Ama\u00e7lar\u0131m\u0131z<\/li>\n<\/ol>\n\n<\/span><\/h4>\n\n<ul>\n \t<li>Kullan\u0131c\u0131lara hizmet sunmak<\/li>\n \t<li>Kullan\u0131c\u0131 geri bildirimlerine g\u00f6re \u00fcr\u00fcn ve hizmetlerimizi geli\u015ftirmek,<\/li>\n \t<li>Kullan\u0131c\u0131lar ile ileti\u015fime ge\u00e7mek, kullan\u0131c\u0131lar\u0131n talep ve \u015fikayetlerini sonu\u00e7land\u0131rmak,<\/li>\n \t<li>Hizmetlerimizin tan\u0131t\u0131m\u0131n\u0131 sa\u011flamak; reklam ve kampanya s\u00fcre\u00e7lerini y\u00fcr\u00fctmek,<\/li>\n \t<li>Kullan\u0131c\u0131lar\u0131n tercih, kullan\u0131m al\u0131\u015fkanl\u0131klar\u0131 ve ilgi alanlar\u0131na g\u00f6re \u00f6zelle\u015ftirmek,<\/li>\n \t<li>Hizmetlerimizi sundu\u011fumuz ortamlardaki sistemsel sorunlar\u0131 gidermek; bilgi g\u00fcvenli\u011fini sa\u011flamak,<\/li>\n \t<li>Tan\u0131mlama teknolojileri\/\u00e7erezler vas\u0131tas\u0131yla kullan\u0131c\u0131 deneyimlerini \u00f6l\u00e7\u00fcmlemek, hizmetlerimizi sundu\u011fumuz ortamlar\u0131n performans\u0131n\u0131 geli\u015ftirmek.<\/li>\n \t<li>\u00d6demelere ili\u015fkin finans ve muhasebe s\u00fcre\u00e7lerini y\u00fcr\u00fctmek,<\/li>\n<\/ul>\n\n<h4><span style=\"color: #cc9900;\">\n<ol start=\"3\">\n \t<li>Bilgilerinizin \u00dc\u00e7\u00fcnc\u00fc Ki\u015filer Aktar\u0131lmas\u0131<\/li>\n<\/ol>\n<\/span><\/h4>\n\nU HONEY\u2019de sa\u011flad\u0131\u011f\u0131n\u0131z bilgiler, yukar\u0131da belirtilen ama\u00e7lar\u0131n ger\u00e7ekle\u015ftirilebilmesi i\u00e7in \u00fc\u00e7\u00fcnc\u00fc ki\u015filere aktar\u0131labilir (\u00f6rne\u011fin teknik destek hizmetinin al\u0131nabilmesi amac\u0131yla bilgilerinizin bu konuda hizmet veren firma ile payla\u015f\u0131lmas\u0131 gerekebilir). Bu kapsamda bilgileriniz, i\u015f ortaklar\u0131m\u0131z ve \u00fcr\u00fcn\/hizmet tedariki kapsam\u0131nda destek al\u0131nan tedarik\u00e7iler ile payla\u015f\u0131labilecektir. Bununla birlikte, yasal y\u00fck\u00fcml\u00fcl\u00fcklerimizi yerine getirebilmek i\u00e7in bilgilerinizi payla\u015fmam\u0131z talep edildi\u011finde, bilgileriniz yetkili ki\u015fi, kurum ve kurulu\u015flar ile de payla\u015f\u0131labilecektir.\nKullan\u0131c\u0131lar\u0131n sa\u011flad\u0131\u011f\u0131 bilgiler, kullan\u0131c\u0131lara sunulan metinlerde belirtilen ama\u00e7lar ve hizmetin sunulabilmesi i\u00e7in gereken durumlar haricinde \u00fc\u00e7\u00fcnc\u00fc ki\u015filere aktar\u0131lmayacakt\u0131r.\n\n\n<h4><span style=\"color: #cc9900;\">\n\n<ol start=\"4\">\n \t<li>Bilgilerinizin Saklanmas\u0131 Ve Korunmas\u0131<\/li>\n<\/ol>\n<\/span><\/h4>\n\nBilgileriniz, bilgileri toplama amac\u0131m\u0131z\u0131n gerektirdi\u011fi s\u00fcre kadar saklanmaktad\u0131r. Mevzuatta bilgilerinizi saklamam\u0131z i\u00e7in \u00f6zel bir s\u00fcre \u00f6ng\u00f6r\u00fcl\u00fcyor ise, bu s\u00fcreye uygunluk sa\u011flanmaktad\u0131r.U HONEY, bilgilerinizin muhafaza edildi\u011fi sistemleri, sunucular\u0131 ve veri tabanlar\u0131n\u0131, veri g\u00fcvenli\u011fi tehditlerine (siber sald\u0131r\u0131 v.b.) kar\u015f\u0131 korumak i\u00e7in gerekli teknik ve idari tedbirleri almaktad\u0131r.\n\u00d6deme altyap\u0131s\u0131 Pay tr taraf\u0131ndan sa\u011flanmaktad\u0131r. U HONEY kredi kart\u0131n\u0131n ilk alt\u0131 hanesi ve son iki hanesini sistemlerinde muhafaza etmektedir. Kullan\u0131c\u0131, U HONEY taraf\u0131ndan sunulan hizmetlerden yararlanabilmek amac\u0131yla kulland\u0131\u011f\u0131 sistem eri\u015fim ara\u00e7lar\u0131n\u0131n (kullan\u0131c\u0131 ismi, \u015fifre vb.) g\u00fcvenli\u011fi, saklanmas\u0131, \u00fc\u00e7\u00fcnc\u00fc ki\u015filerin bilgisinden uzak tutulmas\u0131 ile ilgili t\u00fcm sorumlulu\u011fun tamamen kendisine ait oldu\u011funu kabul etmektedir.\n<h4><span style=\"color: #cc9900;\">\n\n<ol start=\"5\">\n \t<li>Bilgilerinizin Do\u011frulu\u011fu ve G\u00fcncelli\u011fi<\/li>\n<\/ol>\n<\/span><\/h4>\n\nKullan\u0131c\u0131lar\u0131n sa\u011flad\u0131\u011f\u0131 bilgilerin do\u011frulu\u011fu ve g\u00fcncelli\u011fi kullan\u0131c\u0131lar\u0131n sorumlulu\u011fundad\u0131r. Bilgilerinizin ger\u00e7e\u011fe uygun olarak taraf\u0131m\u0131za iletilmesi ve bilgilerinizde bir de\u011fi\u015fiklik olmas\u0131 durumunda g\u00fcncellenmesi gerekmektedir. U HONEY\u2019e bir ba\u015fkas\u0131 ad\u0131na bilgi sa\u011flad\u0131\u011f\u0131n\u0131zda, bu bilgilerin do\u011fru oldu\u011funu, bilgileri U HONEY ile payla\u015fma hakk\u0131na sahip oldu\u011funuzu\/bu konuda yetkilendirildi\u011finizi taahh\u00fct etmi\u015f say\u0131l\u0131rs\u0131n\u0131z.\n<h4><span style=\"color: #cc9900;\">\n\n<ol start=\"6\">\n \t<li>\u00dc\u00e7\u00fcnc\u00fc Taraflara Yap\u0131lan Y\u00f6nlendirmeler<\/li>\n<\/ol>\n<\/span><\/h4>\nU HONEY, taraf\u0131ndan i\u015fletilmeyen \u00fc\u00e7\u00fcnc\u00fc taraf ba\u011flant\u0131lara y\u00f6nlendirmeler yapabilir. \u0130lgili ba\u011flant\u0131lardan herhangi birini ziyaretiniz s\u0131ras\u0131nda, ziyaret etti\u011finiz \u00fc\u00e7\u00fcnc\u00fc taraf\u0131n gizlilik politikalar\u0131 ve kullan\u0131m ko\u015fullar\u0131na tabi olursunuz. U HONEY s\u00f6z konusu \u00fc\u00e7\u00fcnc\u00fc taraflar\u0131n politika ve uygulamalar\u0131ndan sorumlu de\u011fildir.\n<h4><span style=\"color: #cc9900;\">\n\n<ol start=\"7\">\n \t<li>Mobil Uygulamada, Web Sitesinde ve Bu Politikada Yap\u0131lan De\u011fi\u015fiklikler<\/li>\n<\/ol>\n<\/span><\/h4>\n\nU HONEY, sunulan hizmetleri, bilgileri, g\u00f6rselleri ve sair unsurlar\u0131 \u00f6nceden bildirimde bulunmaks\u0131z\u0131n de\u011fi\u015ftirme, kullan\u0131m\u0131n\u0131 ask\u0131ya alma veya durdurma hakk\u0131n\u0131 sakl\u0131 tutmaktad\u0131r.\nU HONEY, bu Politika \u00fczerinde de\u011fi\u015fiklik ve g\u00fcncelleme yapma hakk\u0131n\u0131 sakl\u0131 tutmaktad\u0131r. Politika\u2019n\u0131n g\u00fcncel versiyonunu takip etmek, kullan\u0131c\u0131n\u0131n sorumlulu\u011fundad\u0131r.\n<h4><span style=\"color: #cc9900;\">\n\n<ol start=\"8\">\n \t<li>Sorumluluk<\/li> \n<\/ol>\n<\/span><\/h4>\n\nHizmetlerimizin elektronik ortamda sunulmas\u0131 s\u0131ras\u0131nda olu\u015fabilecek herhangi bir hata, kesinti, gecikme, vir\u00fcs, hat ve\/veya sistem ar\u0131zas\u0131 sonucunda ortaya \u00e7\u0131kabilecek do\u011frudan veya dolayl\u0131 zarar ve masraflardan U HONEY \u00a0sorumlu de\u011fildir.\t\t\t\t\t\t<\/div>\r\n\t\t\t\t<\/div>\r\n\t\t\t\t\t<\/div>\r\n\t\t<\/div>\r\n\t\t\t\t\t\t\t<\/div>\r\n\t\t<\/section>\r\n\t\t\t\t\t\t\t<\/div>\r\n\t\t","protected":false},"excerpt":{"rendered":"<p>Gizlilik Politikas\u0131 Gulf Turk Medya Ltd. \u015eti. (\u201cU HONEY\u201d) olarak, hizmetlerimizden yararlanan kullan\u0131c\u0131lar\u0131n\u0131n\u00a0(\u201cKullan\u0131c\u0131\u201d)\u00a0bilgilerinin korunmas\u0131na ve gizlili\u011fine \u00f6nem veriyoruz. Bu Gizlilik<\/p>\n","protected":false},"author":1,"featured_media":0,"parent":0,"menu_order":0,"comment_status":"closed","ping_status":"closed","template":"elementor_header_footer","meta":{"footnotes":""},"class_list":["post-13793","page","type-page","status-publish","hentry"],"_links":{"self":[{"href":"https:\/\/u-honey.com\/tr\/wp-json\/wp\/v2\/pages\/13793","targetHints":{"allow":["GET"]}}],"collection":[{"href":"https:\/\/u-honey.com\/tr\/wp-json\/wp\/v2\/pages"}],"about":[{"href":"https:\/\/u-honey.com\/tr\/wp-json\/wp\/v2\/types\/page"}],"author":[{"embeddable":true,"href":"https:\/\/u-honey.com\/tr\/wp-json\/wp\/v2\/users\/1"}],"replies":[{"embeddable":true,"href":"https:\/\/u-honey.com\/tr\/wp-json\/wp\/v2\/comments?post=13793"}],"version-history":[{"count":4,"href":"https:\/\/u-honey.com\/tr\/wp-json\/wp\/v2\/pages\/13793\/revisions"}],"predecessor-version":[{"id":13798,"href":"https:\/\/u-honey.com\/tr\/wp-json\/wp\/v2\/pages\/13793\/revisions\/13798"}],"wp:attachment":[{"href":"https:\/\/u-honey.com\/tr\/wp-json\/wp\/v2\/media?parent=13793"}],"curies":[{"name":"wp","href":"https:\/\/api.w.org\/{rel}","templated":true}]}}