{"id":13207,"date":"2022-03-07T13:18:18","date_gmt":"2022-04-30T10:38:31","guid":{"rendered":"https:\/\/uhoneytr.com\/product\/karakovan-yohni-bali-nedir-karakovan-bali-uretilme-seklinin-diger-bal-turlerinden-cok-farkli-olmasi-nedeniyle-bal-turleri-arasinda-ozel-bir-yere-sahiptir-karakafon-bali-uretiminde-insan-mudahalesi\/"},"modified":"2022-07-03T20:27:22","modified_gmt":"2022-07-03T20:27:22","slug":"karakovan-bali","status":"publish","type":"product","link":"https:\/\/u-honey.com\/tr\/product\/karakovan-bali\/","title":{"rendered":"Karakovan Bal\u0131 460 gr"},"content":{"rendered":"<p><strong>Uhoney karakovan bal\u0131 nedir?<\/strong><\/p>\n<p>Uhoney karakovan bal\u0131, \u00fcretilme \u015feklinin di\u011fer bal t\u00fcrlerinden \u00e7ok farkl\u0131 olmas\u0131 nedeniyle bal t\u00fcrleri aras\u0131nda \u00f6zel bir yere sahiptir. Karakaovan bal\u0131 \u00fcretiminde insan m\u00fcdahalesi \u00e7ok az olup, \u00fcr\u00fcn\u00fcn ortaya \u00e7\u0131k\u0131\u015f\u0131na kadar olan s\u00fcrecin b\u00fcy\u00fck bir k\u0131sm\u0131 ar\u0131lara kalm\u0131\u015ft\u0131r. Osmanl\u0131 d\u00f6neminde ila\u00e7 sanayinde deva olarak kullan\u0131lm\u0131\u015ft\u0131r.<\/p>\n<p><strong>Uhoney karakovan bal\u0131 nas\u0131l \u00fcretilir?<\/strong><\/p>\n<p>Uhoney karakovan bal\u0131 \u00fcretiminde di\u011fer ballardan farkl\u0131 olarak ar\u0131lara petek verilmez. Bu mumsuz \u00fcretim y\u00f6nteminde, s\u00fcr\u00fcler haz\u0131rlanm\u0131\u015f kovanlara yerle\u015ftirilir ve ar\u0131lar petek dahil her \u015feyi tamamen \u0131\u015f\u0131ks\u0131z bir ortamda kendileri yaparlar.<\/p>\n<p><strong>Uhoney<\/strong> <strong>karakovan bal\u0131n\u0131n besin de\u011feri nedir<\/strong><strong>?<\/strong><\/p>\n<p>Uhoney karakovan bal\u0131 her ya\u015ftan insan i\u00e7in adeta bir enerji kayna\u011f\u0131 olan bir besindir. Uhoney karakovan bal\u0131 100 gramda 325 kalori i\u00e7erir ve bu balda 17 farkl\u0131 amino asit t\u00fcr\u00fc tan\u0131mlanm\u0131\u015ft\u0131r.<\/p>\n<p>\u0130\u00e7erdi\u011fi: Demir, fosfor, kalsiyum, magnezyum, k\u00fck\u00fcrt, potasyum ve iyot gibi bir\u00e7ok minerali i\u00e7erdi\u011fi i\u00e7in doyurucu, besleyici ve koruyucu \u00f6zelliklere de sahiptir. B1, B2, B6, C ve K vitaminleri ve amino asitler a\u00e7\u0131s\u0131ndan olduk\u00e7a zengindir.<\/p>\n<p><strong>Uhoney karakovan bal\u0131&#8217;n\u0131n faydalar\u0131 nelerdir?<\/strong><\/p>\n<ul>\n<li>Antiseptik \u00f6zellikler i\u00e7erdi\u011finden antibakteriyel ve mikroplara kar\u015f\u0131 koruma sa\u011flar. Bu sayede hastane enfeksiyonu olarak da bilinen stafilokok enfeksiyonuna neden olan metisiline diren\u00e7li Staphylococcus Aureus (MRSA) ad\u0131 verilen bakterilerin, antiseptik \u00f6zelli\u011fi sayesinde karakovan bal\u0131na, dizanteri ve tifo bakterilerine kar\u015f\u0131 da diren\u00e7 geli\u015ftiremedi\u011fi yap\u0131lan \u00e7al\u0131\u015fmalarla kan\u0131tlanm\u0131\u015ft\u0131r.<\/li>\n<li>\u00a0Ba\u011f\u0131\u015f\u0131kl\u0131k sistemini g\u00fc\u00e7lendirir, \u00f6ks\u00fcr\u00fc\u011f\u00fc tedavi eder.<\/li>\n<li>\u00a0Y\u00fcksek antioksidan i\u00e7eri\u011fi ile kalp ve damar hastal\u0131klar\u0131na kar\u015f\u0131 koruma sa\u011flar.<\/li>\n<li>\u00a0Hepatit B, hepatit C ve sar\u0131l\u0131k tedavisine yard\u0131mc\u0131 olur.<\/li>\n<li>\u00a0So\u011fuk alg\u0131nl\u0131\u011f\u0131 ve gribi \u00f6nler.<\/li>\n<li>\u00a0\u0130nsanlarda sa\u00e7 d\u00f6k\u00fclmesini \u00f6nler.<\/li>\n<li>\u00a0Uykusuzlu\u011fa sinirlili\u011fe ve gerginli\u011fe kar\u015f\u0131 diren\u00e7 g\u00f6sterir.<\/li>\n<li>\u00a0Yata\u011f\u0131n\u0131 \u0131slatan \u00e7ocuklar i\u00e7in \u00e7ok faydal\u0131d\u0131r ve bir ay boyunca d\u00fczenli olarak verilirse olumlu sonu\u00e7lar al\u0131n\u0131r.<\/li>\n<li>\u00a0Erkeklerde cinsel performans\u0131 art\u0131r\u0131r, prostat hastal\u0131klar\u0131na \u00e7ok iyi gelir.<\/li>\n<\/ul>\n<p><strong>Uhoney karakovan bal\u0131<\/strong> <strong>nas\u0131l kullan\u0131l\u0131r?<\/strong><\/p>\n<ul>\n<li>Karakovan bal\u0131 \u015feker i\u00e7ermez. Bu, daha geni\u015f bir kitle taraf\u0131ndan t\u00fcketim i\u00e7in g\u00fcvenli hale getirir.<\/li>\n<li>Karakovan bal\u0131 \u00f6zellikle sabahlar\u0131 a\u00e7 karn\u0131na direkt olarak al\u0131nabilir.<\/li>\n<li>Kahvalt\u0131dan \u00f6nce yar\u0131m bardak su veya \u0131l\u0131k s\u00fct ile bir yemek ka\u015f\u0131\u011f\u0131 al\u0131n.<\/li>\n<\/ul>\n<p><strong>Uhoney karakovan bal \u00fcr\u00fcn\u00fcn\u00fc<\/strong> <strong>nas\u0131l muhafaza edilebilir<\/strong><strong>?<\/strong><\/p>\n<p>Karakovan bal\u0131n\u0131 y\u00fcksek s\u0131cakl\u0131klardan uzak, karanl\u0131k yerlerde saklayarak \u00f6zelliklerini ve besin de\u011ferini koruyabilirsiniz, ayr\u0131ca buzdolab\u0131nda muhafaza edilmemeli.<\/p>\n<p><strong>Uhoney karakovan bal\u0131<\/strong> <strong>kullanman\u0131n zararlar\u0131 var m\u0131<\/strong><strong>?<\/strong><\/p>\n<p>Uhoney karakovan bal\u0131, t\u00fcm bile\u015fenleri tamamen do\u011fal ve v\u00fccuda faydal\u0131 oldu\u011fu i\u00e7in herhangi bir yan etkisi veya zarar\u0131 yoktur<\/p>\n<p><strong>Uhoney karakovan <\/strong><strong>bal\u0131&#8217;n\u0131n hakiki<\/strong> <strong>oldu\u011fundan nas\u0131l emin olabilirsiniz?<\/strong><\/p>\n<p>Gereksiz kalitede hakiki olmayan karakovan bal\u0131 ticareti yapabilen baz\u0131 ma\u011fazalar var, bu nedenle bal\u0131 sat\u0131n almadan \u00f6nce bunun i\u00e7in belirlenmi\u015f onayl\u0131 laboratuvarlarda kontrol etmenizi veya size %100 garantili \u00fcr\u00fcn sunan ma\u011fazam\u0131zdan uygun fiyatlarla sat\u0131n alman\u0131z\u0131 \u00f6neririz.<\/p>\n","protected":false},"excerpt":{"rendered":"<p>Sa\u011fl\u0131k a\u00e7\u0131s\u0131ndan birden fazla faydas\u0131 olan ve y\u00fcksek oranda prolin i\u00e7eren karakovan bal\u0131<\/p>\n","protected":false},"featured_media":13085,"comment_status":"open","ping_status":"closed","template":"","meta":[],"product_cat":[166,167],"product_tag":[],"class_list":["post-13207","product","type-product","status-publish","has-post-thumbnail","hentry","product_cat-ari-bali","product_cat-urunlerimiz"],"_links":{"self":[{"href":"https:\/\/u-honey.com\/tr\/wp-json\/wp\/v2\/product\/13207","targetHints":{"allow":["GET"]}}],"collection":[{"href":"https:\/\/u-honey.com\/tr\/wp-json\/wp\/v2\/product"}],"about":[{"href":"https:\/\/u-honey.com\/tr\/wp-json\/wp\/v2\/types\/product"}],"replies":[{"embeddable":true,"href":"https:\/\/u-honey.com\/tr\/wp-json\/wp\/v2\/comments?post=13207"}],"version-history":[{"count":6,"href":"https:\/\/u-honey.com\/tr\/wp-json\/wp\/v2\/product\/13207\/revisions"}],"predecessor-version":[{"id":13613,"href":"https:\/\/u-honey.com\/tr\/wp-json\/wp\/v2\/product\/13207\/revisions\/13613"}],"wp:featuredmedia":[{"embeddable":true,"href":"https:\/\/u-honey.com\/tr\/wp-json\/wp\/v2\/media\/13085"}],"wp:attachment":[{"href":"https:\/\/u-honey.com\/tr\/wp-json\/wp\/v2\/media?parent=13207"}],"wp:term":[{"taxonomy":"product_cat","embeddable":true,"href":"https:\/\/u-honey.com\/tr\/wp-json\/wp\/v2\/product_cat?post=13207"},{"taxonomy":"product_tag","embeddable":true,"href":"https:\/\/u-honey.com\/tr\/wp-json\/wp\/v2\/product_tag?post=13207"}],"curies":[{"name":"wp","href":"https:\/\/api.w.org\/{rel}","templated":true}]}}