{"id":13279,"date":"2022-03-07T09:16:14","date_gmt":"2022-05-09T11:27:14","guid":{"rendered":"https:\/\/uhoneytr.com\/product\/cam-bali\/"},"modified":"2022-06-01T08:16:49","modified_gmt":"2022-06-01T08:16:49","slug":"cam-bali","status":"publish","type":"product","link":"https:\/\/u-honey.com\/tr\/product\/cam-bali\/","title":{"rendered":"\u00c7am Bal\u0131 460 gr"},"content":{"rendered":"<p>\u00c7am bal\u0131 denilince de g\u00fc\u00e7l\u00fc aromas\u0131, ho\u015f tad\u0131, ho\u015f \u00e7i\u00e7ek aromas\u0131 ve sa\u011fl\u0131\u011fa say\u0131s\u0131z faydas\u0131ndan bahsetmi\u015f olurum. \u00c7\u00fcnk\u00fc \u00e7am bal\u0131 di\u011fer bal t\u00fcrlerinden \u00fcretilme \u015fekliyle farkl\u0131l\u0131k g\u00f6sterir. \u00d6zenle se\u00e7ilmi\u015f g\u00fc\u00e7l\u00fc bir lezzeti denemeye ve bir ka\u015f\u0131k hakiki Uhoney \u00e7am bal\u0131 ile \u00f6zel bir lezzetin tad\u0131n\u0131 \u00e7\u0131karmaya ne dersiniz?<\/p>\n<p><strong>\u00c7am bal\u0131 nedir?<\/strong><\/p>\n<p>\u00c7am bal\u0131, \u00e7am a\u011fa\u00e7lar\u0131ndan elde edilen bald\u0131r. Koyu kahverengi rengi, g\u00fc\u00e7l\u00fc aromas\u0131 ve \u00e7e\u015fitli mineral i\u00e7eri\u011fi ile ay\u0131rt edilir..<\/p>\n<p><strong>\u00c7am bal\u0131 nas\u0131l \u00fcretilir?<\/strong><\/p>\n<p>\u00c7am bal\u0131, bir \u00e7am a\u011fac\u0131n\u0131n g\u00f6vdesinde bir yara olu\u015fturulup ya\u011fl\u0131 bir s\u0131v\u0131n\u0131n \u00e7\u0131kar\u0131lmas\u0131 ve dam\u0131t\u0131lmas\u0131yla \u00fcretildi\u011fi i\u00e7in\u00a0 \u201corman bal\u0131\u201d veya \u201cmanna bal\u0131\u201d olarak adland\u0131r\u0131l\u0131r.<\/p>\n<p><strong>\u00c7am bal\u0131n\u0131n besin de\u011feri nedir?<\/strong><\/p>\n<p>Bir yemek ka\u015f\u0131\u011f\u0131 \u00e7am bal\u0131 yakla\u015f\u0131k 54 kalori de\u011ferindedir ayr\u0131ca ayn\u0131 zamanda size a\u015fa\u011f\u0131daki besin de\u011ferlerini sa\u011flayabilir.<\/p>\n<p>1. 3 gram miktar\u0131nda \u015feker<\/p>\n<p>2. 063 gram protein<\/p>\n<p>3. 3 gram miktar\u0131nda karbonhidratlar<\/p>\n<p>4. Diyet lifi 042 gram<\/p>\n<p>5. %2 fruktoz<\/p>\n<p>6. Glikozun %3&#8217;\u00fc<\/p>\n<p>7. Suyun %2 oran\u0131<\/p>\n<p>Ayr\u0131ca v\u00fccudunuzu ihtiya\u00e7 duydu\u011fu bir\u00e7ok vitamin, mineral, organik bile\u015fik ve antioksidanlar\u0131 da kar\u015f\u0131lar .<\/p>\n<p><strong>\u00c7am bal\u0131 ne zaman toplan\u0131r?<\/strong><\/p>\n<p>\u00c7am bal\u0131, ilkbaharda gen\u00e7 ye\u015fil \u00e7am kozalaklar\u0131ndan toplan\u0131r.<\/p>\n<p><strong>\u00c7am bal\u0131n\u0131n sa\u011fl\u0131\u011fa faydalar\u0131 nelerdir?<\/strong><\/p>\n<p>S\u00fcrekli olarak uygun miktarlarda \u00e7am bal\u0131 t\u00fcketmenin size bir\u00e7ok sa\u011fl\u0131k faydas\u0131 sa\u011flad\u0131\u011f\u0131n\u0131 ve ba\u011f\u0131\u015f\u0131kl\u0131\u011f\u0131 g\u00fc\u00e7lendirdi\u011fini, ayr\u0131ca sabun krem, parf\u00fcm, deodorant vb. imalat\u0131na girmesi gibi bir\u00e7ok kozmetik faydas\u0131n\u0131n oldu\u011funu biliyor muydunuz? Ayr\u0131ca bir\u00e7ok lezzetli yemeklerin haz\u0131rlanmas\u0131nda da kullanabilirsiniz.<\/p>\n<p><strong>\u00c7am bal\u0131 nas\u0131l kullan\u0131l\u0131r?<\/strong><\/p>\n<p>\u00c7am bal\u0131ndan en iyi \u015fekilde yararlanmak i\u00e7in a\u00e7 karn\u0131na bir yemek ka\u015f\u0131\u011f\u0131 al\u0131nmas\u0131 ve tatmin edici bir sonu\u00e7 elde edilene kadar bu d\u00f6ng\u00fcn\u00fcn devam ettirilmesi tercih edilir.<\/p>\n<p><strong>\u00c7am bal\u0131 \u00fcr\u00fcn\u00fc nas\u0131l muhafaza edilir?<\/strong><\/p>\n<p>hakiki \u00e7am bal\u0131 \u00fcr\u00fcn\u00fcn\u00fc sat\u0131n almadan \u00f6nce paketin \u00fczerinde yazan son kullanma tarihini kontrol ederek orta s\u0131cakl\u0131ktaki bir yerde muhafaza edebilirsiniz.<\/p>\n<p><strong>\u00c7am bal\u0131 kullanman\u0131n zararlar\u0131 var m\u0131d\u0131r?<\/strong><\/p>\n<p>\u00c7am bal\u0131 hi\u00e7bir kimyasal katk\u0131 maddesi i\u00e7ermeyen %100 do\u011fal bir \u00fcr\u00fcn oldu\u011fu i\u00e7in \u00f6l\u00e7\u00fcl\u00fc yenildi\u011fi s\u00fcrece kullan\u0131lmas\u0131nda bir sak\u0131nca yoktur.<\/p>\n<p><strong>\u00c7am bal\u0131 \u00e7ocuklar i\u00e7in g\u00fcvenli midir?<\/strong><\/p>\n<p>\u00c7am bal\u0131 do\u011fal \u00fcr\u00fcnlerden yap\u0131l\u0131r ve hi\u00e7bir kimyasal i\u00e7ermez, bu nedenle \u00e7ocuklar i\u00e7in g\u00fcvenlidir ve hatta b\u00fcy\u00fcmelerine yard\u0131mc\u0131 olmaya ba\u011f\u0131\u015f\u0131kl\u0131klar\u0131n\u0131 g\u00fc\u00e7lendirmeye etkili bir \u015fekilde katk\u0131da bulunur.<\/p>\n<p><strong>\u00c7am bal\u0131 \u00fcr\u00fcn\u00fcn\u00fcn hakiki oldu\u011fundan nas\u0131l emin olabilirsiniz?<\/strong><\/p>\n<p>\u00c7am bal\u0131 \u00fcr\u00fcn\u00fcn\u00fcn hakiki oldu\u011fundan emin olman\u0131n iki yolu vard\u0131r, bu \u00fcr\u00fcn\u00fc akredite laboratuvarlarda kontrol etmek veya g\u00fcvenilirli\u011fi y\u00fcksek ma\u011fazalardan sat\u0131n almakt\u0131r.<\/p>\n<p><strong>\u00c7am bal\u0131 \u00fcr\u00fcn\u00fcn\u00fcn fiyat\u0131 nedir?<\/strong><\/p>\n<p>\u00c7am bal\u0131 \u00fcr\u00fcn\u00fcn\u00fcn sat\u0131\u015f fiyat\u0131, paket a\u011f\u0131rl\u0131\u011f\u0131, \u00fcretim s\u00fcresi, y\u0131ll\u0131k \u00fcretim miktar\u0131 vb. kriterlere ba\u011fl\u0131d\u0131r.<\/p>\n<p><strong>\u00c7am bal\u0131 nereden bulunur?<\/strong><\/p>\n<p>B\u00fcy\u00fck bir \u00f6zenle ve uluslararas\u0131 kabul g\u00f6rm\u00fc\u015f en iyi kalite standartlar\u0131 takip edilerek elde edilen %100 do\u011fal i\u00e7erikli hakiki \u00e7am bal\u0131n\u0131 \u00e7ok uygun fiyatlarla ma\u011fazam\u0131zdan temin edebilirsiniz. \u015ea\u015f\u0131rt\u0131c\u0131 sa\u011fl\u0131k ve kozmetik faydalar\u0131ndan yararlanmak ve lezzetli yemeklerinizin \u00e7o\u011funda pop\u00fcler bir misafir olmak i\u00e7in \u00e7am bal\u0131 alabilirsiniz.<\/p>\n","protected":false},"excerpt":{"rendered":"<p>Bizimle harika bir al\u0131\u015fveri\u015f deneyiminde \u00fcr\u00fcn kalitesi, h\u0131zl\u0131 sevkiyat ve uygun fiyatlar\u0131 garanti edebilirsiniz.<\/p>\n","protected":false},"featured_media":13099,"comment_status":"open","ping_status":"closed","template":"","meta":[],"product_cat":[166,172,167],"product_tag":[173,174,175],"class_list":["post-13279","product","type-product","status-publish","has-post-thumbnail","hentry","product_cat-ari-bali","product_cat-en-cok-satilan-urunler","product_cat-urunlerimiz","product_tag-cam-bali","product_tag-cam-bali-tr","product_tag-turk-cam-bali"],"_links":{"self":[{"href":"https:\/\/u-honey.com\/tr\/wp-json\/wp\/v2\/product\/13279","targetHints":{"allow":["GET"]}}],"collection":[{"href":"https:\/\/u-honey.com\/tr\/wp-json\/wp\/v2\/product"}],"about":[{"href":"https:\/\/u-honey.com\/tr\/wp-json\/wp\/v2\/types\/product"}],"replies":[{"embeddable":true,"href":"https:\/\/u-honey.com\/tr\/wp-json\/wp\/v2\/comments?post=13279"}],"version-history":[{"count":2,"href":"https:\/\/u-honey.com\/tr\/wp-json\/wp\/v2\/product\/13279\/revisions"}],"predecessor-version":[{"id":13624,"href":"https:\/\/u-honey.com\/tr\/wp-json\/wp\/v2\/product\/13279\/revisions\/13624"}],"wp:featuredmedia":[{"embeddable":true,"href":"https:\/\/u-honey.com\/tr\/wp-json\/wp\/v2\/media\/13099"}],"wp:attachment":[{"href":"https:\/\/u-honey.com\/tr\/wp-json\/wp\/v2\/media?parent=13279"}],"wp:term":[{"taxonomy":"product_cat","embeddable":true,"href":"https:\/\/u-honey.com\/tr\/wp-json\/wp\/v2\/product_cat?post=13279"},{"taxonomy":"product_tag","embeddable":true,"href":"https:\/\/u-honey.com\/tr\/wp-json\/wp\/v2\/product_tag?post=13279"}],"curies":[{"name":"wp","href":"https:\/\/api.w.org\/{rel}","templated":true}]}}