{"id":13281,"date":"2022-03-07T11:08:15","date_gmt":"2022-05-10T19:49:55","guid":{"rendered":"https:\/\/uhoneytr.com\/product\/narenciye-bali\/"},"modified":"2022-07-03T20:26:36","modified_gmt":"2022-07-03T20:26:36","slug":"narenciye-bali","status":"publish","type":"product","link":"https:\/\/u-honey.com\/tr\/product\/narenciye-bali\/","title":{"rendered":"Narenciye Bal\u0131 460 gr"},"content":{"rendered":"<p style=\"font-weight: 400;\">Uhoney narenciye bal\u0131 paketlerinde bulabilece\u011finiz zengin bir bir \u00e7ok kullan\u0131m ve iyile\u015ftirici \u00f6zelli\u011fi vard\u0131r.<\/p>\n<p style=\"font-weight: 400;\"><b><strong>Uhoney<\/strong><\/b> <b><strong>Narenciye Bal\u0131 Nedir<\/strong><\/b><b><strong>?<\/strong><\/b><\/p>\n<p style=\"font-weight: 400;\">C vitamini ve flavonoidler gibi antioksidanlar a\u00e7\u0131s\u0131ndan zengin oldu\u011fu bilinen turun\u00e7gillerin nektar\u0131ndan ar\u0131lar taraf\u0131ndan \u00fcretilen bald\u0131r. Bu bal t\u00fcr\u00fc, \u00e7ok tatl\u0131 tad\u0131, g\u00fc\u00e7l\u00fc portakal ve limon kokusu, alt\u0131n rengi ve h\u0131zl\u0131 kristalle\u015fmesi ile karakterizedir.<\/p>\n<p style=\"font-weight: 400;\"><b><strong>Uhoney<\/strong><\/b> <b><strong>Narenciye Bal\u0131n\u0131n besin de\u011feri nedir<\/strong><\/b><b><strong>?<\/strong><\/b><\/p>\n<p style=\"font-weight: 400;\">Her 21 gram Uhoney Narenciye Bal\u0131 \u015funlar\u0131 i\u00e7erir;<\/p>\n<p style=\"font-weight: 400;\">64 kalori.<\/p>\n<p style=\"font-weight: 400;\">Fruktoz, sakaroz, glikoz ve maltoz i\u00e7eren 17 gram \u015feker<\/p>\n<p style=\"font-weight: 400;\">Ayr\u0131ca \u00e7inko ve demir dahil olmak \u00fczere k\u00fc\u00e7\u00fck bir vitamin ve mineral oran\u0131na ek olarak b\u00fcy\u00fck oranda amino asitler ve antioksidanlar da i\u00e7erir.<\/p>\n<p style=\"font-weight: 400;\">Bal\u0131n rengi ne kadar koyu olursa, o kadar fazla antioksidan i\u00e7erdi\u011fini g\u00f6sterir.<\/p>\n<p style=\"font-weight: 400;\"><b><strong>Uhoney<\/strong><\/b> <b><strong>narenciye bal\u0131 ne zaman toplan\u0131r<\/strong><\/b><b><strong>?<\/strong><\/b><\/p>\n<p style=\"font-weight: 400;\">Narenciye a\u011fa\u00e7lar\u0131 mart ve nisan aylar\u0131nda \u00e7i\u00e7ek a\u00e7ar ve nisan sonunda bal hasat edilir.<\/p>\n<p style=\"font-weight: 400;\"><b><strong>Uhoney<\/strong><\/b> <b><strong>narenciye bal\u0131n\u0131n sa\u011fl\u0131\u011fa faydalar\u0131 nelerdir<\/strong><\/b><b><strong>?<\/strong><\/b><\/p>\n<p style=\"font-weight: 400;\">Uhoney narenciye bal\u0131 ile elde edebilece\u011finiz pek \u00e7ok sa\u011fl\u0131k yararlar\u0131 bulunur;<\/p>\n<ol>\n<li style=\"font-weight: 400;\">Anemi tedavisi ve kandaki hemoglobin oran\u0131n\u0131 y\u00fckseltmek.<\/li>\n<li style=\"font-weight: 400;\">Sindirim, solunum ve idrar sistemlerinin performans\u0131n\u0131n iyile\u015ftirilmesi,<\/li>\n<li style=\"font-weight: 400;\">A\u011f\u0131z bakterilerini temizlemek,<\/li>\n<li style=\"font-weight: 400;\">Gece uykusuzlu\u011funun tedavisi,<\/li>\n<li style=\"font-weight: 400;\">Y\u00fcksek tansiyonu d\u00fc\u015f\u00fcrmeye yard\u0131mc\u0131 olur.<\/li>\n<li style=\"font-weight: 400;\">Ba\u011f\u0131\u015f\u0131kl\u0131k sisteminin performans\u0131n\u0131 artt\u0131r\u0131r.<\/li>\n<li style=\"font-weight: 400;\">\u00c7ocuklar\u0131n kemik ve di\u015flerinin geli\u015fimini destekler.<\/li>\n<li style=\"font-weight: 400;\">V\u00fccuda enerji ve canl\u0131l\u0131k verir.<\/li>\n<li style=\"font-weight: 400;\">Zihinsel yetenekleri geli\u015ftirir.<\/li>\n<li style=\"font-weight: 400;\">Sinirleri yat\u0131\u015ft\u0131r\u0131p ve rahatlama hissi verir.<\/li>\n<\/ol>\n<p style=\"font-weight: 400;\"><b><strong>Uhoney<\/strong><\/b> <b><strong>narenciye bal\u0131 nas\u0131l kullan\u0131l\u0131r<\/strong><\/b><b><strong>?<\/strong><\/b><\/p>\n<p style=\"font-weight: 400;\">Uhoney narenciye bal\u0131&#8217;ndan en iyi \u015fekilde yararlanmak i\u00e7in kahvalt\u0131dan \u00f6nce 1 yemek ka\u015f\u0131\u011f\u0131 Uhoney narenciye bal\u0131 ile \u00bd su barda\u011f\u0131 su veya \u0131l\u0131k s\u00fct ile t\u00fcketilmesi \u00f6nerilir.<\/p>\n<p style=\"font-weight: 400;\"><b><strong>Uhoney<\/strong><\/b> <b><strong>narenciye bal\u0131<\/strong><\/b> <b><strong>g\u00fcvenli mi?<\/strong><\/b><\/p>\n<p style=\"font-weight: 400;\">Uhoney narenciye bal\u0131, do\u011fal bir tatland\u0131r\u0131c\u0131 olarak, do\u011frudan \u00f6l\u00e7\u00fcl\u00fc olarak veya enfeksiyonlar ve yaralar i\u00e7in topikal bir uygulama olarak g\u00fcvenle kullan\u0131labilir.<\/p>\n<p style=\"font-weight: 400;\"><b><strong>Uhoney<\/strong><\/b> <b><strong>narenciye bal\u0131<\/strong><\/b> <b><strong>bebekler i\u00e7in g\u00fcvenli mi?<\/strong><\/b><\/p>\n<p style=\"font-weight: 400;\">Uhoney narenciye bal\u0131&#8217;n\u0131n t\u00fcm bile\u015fenleri %100 do\u011fal oldu\u011fundan \u00e7ocuklar i\u00e7in g\u00fcvenlidir, hatta kemiklerinin ve di\u015flerinin b\u00fcy\u00fcmesini te\u015fvik eder ve mideleri i\u00e7in onlara enerji, canl\u0131l\u0131k ve aktivite veren hafif ve ideal bir besindir.<\/p>\n<p style=\"font-weight: 400;\"><b><strong>Uhoney<\/strong><\/b> <b><strong>narenciye bal\u0131 \u00fcr\u00fcn\u00fcn\u00fcn hakiki oldu\u011fundan nas\u0131l emin olabiliriz<\/strong><\/b><b><strong>?<\/strong><\/b><\/p>\n<p style=\"font-weight: 400;\">Uhoney narenciye bal\u0131n\u0131n hakiki oldu\u011fundan emin olman\u0131n en iyi yolu, y\u00fcksek kaliteli \u00fcr\u00fcnler alaca\u011f\u0131n\u0131z\u0131 garanti eden ma\u011fazam\u0131zdan sat\u0131n almakt\u0131r.<\/p>\n<p style=\"font-weight: 400;\"><b><strong>Uhoney<\/strong><\/b> <b><strong>narenciye bal\u0131n\u0131 nereden bulabiliriz<\/strong><\/b><b><strong>?<\/strong><\/b><\/p>\n<p style=\"font-weight: 400;\">Uhoney narenciye bal\u0131n\u0131, nerede olursan\u0131z olun size ula\u015fana kadar \u00fcretiminin her a\u015famas\u0131nda b\u00fcy\u00fck bir \u00f6zen ve titizlik g\u00f6sterildi\u011finden, kalitesinden ve hakiki, e\u015fsiz bal oldu\u011fundan emin olmak i\u00e7in uygun fiyatlarla ma\u011fazam\u0131zdan kolayca sat\u0131n alabilirsiniz.<\/p>\n","protected":false},"excerpt":{"rendered":"<p>Kar\u015f\u0131 konulmaz lezzetinin tad\u0131n\u0131 \u00e7\u0131karacaks\u0131n\u0131z.<\/p>\n","protected":false},"featured_media":13105,"comment_status":"open","ping_status":"closed","template":"","meta":[],"product_cat":[166,167],"product_tag":[179,176,177,180,178],"class_list":["post-13281","product","type-product","status-publish","has-post-thumbnail","hentry","product_cat-ari-bali","product_cat-urunlerimiz","product_tag-cocuklar-icin-bal","product_tag-narenciye-bali","product_tag-narenciye-bali-tr","product_tag-sabah-bali","product_tag-yaz-bali"],"_links":{"self":[{"href":"https:\/\/u-honey.com\/tr\/wp-json\/wp\/v2\/product\/13281","targetHints":{"allow":["GET"]}}],"collection":[{"href":"https:\/\/u-honey.com\/tr\/wp-json\/wp\/v2\/product"}],"about":[{"href":"https:\/\/u-honey.com\/tr\/wp-json\/wp\/v2\/types\/product"}],"replies":[{"embeddable":true,"href":"https:\/\/u-honey.com\/tr\/wp-json\/wp\/v2\/comments?post=13281"}],"version-history":[{"count":5,"href":"https:\/\/u-honey.com\/tr\/wp-json\/wp\/v2\/product\/13281\/revisions"}],"predecessor-version":[{"id":13619,"href":"https:\/\/u-honey.com\/tr\/wp-json\/wp\/v2\/product\/13281\/revisions\/13619"}],"wp:featuredmedia":[{"embeddable":true,"href":"https:\/\/u-honey.com\/tr\/wp-json\/wp\/v2\/media\/13105"}],"wp:attachment":[{"href":"https:\/\/u-honey.com\/tr\/wp-json\/wp\/v2\/media?parent=13281"}],"wp:term":[{"taxonomy":"product_cat","embeddable":true,"href":"https:\/\/u-honey.com\/tr\/wp-json\/wp\/v2\/product_cat?post=13281"},{"taxonomy":"product_tag","embeddable":true,"href":"https:\/\/u-honey.com\/tr\/wp-json\/wp\/v2\/product_tag?post=13281"}],"curies":[{"name":"wp","href":"https:\/\/api.w.org\/{rel}","templated":true}]}}