{"id":13282,"date":"2022-03-07T10:30:19","date_gmt":"2022-05-10T20:06:36","guid":{"rendered":"https:\/\/uhoneytr.com\/product\/cicek-bali\/"},"modified":"2022-07-03T20:22:47","modified_gmt":"2022-07-03T20:22:47","slug":"cicek-bali","status":"publish","type":"product","link":"https:\/\/u-honey.com\/tr\/product\/cicek-bali\/","title":{"rendered":"\u00c7i\u00e7ek Bal\u0131 460 gr"},"content":{"rendered":"<p>Her evde olup yemek masan\u0131z\u0131n sevgili misafiri olan bu bal, \u00e7ekici aromas\u0131 ve harika tad\u0131 ile masan\u0131z\u0131 g\u00fczelle\u015ftirir ve bunun \u00fczerine \u00e7ocuklar\u0131n\u0131z i\u00e7in dengeli bir \u00f6\u011f\u00fcnd\u00fcr, Uhoney \u00e7i\u00e7ek bal\u0131 hakk\u0131nda \u00f6\u011frenmek isteyebilece\u011finiz bilgiler;<\/p>\n<p><strong>Uhoney \u00e7i\u00e7ek bal\u0131 nedir?<\/strong><\/p>\n<p>\u00d6zellikle \u00e7ocuklar\u0131n\u0131z\u0131 sa\u011fl\u0131kl\u0131 ve sa\u011fl\u0131kl\u0131 bir \u015fekilde b\u00fcy\u00fctmek ve onlara dengeli beslenme sa\u011flamak istiyorsan\u0131z, ho\u015f aromas\u0131 ve harika tad\u0131 ve \u00e7oklu sa\u011fl\u0131k yararlar\u0131 ile karakterize edilen en yayg\u0131n bal t\u00fcr\u00fcd\u00fcr, vitamin ve mineral gibi v\u00fccut i\u00e7in \u00f6nemli besinler i\u00e7erir.<\/p>\n<p><strong>Uhoney \u00e7i\u00e7ek bal\u0131 nas\u0131l \u00fcretilir?<\/strong><\/p>\n<p>Uhoney \u00e7i\u00e7ek bal\u0131 \u00e7i\u00e7ek ve g\u00fcllerin nektar\u0131ndan \u00fcretilir. Ar\u0131lar bu \u00e7i\u00e7eklerden nektar\u0131 toplar, sonra \u015fekerli bir s\u0131v\u0131ya d\u00f6n\u00fc\u015ft\u00fcr\u00fcr, balmumu ile petek g\u00f6zleri kapat\u0131l\u0131r ve\u00a0bal\u00a0haz\u0131r hale getirilir. Bir ar\u0131 kursa\u011f\u0131n\u0131 doldurabilmek i\u00e7in 1500 defa\u00a0\u00e7i\u00e7ek\u00a0ziyareti ger\u00e7ekle\u015ftirir. 1 gram\u00a0bal\u00a0ise 180 bin\u00a0\u00e7i\u00e7ek\u00a0ziyareti sonucunda olu\u015fur.<\/p>\n<p><strong>Uhoney \u00e7i\u00e7ek bal\u0131n\u0131n besin de\u011feri nedir?<\/strong><\/p>\n<p>Bu bal\u0131 di\u011ferlerinden ay\u0131ran en \u00f6nemli \u00f6zelli\u011fi , v\u00fccut i\u00e7in \u00e7ok faydal\u0131 olan y\u00fcksek besin de\u011feri i\u00e7ermesidir. En \u00f6nemli bile\u015fenleri de a\u015fa\u011f\u0131daki gibidir :<\/p>\n<p>1. C vitamini<\/p>\n<p>2. A vitamini<\/p>\n<p>3. \u00f6nemli olan bir ba\u015fka vitamin grubu<\/p>\n<p>4. Magnezyum, kalsiyum ve \u00e7inko gibi bir grup mineral<\/p>\n<p>5. Anti-oksidanlar<\/p>\n<p>6. Proteinler<\/p>\n<p>7. Diyet lifi<\/p>\n<p>8. Glikoz ve fruktoz oran\u0131<\/p>\n<p><strong>Uhoney \u00e7i\u00e7ek bal\u0131n\u0131n sa\u011fl\u0131\u011fa faydalar\u0131 nelerdir?<\/strong><\/p>\n<p>Uhoney \u00e7i\u00e7ek bal\u0131, bal\u0131n\u0131n besin de\u011feri yeti\u015fkinler veya bir y\u0131ldan b\u00fcy\u00fck olan \u00e7ocuklar i\u00e7in fark etmeksizin sa\u011fl\u0131k veya kozmetik a\u00e7\u0131s\u0131ndan \u00f6nemli faydalar\u0131 vard\u0131r, ayn\u0131 zamanda;<\/p>\n<p>1. V\u00fccuda enerji, canl\u0131l\u0131k ve aktivite sa\u011flar.<\/p>\n<p>2. Odaklanmaya yard\u0131mc\u0131 olur.<\/p>\n<p>3. \u00c7ocuklar\u0131n kemiklerinin do\u011fal bir \u015fekilde geli\u015fmesine yard\u0131mc\u0131 olur.<\/p>\n<p>4. V\u00fccudu ihtiya\u00e7 duydu\u011fu eksik besin maddeleri kar\u015f\u0131lar.<\/p>\n<p>5. Sa\u00e7 ve cilt i\u00e7in kozmetik tariflerde kullan\u0131l\u0131r.<\/p>\n<p><strong>Uhoney \u00e7i\u00e7ek bal\u0131 nas\u0131l kullan\u0131l\u0131r?<\/strong><\/p>\n<p>1. Uhoney \u00e7i\u00e7ek bal\u0131 sabah kahvalt\u0131dan \u00f6nce yar\u0131m bardak suya bir ka\u015f\u0131k al\u0131narak i\u00e7ilir.<\/p>\n<p>2. Favori i\u00e7eceklere ve yemeklere eklenebilir.<\/p>\n<p>3. Beyaz \u015fekere alternatif olarak i\u00e7ecekleri ve yiyecekleri tatland\u0131rmak i\u00e7in de kullan\u0131l\u0131r.<\/p>\n<p>4. Cilt ve sa\u00e7\u0131n tazeli\u011fini ve canl\u0131l\u0131\u011f\u0131n\u0131 korumas\u0131 i\u00e7in maske olarak kullan\u0131labilir.<\/p>\n<p><strong>Uhoney \u00e7i\u00e7ek bal\u0131 \u00fcr\u00fcn\u00fcn\u00fc nas\u0131l muhafaza edilir?<\/strong><\/p>\n<p>Uhoney \u00e7i\u00e7ek bal\u0131n\u0131 y\u00fcksek s\u0131cakl\u0131klardan uzak, karanl\u0131k yerlerde saklayarak \u00f6zelliklerini ve besin de\u011ferini koruyabilirsiniz, ayr\u0131ca buzdolab\u0131nda da muhafaza edilmemeli.<\/p>\n<p><strong>Uhoney \u00e7i\u00e7ek bal\u0131 kullanman\u0131n zararlar\u0131 var m\u0131?<\/strong><\/p>\n<p>Ubal \u00e7i\u00e7ek bal\u0131n\u0131n t\u00fcm bile\u015fenleri tamamen do\u011fal ve v\u00fccuda faydal\u0131 oldu\u011fu i\u00e7in herhangi bir zarar\u0131 veya yan etkisi yoktur, bir ya\u015f\u0131ndan b\u00fcy\u00fck \u00e7ocuklara verildi\u011fi de unutulmamal\u0131d\u0131r.<\/p>\n<p><strong>Uhoney \u00e7i\u00e7ek bal\u0131 \u00fcr\u00fcn\u00fcn\u00fcn hakiki oldu\u011fundan nas\u0131l emin olabiliriz?<\/strong><\/p>\n<p>Gereksiz kalitede hakiki olmayan \u00e7i\u00e7ek bal\u0131 ticareti yapabilecek olduk\u00e7a y\u00fcksek say\u0131da ma\u011fazalar var, bu nedenle bal\u0131 sat\u0131n almadan \u00f6nce bunun i\u00e7in belirlenmi\u015f onayl\u0131 laboratuvarlarda kontrol etmeniz \u00f6nerilir.<\/p>\n","protected":false},"excerpt":{"rendered":"<p>Her evde olup yemek masan\u0131z\u0131n sevgili misafiri olan bu bal, \u00e7ekici aromas\u0131 ve harika tad\u0131 ile masan\u0131z\u0131 g\u00fczelle\u015ftirir ve bunun<\/p>\n","protected":false},"featured_media":13087,"comment_status":"open","ping_status":"closed","template":"","meta":[],"product_cat":[166,167],"product_tag":[181,183,182],"class_list":["post-13282","product","type-product","status-publish","has-post-thumbnail","hentry","product_cat-ari-bali","product_cat-urunlerimiz","product_tag-cicek-bali","product_tag-cicek-bali-tr","product_tag-turk-cicek-bali"],"_links":{"self":[{"href":"https:\/\/u-honey.com\/tr\/wp-json\/wp\/v2\/product\/13282","targetHints":{"allow":["GET"]}}],"collection":[{"href":"https:\/\/u-honey.com\/tr\/wp-json\/wp\/v2\/product"}],"about":[{"href":"https:\/\/u-honey.com\/tr\/wp-json\/wp\/v2\/types\/product"}],"replies":[{"embeddable":true,"href":"https:\/\/u-honey.com\/tr\/wp-json\/wp\/v2\/comments?post=13282"}],"version-history":[{"count":3,"href":"https:\/\/u-honey.com\/tr\/wp-json\/wp\/v2\/product\/13282\/revisions"}],"predecessor-version":[{"id":13622,"href":"https:\/\/u-honey.com\/tr\/wp-json\/wp\/v2\/product\/13282\/revisions\/13622"}],"wp:featuredmedia":[{"embeddable":true,"href":"https:\/\/u-honey.com\/tr\/wp-json\/wp\/v2\/media\/13087"}],"wp:attachment":[{"href":"https:\/\/u-honey.com\/tr\/wp-json\/wp\/v2\/media?parent=13282"}],"wp:term":[{"taxonomy":"product_cat","embeddable":true,"href":"https:\/\/u-honey.com\/tr\/wp-json\/wp\/v2\/product_cat?post=13282"},{"taxonomy":"product_tag","embeddable":true,"href":"https:\/\/u-honey.com\/tr\/wp-json\/wp\/v2\/product_tag?post=13282"}],"curies":[{"name":"wp","href":"https:\/\/api.w.org\/{rel}","templated":true}]}}