{"id":13283,"date":"2022-03-07T11:01:13","date_gmt":"2022-05-10T20:20:48","guid":{"rendered":"https:\/\/uhoneytr.com\/product\/kekik-bali\/"},"modified":"2022-07-03T20:23:27","modified_gmt":"2022-07-03T20:23:27","slug":"kekik-bali","status":"publish","type":"product","link":"https:\/\/u-honey.com\/tr\/product\/kekik-bali\/","title":{"rendered":"Kekik Bal\u0131 460 gr"},"content":{"rendered":"<p>Kahvalt\u0131 ve at\u0131\u015ft\u0131rmal\u0131klar i\u00e7in kekik ile kar\u0131\u015ft\u0131r\u0131lm\u0131\u015f al\u0131\u015f\u0131lmad\u0131k bir bal aromas\u0131 ar\u0131yorsan\u0131z, e\u015fsiz bir lezzeti olan Uhoney kekik bal\u0131n\u0131 ka\u00e7\u0131rmay\u0131n\u0131z.<\/p>\n<p><strong>Uhoney<\/strong> <strong>kekik bal\u0131<\/strong> <strong>nedir?<\/strong><\/p>\n<p>Uhoney kekik bal\u0131 %100 hakiki bir \u00fcr\u00fcnd\u00fcr. Uhoney kekik bal\u0131, do\u011fal antiseptik \u00f6zellikleri, ho\u015f aromas\u0131 ve lezzetli tad\u0131 ile v\u00fccudunuzu bir\u00e7ok hastal\u0131ktan korumaya etkili bir \u015fekilde katk\u0131da bulunur.<\/p>\n<p><strong>Kekik<\/strong> <strong>bal\u0131<\/strong> <strong>nas\u0131l \u00fcretilir<\/strong>?<\/p>\n<p>\u00c7\u00f6rek otu bal\u0131, kekik veya herhangi bir kekik bitkisinin nektar ve \u00e7i\u00e7e\u011fi ile beslenen ar\u0131lar taraf\u0131ndan \u00fcretilir. Bu da v\u00fccuda enerji, canl\u0131l\u0131k ve aktivite vermek ve onu hastal\u0131klardan korumak i\u00e7in bir\u00e7ok faydal\u0131 do\u011fal maddeden daha zengin ve iyi bal \u00fcretir.<\/p>\n<p><strong>Uhoney<\/strong> <strong>kekik bal\u0131n\u0131n<\/strong> <strong>besin de\u011feri nedir<\/strong>?<\/p>\n<p>Polifenoller ve flavonoidler i\u00e7erdi\u011finden b\u00fcy\u00fck besin de\u011feri ile ay\u0131rt edilir ve ayr\u0131ca antioksidanlar ile karakterize edilir. Kalp hastal\u0131klar\u0131, \u00e7e\u015fitli kanser t\u00fcrleri ve ast\u0131m gibi \u00e7ok say\u0131da hastal\u0131\u011fa ve sa\u011fl\u0131k sorunlar\u0131na yol a\u00e7an anemon ve serbest radikallerle sava\u015fma ve ortadan kald\u0131rma gibi \u00f6nemli faydalar\u0131 vard\u0131r.<\/p>\n<p><strong>Uhoney<\/strong> <strong>kekik bal\u0131n\u0131n<\/strong> <strong>sa\u011fl\u0131\u011fa faydalar\u0131 nelerdir?<\/strong><\/p>\n<p>Kekik bal\u0131, v\u00fccuda a\u015fa\u011f\u0131daki sa\u011fl\u0131k yararlar\u0131n\u0131 vererek karakterize edilir:<\/p>\n<ol>\n<li>V\u00fccudu kanserli hastal\u0131klardan korumak,<\/li>\n<li>G\u00f6\u011f\u00fcs veya deri alerjisi i\u00e7in etkili bir tedavidir .<\/li>\n<li>Kas iltihab\u0131 tedavisi,<\/li>\n<li>Sindirim ve solunum problemlerinin tedavisi,<\/li>\n<li>\u015eeker hastal\u0131\u011f\u0131 i\u00e7in faydal\u0131d\u0131r.<\/li>\n<li>V\u00fccuda g\u00fcnl\u00fck i\u015flevlerini yerine getirmek i\u00e7in ihtiya\u00e7 duydu\u011fu enerji ve canl\u0131l\u0131\u011f\u0131 sa\u011flar.<\/li>\n<li>Ba\u011f\u0131\u015f\u0131kl\u0131k sisteminin performans\u0131n\u0131 artt\u0131r\u0131r.<\/li>\n<li>V\u00fccutta \u00f6zellikle kar\u0131n veya rumen b\u00f6lgesinde biriken ya\u011flar\u0131n eritilmesine yard\u0131mc\u0131 olur.<\/li>\n<li>Erkeklerde ve kad\u0131nlarda libidoyu artt\u0131r\u0131r.<\/li>\n<li>Sa\u00e7\u0131 g\u00fc\u00e7lendirmeye ve yo\u011funla\u015ft\u0131rmaya ek olarak, uzatmaya ve daha canl\u0131 ve sa\u011fl\u0131kl\u0131 bir g\u00f6r\u00fcn\u00fcm kazand\u0131rmaya da yard\u0131mc\u0131 olur.<\/li>\n<\/ol>\n<p><strong>Uhoney<\/strong> <strong>kekik bal\u0131<\/strong> <strong>nas\u0131l kullan\u0131l\u0131r?<\/strong><\/p>\n<p>Uhoney kekik bal\u0131n\u0131 a\u015fa\u011f\u0131daki yollardan biriyle t\u00fcketebilirsiniz:<\/p>\n<ol>\n<li>Uhoney \u00e7i\u00e7ek bal\u0131 sabah kahvalt\u0131dan \u00f6nce yar\u0131m bardak suya bir ka\u015f\u0131k al\u0131narak i\u00e7ilir.<\/li>\n<li>\u0130stedi\u011finiz i\u00e7eceklere veya yemeklere eklenerek t\u00fcketilebilir.<\/li>\n<li>Beyaz \u015fekere alternatif olarak i\u00e7ecekleri ve yiyecekleri tatland\u0131rmak i\u00e7in de kullan\u0131l\u0131r.<\/li>\n<li>Cilt ve sa\u00e7\u0131n tazeli\u011fini ve canl\u0131l\u0131\u011f\u0131n\u0131 korumak i\u00e7in maske olarak kullan\u0131labilir.<\/li>\n<\/ol>\n<p><strong>Uhoney<\/strong> <strong>kekik bal\u0131 kullanman\u0131n zarar\u0131 var m\u0131?<\/strong><\/p>\n<p>Uhoney kekik bal\u0131, hakiki ve herhangi bir kimyasal katk\u0131 maddesi i\u00e7ermeyen %100 do\u011fal bir \u00fcr\u00fcn oldu\u011fundan, \u00f6l\u00e7\u00fcl\u00fc kullan\u0131ld\u0131\u011f\u0131 takdirde t\u00fcketilmesinde hi\u00e7bir sak\u0131nca yoktur.<\/p>\n<p><strong>Uhoney kekik bal\u0131 \u00fcr\u00fcn\u00fcn\u00fcn<\/strong> <strong>hakiki<\/strong> <strong>oldu\u011fundan nas\u0131l emin olabiliriz?<\/strong><\/p>\n<p>Uhoney kekik bal\u0131, kekik \u00e7i\u00e7e\u011finin nektar\u0131ndan tamamen do\u011fal olarak \u00fcretilir ve bu bal\u0131n kekik tozu ile kar\u0131\u015ft\u0131r\u0131lmad\u0131\u011f\u0131n\u0131 bilerek, do\u011fal ve hakiki bir \u00fcr\u00fcn oldu\u011funa dair tam bir g\u00fcvenle bu \u00fcr\u00fcn\u00fc sat\u0131n alabilirsiniz.<\/p>\n","protected":false},"excerpt":{"rendered":"<p>Kahvalt\u0131 ve at\u0131\u015ft\u0131rmal\u0131klar i\u00e7in kekik ile kar\u0131\u015ft\u0131r\u0131lm\u0131\u015f al\u0131\u015f\u0131lmad\u0131k bir bal aromas\u0131 ar\u0131yorsan\u0131z, e\u015fsiz bir lezzeti olan Uhoney kekik bal\u0131n\u0131 ka\u00e7\u0131rmay\u0131n\u0131z.<\/p>\n","protected":false},"featured_media":13103,"comment_status":"open","ping_status":"closed","template":"","meta":[],"product_cat":[166,172,167],"product_tag":[184,185],"class_list":["post-13283","product","type-product","status-publish","has-post-thumbnail","hentry","product_cat-ari-bali","product_cat-en-cok-satilan-urunler","product_cat-urunlerimiz","product_tag-kekik-bali","product_tag-kekik-bali-tr"],"_links":{"self":[{"href":"https:\/\/u-honey.com\/tr\/wp-json\/wp\/v2\/product\/13283","targetHints":{"allow":["GET"]}}],"collection":[{"href":"https:\/\/u-honey.com\/tr\/wp-json\/wp\/v2\/product"}],"about":[{"href":"https:\/\/u-honey.com\/tr\/wp-json\/wp\/v2\/types\/product"}],"replies":[{"embeddable":true,"href":"https:\/\/u-honey.com\/tr\/wp-json\/wp\/v2\/comments?post=13283"}],"version-history":[{"count":5,"href":"https:\/\/u-honey.com\/tr\/wp-json\/wp\/v2\/product\/13283\/revisions"}],"predecessor-version":[{"id":13620,"href":"https:\/\/u-honey.com\/tr\/wp-json\/wp\/v2\/product\/13283\/revisions\/13620"}],"wp:featuredmedia":[{"embeddable":true,"href":"https:\/\/u-honey.com\/tr\/wp-json\/wp\/v2\/media\/13103"}],"wp:attachment":[{"href":"https:\/\/u-honey.com\/tr\/wp-json\/wp\/v2\/media?parent=13283"}],"wp:term":[{"taxonomy":"product_cat","embeddable":true,"href":"https:\/\/u-honey.com\/tr\/wp-json\/wp\/v2\/product_cat?post=13283"},{"taxonomy":"product_tag","embeddable":true,"href":"https:\/\/u-honey.com\/tr\/wp-json\/wp\/v2\/product_tag?post=13283"}],"curies":[{"name":"wp","href":"https:\/\/api.w.org\/{rel}","templated":true}]}}