{"id":13284,"date":"2022-03-07T10:52:29","date_gmt":"2022-05-10T20:36:48","guid":{"rendered":"https:\/\/uhoneytr.com\/product\/ihlamur-bali\/"},"modified":"2022-07-03T20:27:49","modified_gmt":"2022-07-03T20:27:49","slug":"ihlamur-cicek-bali","status":"publish","type":"product","link":"https:\/\/u-honey.com\/tr\/product\/ihlamur-cicek-bali\/","title":{"rendered":"Ihlamur Bal\u0131 460 gr"},"content":{"rendered":"<p><strong>Uhoney \u0131hlamur bal\u0131 nedir?<\/strong><\/p>\n<p>\u015eeffaf beyaz rengi, baharatl\u0131 kokuya meyilli \u00e7i\u00e7eksi aromas\u0131 ve kendine \u00f6zg\u00fc tad\u0131yla ayn\u0131 zamanda h\u0131zl\u0131 kristalle\u015fmesi, orta veya ince forma d\u00f6n\u00fc\u015fmesi ile karakterize edilen %100 do\u011fal i\u00e7erikli bir bal t\u00fcr\u00fcd\u00fcr.<\/p>\n<p><strong>Uhoney \u0131hlamur bal\u0131 nas\u0131l \u00fcretilir?<\/strong><\/p>\n<p>Uhoney \u0131hlamur bal\u0131, ar\u0131lar\u0131n \u0131hlamur a\u011fac\u0131 \u00e7i\u00e7eklerinin nektar\u0131n\u0131 emerek, belirli maddelerle kar\u0131\u015ft\u0131r\u0131p mevsiminde tamamen olgunla\u015fana kadar tabletlerde saklayarak \u00fcretilir.<\/p>\n<p><strong>Uhoney \u0131hlamur bal\u0131n\u2019\u0131n besin de\u011feri nedir?<\/strong><\/p>\n<p>Her 100 gram Uhoney \u0131hlamur bal\u0131 300 kalori i\u00e7erir ve ayr\u0131ca a\u015fa\u011f\u0131daki do\u011fal maddelerden de olu\u015fur.<\/p>\n<p>78 gram karbonhidrat.<\/p>\n<p>78 gram glikoz.<\/p>\n<p>0,5 gram protein.<\/p>\n<p>0.009 gram vitamin.<\/p>\n<p>0.062 gram metal.<\/p>\n<p>Bu, sitrik ve glikolik asit, invertaz enzimleri ve amino asitlere ektir.<\/p>\n<p><strong>Uhoney \u0131hlamur bal\u0131 ne zaman toplan\u0131r?<\/strong><\/p>\n<p>Uhoney \u0131hlamur bal\u0131, \u0131hlamur \u00e7i\u00e7eklerinden nektar toplad\u0131ktan sonra ar\u0131lar taraf\u0131ndan depolanan disklerden Haziran ay\u0131nda tam olgunla\u015ft\u0131klar\u0131ndan sonra toplan\u0131r.<\/p>\n<p><strong>Uhoney Ihlamur bal\u0131n\u0131n sa\u011fl\u0131\u011fa faydalar\u0131 nelerdir?<\/strong><\/p>\n<p>Bir paket Uhoney \u0131hlamur bal\u0131na sahip olup onu g\u00fcnl\u00fck rutin olarak yerseniz, a\u015fa\u011f\u0131daki sa\u011fl\u0131k yararlar\u0131n\u0131 elde edebilirsiniz:<\/p>\n<p>1. Sinir sistemini sakinle\u015ftirir.<\/p>\n<p>2. Bo\u011faz enfeksiyonlar\u0131n\u0131n tedavisi,<\/p>\n<p>3. KBB hastal\u0131klar\u0131n\u0131n tedavisi,<\/p>\n<p>4. Sindirim sistemi hastal\u0131klar\u0131n\u0131n tedavisi,<\/p>\n<p>5. Zararl\u0131 kolesterol\u00fcn ortadan kald\u0131r\u0131lmas\u0131,<\/p>\n<p>6. fel\u00e7 ve kalp hastal\u0131klar\u0131na kar\u015f\u0131 diren\u00e7 g\u00f6sterir.<\/p>\n<p>7. Solunum yolu enfeksiyonlar\u0131na kar\u015f\u0131 diretir.<\/p>\n<p>8. Cilt hastal\u0131klar\u0131n\u0131n tedavisi,<\/p>\n<p>9. Ya\u015flanma kar\u015f\u0131t\u0131,<\/p>\n<p>10. Kanserli hastal\u0131klara diren\u00e7 g\u00f6sterir.<\/p>\n<p><strong>Uhoney \u0131hlamur bal\u0131 nas\u0131l kullan\u0131l\u0131r?<\/strong><\/p>\n<p>1. Yan\u0131klar\u0131 ve enfeksiyonlar\u0131 tedavi etmek i\u00e7in do\u011frudan cilde uygulayabilirsiniz.<\/p>\n<p>2. So\u011fuk alg\u0131nl\u0131\u011f\u0131n\u0131 tedavi etmek ve sa\u011fl\u0131\u011f\u0131n tad\u0131n\u0131 \u00e7\u0131karmak i\u00e7in sabahlar\u0131 bir bardak \u0131l\u0131k suya bir ka\u015f\u0131k bal alabilirsiniz.<\/p>\n<p>3. Uhoney \u0131hlamur bal\u0131n\u0131 g\u00fcnl\u00fck olarak yemek, genel olarak sa\u011fl\u0131\u011f\u0131n\u0131z\u0131 korumada en iyi sonu\u00e7lar\u0131 alaca\u011f\u0131n\u0131z anlam\u0131na gelir.<\/p>\n<p><strong>Uhoney \u0131hlamur \u00fcr\u00fcn\u00fc nas\u0131l muhafaza edilebilir?<\/strong><\/p>\n<p>Bir paket Uhoney \u0131hlamur bal\u0131n\u0131 orta s\u0131cakl\u0131ktaki bir odada saklayabilirsiniz.<\/p>\n<p><strong>Uhoney \u0131hlamur bal\u0131 kullanman\u0131n zarar\u0131 var m\u0131?<\/strong><\/p>\n<p>Uhoney \u0131hlamur bal\u0131n\u0131 herhangi bir kimyasal katk\u0131 i\u00e7ermeyen %100 do\u011fal bir \u00fcr\u00fcn oldu\u011fu i\u00e7in \u00f6l\u00e7\u00fcl\u00fc bir \u015fekilde kullan\u0131rsan\u0131z kullanman\u0131n herhangi bir zarar\u0131 veya yan etkisi yoktur.<\/p>\n<p><strong>Uhoney Ihlamur bal\u0131 \u00e7ocuklar i\u00e7in g\u00fcvenli midir?<\/strong><\/p>\n<p>Uhoney \u0131hlamur bal\u0131 %100 do\u011fal \u00fcr\u00fcnlerden yap\u0131l\u0131r ve hi\u00e7bir kimyasal i\u00e7ermez, bu nedenle bir ya\u015f\u0131n alt\u0131ndaki \u00e7ocuklar i\u00e7in bile tamamen g\u00fcvenlidir.<\/p>\n<p><strong>Ihlamur bal\u0131 \u00fcr\u00fcn\u00fcn\u00fcn hakiki oldu\u011fundan nas\u0131l emin olabilirsiniz?<\/strong><\/p>\n<p>Ma\u011fazam\u0131zdan bir paket Uhoney \u0131hlamur bal\u0131 ald\u0131ysan\u0131z kesinlikle %100 do\u011fal, hakiki bal al\u0131yorsunuzdur. Hakiki oldu\u011fundan emin olmak i\u00e7in akredite laboratuvarlar ile kontrol etmenize bile gerek yoktur.<\/p>\n<p><strong>Uhoney \u0131hlamur bal\u0131n\u0131n fiyat\u0131 nedir?<\/strong><\/p>\n<p>Bal \u00fcr\u00fcnlerinin sat\u0131\u015f fiyat\u0131, paketin a\u011f\u0131rl\u0131\u011f\u0131, \u00fcretim tarihi vb. bir dizi kritere ba\u011fl\u0131d\u0131r ama genel olarak size hakiki Uhoney bal paketlerini \u00e7ok uygun fiyatlarla sunuyoruz.<\/p>\n<p><strong>Uhoney Ihlamur bal\u0131n\u0131 nereden bulunabilir?<\/strong><\/p>\n<p>Uhoney \u0131hlamur bal\u0131 \u00e7ok \u00f6zel fiyatlarla ma\u011fazam\u0131zda mevcuttur, nerede olursan\u0131z olun sipari\u015f verebilirsiniz. Bu sayede h\u0131zl\u0131 ve g\u00fcvenli bir al\u0131\u015fveri\u015f deneyimi ya\u015fars\u0131n\u0131z.<\/p>\n","protected":false},"excerpt":{"rendered":"<p>Uhoney \u0131hlamur bal\u0131 ideal se\u00e7imdir.<\/p>\n","protected":false},"featured_media":13101,"comment_status":"open","ping_status":"closed","template":"","meta":[],"product_cat":[166,167],"product_tag":[186,187,188],"class_list":["post-13284","product","type-product","status-publish","has-post-thumbnail","hentry","product_cat-ari-bali","product_cat-urunlerimiz","product_tag-ihlamur-bali","product_tag-ihlamur-bali-tr","product_tag-turk-ihlamur-bali"],"_links":{"self":[{"href":"https:\/\/u-honey.com\/tr\/wp-json\/wp\/v2\/product\/13284","targetHints":{"allow":["GET"]}}],"collection":[{"href":"https:\/\/u-honey.com\/tr\/wp-json\/wp\/v2\/product"}],"about":[{"href":"https:\/\/u-honey.com\/tr\/wp-json\/wp\/v2\/types\/product"}],"replies":[{"embeddable":true,"href":"https:\/\/u-honey.com\/tr\/wp-json\/wp\/v2\/comments?post=13284"}],"version-history":[{"count":3,"href":"https:\/\/u-honey.com\/tr\/wp-json\/wp\/v2\/product\/13284\/revisions"}],"predecessor-version":[{"id":13610,"href":"https:\/\/u-honey.com\/tr\/wp-json\/wp\/v2\/product\/13284\/revisions\/13610"}],"wp:featuredmedia":[{"embeddable":true,"href":"https:\/\/u-honey.com\/tr\/wp-json\/wp\/v2\/media\/13101"}],"wp:attachment":[{"href":"https:\/\/u-honey.com\/tr\/wp-json\/wp\/v2\/media?parent=13284"}],"wp:term":[{"taxonomy":"product_cat","embeddable":true,"href":"https:\/\/u-honey.com\/tr\/wp-json\/wp\/v2\/product_cat?post=13284"},{"taxonomy":"product_tag","embeddable":true,"href":"https:\/\/u-honey.com\/tr\/wp-json\/wp\/v2\/product_tag?post=13284"}],"curies":[{"name":"wp","href":"https:\/\/api.w.org\/{rel}","templated":true}]}}