{"id":13285,"date":"2022-03-02T16:48:41","date_gmt":"2022-05-11T08:00:34","guid":{"rendered":"https:\/\/uhoneytr.com\/product\/corek-otu-bali\/"},"modified":"2022-06-01T11:10:46","modified_gmt":"2022-06-01T11:10:46","slug":"corek-otu-bali","status":"publish","type":"product","link":"https:\/\/u-honey.com\/tr\/product\/corek-otu-bali\/","title":{"rendered":"\u00c7\u00f6rek Otu Bal\u0131 460 gr"},"content":{"rendered":"<p>Bir\u00e7ok hastal\u0131\u011f\u0131 tedavi eden, v\u00fccuda hareket, g\u00fc\u00e7 ve zindelik kazand\u0131ran sihirli bir kar\u0131\u015f\u0131mdan m\u0131 soruyorsunuz?<\/p>\n<p>En iyi iki do\u011fal maddenin harmanland\u0131\u011f\u0131 e\u015fsiz aromas\u0131 ile Uhoney \u00e7\u00f6rek otu bal\u0131 edinmelisiniz \u00e7\u00fcnk\u00fc v\u00fccudunuzu bir\u00e7ok hastal\u0131ktan korumaya yard\u0131mc\u0131 olur. Bu bal t\u00fcr\u00fc hakk\u0131nda daha fazla detay ve bilgiyi a\u015fa\u011f\u0131daki sat\u0131rlarda bulabilirsiniz.<\/p>\n<p><strong>Uhoney \u00e7\u00f6rek otu bal\u0131 nedir?<\/strong><\/p>\n<p>Uhoney \u00e7\u00f6rek otu bal\u0131, \u00e7\u00f6rek otu a\u011fac\u0131n\u0131n nektar\u0131ndan \u00fcretilen %100 hakiki bir \u00fcr\u00fcnd\u00fcr. Gen\u00e7 ve ya\u015fl\u0131lar i\u00e7in faydal\u0131 olan bol miktarda vitamin, mineral ve amino asit i\u00e7ermesi nedeniyle y\u00fcksek besin de\u011feri ile ay\u0131rt edilir. Uhoney \u00e7\u00f6rek otu bal\u0131, y\u00fcksek yo\u011funlu\u011fu, koyu rengi ve \u00e7\u00f6rek otu benzeri kokusu ve tad\u0131 ile karakterize edilir.<\/p>\n<p><strong>Uhoney \u00e7\u00f6rek otu bal\u0131 nas\u0131l \u00fcretilir?<\/strong><\/p>\n<p>Uhoney \u00c7\u00f6rek otu bal\u0131, v\u00fccuda enerji, canl\u0131l\u0131k ve aktivite kazand\u0131rmak ve onu hastal\u0131klardan korumak i\u00e7in bir\u00e7ok faydal\u0131 do\u011fal maddeden zengin bal \u00fcreten \u00e7\u00f6rek otu a\u011fac\u0131n\u0131n nektar\u0131yla beslenen ar\u0131lar taraf\u0131ndan \u00fcretilir.<\/p>\n<p><strong>Uhoney \u00e7\u00f6rek otu bal\u0131n\u2019\u0131n besin de\u011feri nedir?<\/strong><\/p>\n<p>Bir ka\u015f\u0131k Uhoney \u00e7\u00f6rek otu bal\u0131 size a\u015fa\u011f\u0131daki besinleri sa\u011flar;<\/p>\n<p>Amino asitler ve antioksidanlara ek olarak protein, kalsiyum, \u00e7inko, sodyum, fosfor, manganez, demir, magnezyum, fosfor, potasyum, C vitamini, B2 vitamini, B6 vitamini.<\/p>\n<p><strong>Uhoney \u00c7\u00f6rek otu bal\u0131n\u2019\u0131n sa\u011fl\u0131\u011fa faydalar\u0131 nelerdir?<\/strong><\/p>\n<p>Uhoney \u00c7\u00f6rek otu bal\u0131 v\u00fccuda a\u015fa\u011f\u0131daki sa\u011fl\u0131k yararlar\u0131n\u0131 vererek karakterize edilir:<\/p>\n<p>1. V\u00fccudu kanserli hastal\u0131klardan korur.<\/p>\n<p>2. Uykusuzlu\u011fu tedavi edin, sinirleri yat\u0131\u015ft\u0131r\u0131r.<\/p>\n<p>3. Kas iltihab\u0131 tedavisi.<\/p>\n<p>4. Sindirim ve solunum problemlerinin tedavisi.<\/p>\n<p>5. \u015eeker hastalar\u0131 i\u00e7in faydal\u0131d\u0131r.<\/p>\n<p>6. G\u00f6\u011f\u00fcs veya deri fark etmeksizin, alerjiler i\u00e7in etkili bir tedavidir.<\/p>\n<p>7. Ba\u011f\u0131\u015f\u0131kl\u0131k sisteminin performans\u0131n\u0131 artt\u0131r\u0131r.<\/p>\n<p>8. Emziren anneler i\u00e7in s\u00fct \u00fcretiminin artmas\u0131na katk\u0131 sa\u011flar.<\/p>\n<p>9. \u00c7ocuklar\u0131n b\u00fcy\u00fcmesi i\u00e7in faydal\u0131d\u0131r.<\/p>\n<p>10. Ya\u015fl\u0131lar i\u00e7in faydal\u0131d\u0131r.<\/p>\n<p><strong>Uhoney \u00e7\u00f6rek otu bal\u0131 nas\u0131l kullan\u0131l\u0131r?<\/strong><\/p>\n<ul>\n<li>Uhoney \u00e7\u00f6rek otu bal\u0131n\u0131 a\u015fa\u011f\u0131daki yollardan biriyle alabilirsiniz.<\/li>\n<li>Ekmekle birlikte t\u00fcketip veya \u015fekere alternatif olarak yiyeceklere ekleyebilirsiniz.<\/li>\n<li>Yeti\u015fkinler i\u00e7in sabah ve ak\u015fam yemeklerden yar\u0131m saat \u00f6nce birer yemek ka\u015f\u0131\u011f\u0131 t\u00fcketilmesi gerek.<\/li>\n<li>\u00c7ocuklar i\u00e7in bir \u00e7ay ka\u015f\u0131\u011f\u0131 sabah ve ak\u015fam yemeklerden yar\u0131m saat \u00f6nce yenilemesi \u00f6nerilir.<\/li>\n<li>Bir ka\u015f\u0131k bal ile bir bardak \u0131l\u0131k su veya eritilmi\u015f s\u00fct alabilirsiniz.<\/li>\n<\/ul>\n<p><strong>Uhoney \u00e7\u00f6rek otu bal\u0131 kullanman\u0131n zararlar\u0131 var m\u0131?<\/strong><\/p>\n<p>Uhoney \u00e7\u00f6rek otu bal\u0131 %100 hakiki olup herhangi bir kimyasal katk\u0131 maddesi i\u00e7ermeyen do\u011fal bir \u00fcr\u00fcn oldu\u011fundan \u00f6l\u00e7\u00fcl\u00fc kullan\u0131ld\u0131\u011f\u0131 s\u00fcrece kullan\u0131lmas\u0131nda bir sak\u0131nca yoktur.<\/p>\n<p><strong>Uhoney \u00e7\u00f6rek otu bal\u0131 \u00fcr\u00fcn\u00fcn\u00fcn hakiki oldu\u011fundan nas\u0131l emin olunabilir?<\/strong><\/p>\n<p>\u00c7\u00f6rek otu bal\u0131 tamamen do\u011fal olarak \u00e7\u00f6rek otu \u00e7i\u00e7e\u011finin nektar\u0131ndan \u00fcretilir ve bu bal \u00e7e\u015fidinin \u00e7\u00f6rek otu tozu ile kar\u0131\u015ft\u0131r\u0131lmad\u0131\u011f\u0131n\u0131 bilerek do\u011fal ve orijinal bir \u00fcr\u00fcn oldu\u011funa tam bir g\u00fcvenle bu \u00fcr\u00fcn\u00fc sat\u0131n alabilirsiniz.<\/p>\n<p><strong>Uhoney \u00e7\u00f6rek otu bal\u0131n\u2019\u0131n fiyat\u0131 nedir?<\/strong><\/p>\n<p>Uhoney \u00e7\u00f6rek otu bal\u0131 \u00fcr\u00fcn\u00fcn\u00fcn fiyat\u0131 \u00e7e\u015fitli kriterlere g\u00f6re de\u011fi\u015fse de, ma\u011fazam\u0131zdan en y\u00fcksek kalitede bile uygun fiyatlarla sat\u0131n alabilirsiniz.<\/p>\n<p>Size g\u00fc\u00e7, zindelik ve canl\u0131l\u0131k veren sihirli bir kar\u0131\u015f\u0131m oldu\u011fu d\u00fcnya \u00e7ap\u0131nda onaylanm\u0131\u015f do\u011fal y\u00f6ntemlerle elde edilmi\u015f olup kalitesi ve etkinli\u011fi ile bilinen faydal\u0131 bir bald\u0131r.<\/p>\n","protected":false},"excerpt":{"rendered":"<p>Besin de\u011feri y\u00fcksek ve genel olarak sa\u011fl\u0131\u011fa faydal\u0131 bir g\u0131da olan Uhoney \u00e7\u00f6rek otu bal\u0131ndan paketler halinde alabilirsiniz.<\/p>\n","protected":false},"featured_media":13109,"comment_status":"open","ping_status":"closed","template":"","meta":[],"product_cat":[166,172,167],"product_tag":[189,190,191,192],"class_list":["post-13285","product","type-product","status-publish","has-post-thumbnail","hentry","product_cat-ari-bali","product_cat-en-cok-satilan-urunler","product_cat-urunlerimiz","product_tag-corek-otu-bali","product_tag-corek-otu-bali-tr","product_tag-corek-otu-bali-tr-2","product_tag-corek-otu-bali-tr-3"],"_links":{"self":[{"href":"https:\/\/u-honey.com\/tr\/wp-json\/wp\/v2\/product\/13285","targetHints":{"allow":["GET"]}}],"collection":[{"href":"https:\/\/u-honey.com\/tr\/wp-json\/wp\/v2\/product"}],"about":[{"href":"https:\/\/u-honey.com\/tr\/wp-json\/wp\/v2\/types\/product"}],"replies":[{"embeddable":true,"href":"https:\/\/u-honey.com\/tr\/wp-json\/wp\/v2\/comments?post=13285"}],"version-history":[{"count":3,"href":"https:\/\/u-honey.com\/tr\/wp-json\/wp\/v2\/product\/13285\/revisions"}],"predecessor-version":[{"id":13626,"href":"https:\/\/u-honey.com\/tr\/wp-json\/wp\/v2\/product\/13285\/revisions\/13626"}],"wp:featuredmedia":[{"embeddable":true,"href":"https:\/\/u-honey.com\/tr\/wp-json\/wp\/v2\/media\/13109"}],"wp:attachment":[{"href":"https:\/\/u-honey.com\/tr\/wp-json\/wp\/v2\/media?parent=13285"}],"wp:term":[{"taxonomy":"product_cat","embeddable":true,"href":"https:\/\/u-honey.com\/tr\/wp-json\/wp\/v2\/product_cat?post=13285"},{"taxonomy":"product_tag","embeddable":true,"href":"https:\/\/u-honey.com\/tr\/wp-json\/wp\/v2\/product_tag?post=13285"}],"curies":[{"name":"wp","href":"https:\/\/api.w.org\/{rel}","templated":true}]}}