{"id":13286,"date":"2022-03-07T13:07:24","date_gmt":"2022-05-11T08:57:07","guid":{"rendered":"https:\/\/uhoneytr.com\/product\/kestane-bali\/"},"modified":"2022-07-03T20:25:29","modified_gmt":"2022-07-03T20:25:29","slug":"kestane-bali","status":"publish","type":"product","link":"https:\/\/u-honey.com\/tr\/product\/kestane-bali\/","title":{"rendered":"Kestane Bal\u0131 460 gr"},"content":{"rendered":"<p>Kestane bal\u0131, bir \u00e7ok antioksidan, y\u00fcksek t\u0131bbi de\u011feri ve do\u011fal antiseptik \u00f6zellikleri nedeniyle d\u00fcnyan\u0131n en iyi kara ballar\u0131ndan biri olarak bilinir.<\/p>\n<p><strong>Uhoney<\/strong> <strong>kestane<\/strong> <strong>bal\u0131 nedir<\/strong><strong>?<\/strong><\/p>\n<p>Uhoney kestane bal\u0131 benzersiz olmas\u0131n\u0131n nedeni g\u00fc\u00e7l\u00fc bir tada sahip olup normal baldan daha az tatl\u0131 olmas\u0131, bu nedenle yayg\u0131n bal \u00fcr\u00fcnlerinin aksine ac\u0131 tad\u0131n\u0131 a\u00e7\u0131klayan d\u00fc\u015f\u00fck glisemik indeksi nedeniyle \u015feker hastalar\u0131 i\u00e7in tamamen g\u00fcvenlidir.<\/p>\n<p><strong>Uhoney<\/strong> <strong>kestane bal\u0131<\/strong> <strong>nas\u0131l \u00fcretilir<\/strong><strong>?<\/strong><\/p>\n<p>Uhoney kestane bal\u0131, kestane a\u011fac\u0131 \u00e7i\u00e7eklerinin nektar\u0131n\u0131 emen ar\u0131lar taraf\u0131ndan \u00fcretilir, bu da v\u00fccuda faydal\u0131 olan ve bir\u00e7ok hastal\u0131\u011fa kar\u015f\u0131 koruyan bir\u00e7ok do\u011fal maddeden zengin bal \u00fcretir.<\/p>\n<p><strong>Uhoney<\/strong> <strong>kestane bal\u0131n\u0131n<\/strong> <strong>besin de\u011feri nedir<\/strong><strong>?<\/strong><\/p>\n<p>Kestane bal\u0131 potasyum, magnezyum, manganez ve baryum gibi eser elementler bak\u0131m\u0131ndan zengindir. Fruktoz ve \u00e7ok miktarda polen i\u00e7erir. Bu, en \u00f6nemli avantajlar\u0131ndan biridir, \u00e7\u00fcnk\u00fc g\u00fc\u00e7l\u00fc polen varl\u0131\u011f\u0131, kan dola\u015f\u0131m\u0131n\u0131 uyarmaya yard\u0131mc\u0131 olan besin de\u011ferini artt\u0131r\u0131r. Ayn\u0131 zamanda \u00e7ok iyi bir toniktir.<\/p>\n<p><strong>Uhoney<\/strong> <strong>kestane bal\u0131n\u0131n<\/strong> <strong>sa\u011fl\u0131\u011fa faydalar\u0131 nelerdir<\/strong><strong>?<\/strong><\/p>\n<p>Bir paket Uhoney kestane bal\u0131na sahip olup onu g\u00fcnl\u00fck olarak yiyerek, a\u015fa\u011f\u0131daki sa\u011fl\u0131k yararlar\u0131n\u0131 elde edersiniz:<\/p>\n<ul>\n<li>Sindirimi kolayla\u015ft\u0131rmak ve \u00f6zellikle kolon tahri\u015fi olmak \u00fczere i\u00e7 sorunlar\u0131 \u00e7\u00f6zmek i\u00e7in kullan\u0131l\u0131r.<\/li>\n<li>Romatizmal ve yorgunluk gidericidir.<\/li>\n<li>So\u011fuk alg\u0131nl\u0131\u011f\u0131 i\u00e7in etkili bir tedavidir.<\/li>\n<li>Antioksidan ve ba\u011f\u0131\u015f\u0131kl\u0131\u011f\u0131 g\u00fc\u00e7lendirir.<\/li>\n<li>V\u00fccutta kemik ve di\u015f olu\u015fumuna yard\u0131mc\u0131 olur.<\/li>\n<li>V\u00fccutta k\u0131rm\u0131z\u0131 kan h\u00fccrelerinin yap\u0131m\u0131nda g\u00f6rev alan folik asit i\u00e7erir.<\/li>\n<li>Ba\u015f a\u011fr\u0131lar\u0131n\u0131 ve sinirsel ba\u015f a\u011fr\u0131lar\u0131n\u0131 gidermeye yard\u0131mc\u0131 olur.<\/li>\n<li>Y\u00fcksek oranda folik asit ve di\u011fer \u00f6nemli elementleri i\u00e7erdi\u011finden, fet\u00fcs\u00fcn sa\u011fl\u0131\u011f\u0131n\u0131n korunmas\u0131na ve gebelik s\u0131ras\u0131nda herhangi bir do\u011fumsal \u015fekil bozuklu\u011funa maruz kalmamas\u0131na katk\u0131da bulunur. Antimikrobiyal, antibakteriyel ve antiseptik \u00f6zellikler i\u00e7erdi\u011finden yara ve \u00fclser tedavisinde haricen kullan\u0131labilir.<\/li>\n<\/ul>\n<p><strong>Uhoney<\/strong> <strong>kestane bal\u0131<\/strong> <strong>nas\u0131l kullan\u0131l\u0131r<\/strong><strong>?<\/strong><\/p>\n<ol>\n<li>Yan\u0131klar\u0131 ve enfeksiyonlar\u0131 tedavi etmek i\u00e7in do\u011frudan cilde uygulayabilirsiniz.<\/li>\n<li>So\u011fuk alg\u0131nl\u0131\u011f\u0131n\u0131 tedavi etmek i\u00e7in sabahlar\u0131 bir bardak \u0131l\u0131k suya bir ka\u015f\u0131k bal alabilirsiniz.<\/li>\n<li>G\u00fcnl\u00fck olarak kestane bal\u0131 t\u00fcketmek, genel olarak sa\u011fl\u0131\u011f\u0131n\u0131z\u0131 korumada en iyi sonu\u00e7lar\u0131 alaca\u011f\u0131n\u0131z anlam\u0131na gelir.<\/li>\n<\/ol>\n<p><strong>Uhoney<\/strong> <strong>kestane bal\u0131 \u00fcr\u00fcn\u00fcn\u00fc<\/strong> <strong>nas\u0131l muhafaza edebiliriz<\/strong><strong>?<\/strong><\/p>\n<p>Bir paket Uhoney kestane bal\u0131n\u0131 orta s\u0131cakl\u0131ktaki bir odada saklayabilirsiniz.<\/p>\n<p><strong>Uhoney<\/strong> <strong>kestane bal\u0131<\/strong> <strong>kullanman\u0131n zararlar\u0131 var m\u0131<\/strong><strong>?<\/strong><\/p>\n<p>Herhangi bir kimyasal katk\u0131 maddesi i\u00e7ermeyen %100 do\u011fal bir \u00fcr\u00fcn oldu\u011fu i\u00e7in \u00f6l\u00e7\u00fcl\u00fc bir \u015fekilde al\u0131nmas\u0131 durumunda herhangi bir zarar\u0131 veya yan etkisi yoktur.<\/p>\n<p><strong>Uhoney<\/strong> <strong>kestane<\/strong> <strong>bal\u0131<\/strong> <strong>bebekler i\u00e7in g\u00fcvenli mi?<\/strong><\/p>\n<p>Uhoney kestane bal\u0131 %100 do\u011fal \u00fcr\u00fcnlerden \u00fcretilmi\u015ftir ve hi\u00e7bir kimyasal i\u00e7ermez, bu nedenle bir ya\u015f\u0131n alt\u0131ndaki \u00e7ocuklar i\u00e7in bile tamamen g\u00fcvenlidir. Ancak baz\u0131 \u00e7ocuklar ac\u0131 tad\u0131 nedeniyle yiyemezler.<\/p>\n<p><strong>Kestane bal\u0131 \u00fcr\u00fcn\u00fcn\u00fcn<\/strong> <strong>hakiki<\/strong> <strong>oldu\u011fundan nas\u0131l emin olabilirsiniz?<\/strong><\/p>\n<p>Ma\u011fazam\u0131zdan bir paket Uhoney kestane bal\u0131 ald\u0131ysan\u0131z kesinlikle %100 do\u011fal, hakiki bal al\u0131yorsunuzdur sahte de\u011fil de orijinal oldu\u011fundan emin olmak i\u00e7in sertifikal\u0131 laboratuvarlarda kontrol etmenize bile gerek yoktur.<\/p>\n<p>Kendi sa\u011fl\u0131\u011f\u0131na ve aile bireylerinin sa\u011fl\u0131\u011f\u0131na \u00f6zen g\u00f6sterenlerden biriyseniz, nas\u0131l yerseniz yiyin e\u015fsiz lezzet ve aromas\u0131n\u0131n tad\u0131n\u0131 \u00e7\u0131karmak i\u00e7in Uhoney kestane bal paketleri ideal se\u00e7iminizdir.<\/p>\n","protected":false},"excerpt":{"rendered":"<p>Sa\u011fl\u0131k a\u00e7\u0131s\u0131ndan pek \u00e7ok faydas\u0131 oldu\u011fu i\u00e7in ba\u015fka hi\u00e7bir bal \u00e7i\u011f kestane bal\u0131n\u0131n yan\u0131ndan bile ge\u00e7mez!<\/p>\n","protected":false},"featured_media":13082,"comment_status":"open","ping_status":"closed","template":"","meta":[],"product_cat":[166,172,167],"product_tag":[],"class_list":["post-13286","product","type-product","status-publish","has-post-thumbnail","hentry","product_cat-ari-bali","product_cat-en-cok-satilan-urunler","product_cat-urunlerimiz"],"_links":{"self":[{"href":"https:\/\/u-honey.com\/tr\/wp-json\/wp\/v2\/product\/13286","targetHints":{"allow":["GET"]}}],"collection":[{"href":"https:\/\/u-honey.com\/tr\/wp-json\/wp\/v2\/product"}],"about":[{"href":"https:\/\/u-honey.com\/tr\/wp-json\/wp\/v2\/types\/product"}],"replies":[{"embeddable":true,"href":"https:\/\/u-honey.com\/tr\/wp-json\/wp\/v2\/comments?post=13286"}],"version-history":[{"count":5,"href":"https:\/\/u-honey.com\/tr\/wp-json\/wp\/v2\/product\/13286\/revisions"}],"predecessor-version":[{"id":13614,"href":"https:\/\/u-honey.com\/tr\/wp-json\/wp\/v2\/product\/13286\/revisions\/13614"}],"wp:featuredmedia":[{"embeddable":true,"href":"https:\/\/u-honey.com\/tr\/wp-json\/wp\/v2\/media\/13082"}],"wp:attachment":[{"href":"https:\/\/u-honey.com\/tr\/wp-json\/wp\/v2\/media?parent=13286"}],"wp:term":[{"taxonomy":"product_cat","embeddable":true,"href":"https:\/\/u-honey.com\/tr\/wp-json\/wp\/v2\/product_cat?post=13286"},{"taxonomy":"product_tag","embeddable":true,"href":"https:\/\/u-honey.com\/tr\/wp-json\/wp\/v2\/product_tag?post=13286"}],"curies":[{"name":"wp","href":"https:\/\/api.w.org\/{rel}","templated":true}]}}