{"id":13287,"date":"2022-03-26T21:27:11","date_gmt":"2022-05-11T09:22:03","guid":{"rendered":"https:\/\/uhoneytr.com\/product\/hayit-bali\/"},"modified":"2022-07-03T20:20:54","modified_gmt":"2022-07-03T20:20:54","slug":"hayit-bali","status":"publish","type":"product","link":"https:\/\/u-honey.com\/tr\/product\/hayit-bali\/","title":{"rendered":"Hay\u0131t Bal\u0131 460 gr"},"content":{"rendered":"<p>Kad\u0131ns\u0131 sorunlar\u0131n\u0131z\u0131 \u00e7\u00f6zmenize ve hayat\u0131n\u0131zdaki m\u00fckemmel dengeyi geli\u015ftirmenize yard\u0131mc\u0131 olacak harika ve faydal\u0131 bir bal <em>ar\u0131yorsan\u0131z,<\/em> o zaman Uhoney hay\u0131t bal\u0131 tam size g\u00f6re.<\/p>\n<p><strong>Uhoney hay\u0131t bal\u0131 nedir<\/strong><strong>?<\/strong><br \/>\nPalm Maryam bal\u0131 olarak da bilinen hay\u0131t bal\u0131, palmiye a\u011fac\u0131 bitkisinden elde edilir. Harika ve lezzetli bir tada sahip y\u00fcksek kaliteli bir bald\u0131r ve genellikle her ya\u015ftan kad\u0131n\u0131n tedavisi i\u00e7in t\u0131bbi olarak kullan\u0131l\u0131r.<\/p>\n<p><strong>Uhoney hay\u0131t bal\u0131 nas\u0131l \u00fcretilir?<\/strong><br \/>\nBal, y\u00fcksek d\u00fczeyde \u00f6strojen i\u00e7eren palmiye a\u011fac\u0131n\u0131n nektar\u0131yla beslenen ar\u0131lar taraf\u0131ndan \u00fcretilir ve bu da v\u00fccuda faydal\u0131 bir\u00e7ok do\u011fal maddeden zengin bal \u00fcretir.<\/p>\n<p><strong>Uhoney<\/strong> <strong>hay\u0131t bal\u0131n\u0131n<\/strong> <strong>sa\u011fl\u0131\u011fa faydalar\u0131 nelerdir<\/strong><strong>?<\/strong><\/p>\n<p>Bir paket Uhoney hay\u0131t bal\u0131na sahip olup onu g\u00fcnl\u00fck olarak yiyerek, a\u015fa\u011f\u0131daki sa\u011fl\u0131k yararlar\u0131n\u0131 elde edersiniz:<\/p>\n<ul>\n<li>Adet d\u00f6ng\u00fcs\u00fcn\u00fc d\u00fczenler ve a\u011fr\u0131y\u0131 hafifletir.<\/li>\n<li>Mideyi yat\u0131\u015ft\u0131r\u0131r, hormonlar\u0131 d\u00fczenler ve ba\u011f\u0131\u015f\u0131kl\u0131\u011f\u0131 g\u00fc\u00e7lendirir.<\/li>\n<li>Emziren annelerin s\u00fct miktar\u0131n\u0131 art\u0131rmaya yard\u0131mc\u0131 olur.<\/li>\n<li>K\u0131s\u0131rl\u0131k tedavisini desteklemek, do\u011furganl\u0131\u011f\u0131 art\u0131rmak, yumurta say\u0131s\u0131n\u0131 art\u0131rmak gibi \u00f6nemli etkenler de var.<\/li>\n<li>Menopoz semptomlar\u0131n\u0131 hafifletir.<\/li>\n<li>Kad\u0131nlar\u0131n \u00fcreme sistemi sorunlar\u0131 i\u00e7in bir tedavi ve uyar\u0131c\u0131d\u0131r.<\/li>\n<\/ul>\n<p><strong>Uhoney<\/strong> <strong>hay\u0131t bal\u0131<\/strong> <strong>nas\u0131l kullan\u0131l\u0131r<\/strong><strong>?<\/strong><\/p>\n<ol>\n<li>\u00a0Sabahlar\u0131 kahvalt\u0131dan \u00f6nce yar\u0131m bardak suya bir ka\u015f\u0131k dolusu yiyin.<\/li>\n<li>\u00a0Adet d\u00f6ng\u00fcs\u00fc s\u0131ras\u0131nda stres ve a\u011fr\u0131 durumunda bir bardak \u0131l\u0131k suya bir ka\u015f\u0131k bal alabilirsiniz.<\/li>\n<li>Cildin ve sa\u00e7\u0131n tazeli\u011fini ve canl\u0131l\u0131\u011f\u0131n\u0131 korumas\u0131 i\u00e7in maske olarak kullan\u0131labilir.<\/li>\n<\/ol>\n<p>Uhoney hay\u0131t bal\u0131n\u0131 g\u00fcnl\u00fck olarak yemek, genel olarak sa\u011fl\u0131\u011f\u0131n\u0131z\u0131 korumada en iyi sonu\u00e7lar\u0131 alaca\u011f\u0131n\u0131z anlam\u0131na gelir.<\/p>\n<p><strong>Uhoney<\/strong> <strong>hay\u0131t bal\u0131n\u0131 <\/strong><strong>nas\u0131l muhafaza edebiliriz<\/strong><strong>?<\/strong><\/p>\n<p>Uhoney hay\u0131t bal paketini orta s\u0131cakl\u0131ktaki bir odada saklayabilirsiniz.<\/p>\n<p><strong>Uhoney hay\u0131t bal\u0131n\u0131n<\/strong> <strong>hakiki oldu\u011fundan<\/strong> <strong>nas\u0131l emin olabiliriz<\/strong>?<\/p>\n<p>Ma\u011fazam\u0131zdan bir paket bal\u0131 ald\u0131ysan\u0131z kesinlikle %100 do\u011fal, hakiki bal al\u0131yorsunuzdur. Hakiki oldu\u011fundan emin olmak i\u00e7in akredite laboratuvarlar ile kontrol etmenize bile gerek yoktur.<\/p>\n<p><strong>Uhoney<\/strong> <strong>hay\u0131t bal\u0131n\u0131<\/strong> <strong>nereden bulunabilir<\/strong><strong>?<\/strong><\/p>\n<p>Uhoney hay\u0131t bal\u0131 ma\u011fazam\u0131zda \u00e7ok \u00f6zel bir fiyata mevcuttur, bu \u00fcr\u00fcn i\u00e7in sipari\u015f verip istedi\u011finiz yere kadar teslim edilebilir.<\/p>\n","protected":false},"excerpt":{"rendered":"<p>Bu sayede h\u0131zl\u0131 ve g\u00fcvenli bir al\u0131\u015fveri\u015f deneyimi ya\u015fayacaks\u0131n\u0131z.<\/p>\n","protected":false},"featured_media":13151,"comment_status":"open","ping_status":"closed","template":"","meta":[],"product_cat":[166,167],"product_tag":[],"class_list":["post-13287","product","type-product","status-publish","has-post-thumbnail","hentry","product_cat-ari-bali","product_cat-urunlerimiz"],"_links":{"self":[{"href":"https:\/\/u-honey.com\/tr\/wp-json\/wp\/v2\/product\/13287","targetHints":{"allow":["GET"]}}],"collection":[{"href":"https:\/\/u-honey.com\/tr\/wp-json\/wp\/v2\/product"}],"about":[{"href":"https:\/\/u-honey.com\/tr\/wp-json\/wp\/v2\/types\/product"}],"replies":[{"embeddable":true,"href":"https:\/\/u-honey.com\/tr\/wp-json\/wp\/v2\/comments?post=13287"}],"version-history":[{"count":6,"href":"https:\/\/u-honey.com\/tr\/wp-json\/wp\/v2\/product\/13287\/revisions"}],"predecessor-version":[{"id":13611,"href":"https:\/\/u-honey.com\/tr\/wp-json\/wp\/v2\/product\/13287\/revisions\/13611"}],"wp:featuredmedia":[{"embeddable":true,"href":"https:\/\/u-honey.com\/tr\/wp-json\/wp\/v2\/media\/13151"}],"wp:attachment":[{"href":"https:\/\/u-honey.com\/tr\/wp-json\/wp\/v2\/media?parent=13287"}],"wp:term":[{"taxonomy":"product_cat","embeddable":true,"href":"https:\/\/u-honey.com\/tr\/wp-json\/wp\/v2\/product_cat?post=13287"},{"taxonomy":"product_tag","embeddable":true,"href":"https:\/\/u-honey.com\/tr\/wp-json\/wp\/v2\/product_tag?post=13287"}],"curies":[{"name":"wp","href":"https:\/\/api.w.org\/{rel}","templated":true}]}}