{"id":13288,"date":"2022-03-15T11:29:01","date_gmt":"2022-05-11T12:45:44","guid":{"rendered":"https:\/\/uhoneytr.com\/product\/sedir-bali\/"},"modified":"2022-05-31T13:37:12","modified_gmt":"2022-05-31T13:37:12","slug":"sedir-bali","status":"publish","type":"product","link":"https:\/\/u-honey.com\/tr\/product\/sedir-bali\/","title":{"rendered":"Sedir Bal\u0131 460 gr"},"content":{"rendered":"<p><strong>Uhoney<\/strong> <strong>sedir bal\u0131<\/strong> <strong>nedir?<\/strong><\/p>\n<p>Uhoney sedir bal\u0131 sedir bal\u0131, \u015feker bal\u0131 olarak da bilinen Yemeni Sidr bal\u0131ndan farkl\u0131 bir bald\u0131r, \u00e7\u00fcnk\u00fc bal, kandaki \u015feker dengesini koruyarak diyabet tedavisine yard\u0131mc\u0131 olan y\u00fcksek oranda fruktoz i\u00e7erir. T\u00fcrkiye&#8217;nin en l\u00fcks ve en \u00fcnl\u00fc t\u00fcrlerinden biri olarak kabul edilir.<\/p>\n<p><strong>Uhoney<\/strong> <strong>sedir bal\u0131<\/strong> <strong>nas\u0131l \u00fcretilir?<\/strong><\/p>\n<p>Uhoney sedir bal\u0131, sedir a\u011fac\u0131n\u0131n suyuyla beslenen ar\u0131lardan elde edilir ve bu da v\u00fccuda faydal\u0131 bir\u00e7ok do\u011fal maddeden zengin bal \u00fcretir, bu da onu hastal\u0131klardan korumaya yard\u0131mc\u0131 olur.<\/p>\n<p><strong>Uhoney<\/strong> <strong>sedir bal\u0131n\u0131n<\/strong> <strong>sa\u011fl\u0131\u011fa faydalar\u0131 nelerdir?<\/strong><\/p>\n<ul>\n<li>Uhoney sedir bal\u0131, v\u00fccuda a\u015fa\u011f\u0131daki sa\u011fl\u0131k yararlar\u0131n\u0131 vermesiyle karakterize edilir:<\/li>\n<li>\u00a0H\u00fccrelerin yok edilmesine katk\u0131da bulunan ve hastal\u0131\u011f\u0131n yay\u0131lmas\u0131n\u0131 \u00f6nleyen antioksidanlar i\u00e7erdi\u011finden kanser h\u00fccrelerinin par\u00e7alanmas\u0131na yard\u0131mc\u0131 olur.<\/li>\n<li>Artrit hastal\u0131\u011f\u0131n\u0131 tedavi eder, antioksidanlar i\u00e7erdi\u011finden, cilt ve cilt problemlerini tedavi etmek i\u00e7in bir\u00e7ok do\u011fal ya\u011f\u0131n eklenmesi nedeniyle k\u0131r\u0131\u015f\u0131kl\u0131k gibi ya\u015flanma belirtilerinin g\u00f6r\u00fcn\u00fcm\u00fcn\u00fc geciktirir. Ayr\u0131ca cilt h\u00fccrelerinin olu\u015fumunda kolajen olu\u015fumuna katk\u0131da bulunur.<\/li>\n<li>\u00a0G\u00f6ze herhangi bir zarar gelmesini \u00f6nleyen en \u00f6nemli maddelerden olan karotenoid ad\u0131 verilen maddeleri i\u00e7erdi\u011finden g\u00f6z\u00fcn g\u00fcc\u00fcn\u00fc korur.<\/li>\n<li>\u00a0Kandaki kolesterol seviyesini d\u00fczenler, zararl\u0131 kolesterol oran\u0131n\u0131 d\u00fc\u015f\u00fcr\u00fcr ve v\u00fccuttaki ya\u011f dengesini geri kazand\u0131rarak kalp krizi ve damar sertli\u011fi gibi bir\u00e7ok kalp hastal\u0131\u011f\u0131na kar\u015f\u0131 korur.<\/li>\n<li>\u00a0G\u0131da zehirlenmesi, mide bulant\u0131s\u0131 ve grip gibi bir\u00e7ok v\u00fccut problemini tedavi eder.<\/li>\n<li>\u00a0Akne, \u00e7\u0131ban, siyah nokta gibi bir\u00e7ok cilt probleminden kurtulmaya yard\u0131mc\u0131 olur. Bu nedenle tar\u00e7\u0131nla birlikte al\u0131nmas\u0131 tavsiye edilir. \u00d6ks\u00fcr\u00fck, t\u0131kan\u0131kl\u0131k ve sin\u00fcziti azalt\u0131r.<\/li>\n<li>\u00a0Akne, \u00e7\u0131ban, siyah nokta gibi bir\u00e7ok cilt probleminden kurtulmaya yard\u0131mc\u0131 olur.<\/li>\n<li>ED gibi bir\u00e7ok \u00fcreme sorununu giderir.<\/li>\n<\/ul>\n<p><strong>Uhoney sedir bal\u0131<\/strong> <strong>nas\u0131l kullan\u0131l\u0131r?<\/strong><\/p>\n<ul>\n<li>En iyi sonucu g\u00f6rebilmek i\u00e7in kahvalt\u0131dan \u00f6nce bir yemek ka\u015f\u0131\u011f\u0131 yar\u0131m bardak su veya \u0131l\u0131k s\u00fct ile t\u00fcketilmesi tercih edilir.<\/li>\n<li>Sivilce ve etkilerini tedavi etmek i\u00e7in iki \u00e7ay ka\u015f\u0131\u011f\u0131 bal ile biraz tar\u00e7\u0131n\u0131 kar\u0131\u015ft\u0131r\u0131n, etkilenen b\u00f6lgelere s\u00fcr\u00fcn, gece boyunca b\u0131rak\u0131n, ard\u0131ndan sabah erkenden y\u0131kay\u0131n,. i\u015flemi iki hafta boyunca tekrarlay\u0131n<\/li>\n<\/ul>\n<p><strong>Uhoney sedir bal\u0131<\/strong> <strong>kullanmak g\u00fcvenli midir?<\/strong><\/p>\n<p>Uhoney sedir bal\u0131 kullan\u0131m\u0131 g\u00fcvenli kabul edilir ve \u015feker hastalar\u0131na ve \u015feker y\u00fcklenmesini istemeyen \u00e7ocuklara g\u00fcvenle verilebilir.<\/p>\n<p>Ancak kan p\u0131ht\u0131la\u015fmas\u0131n\u0131 yava\u015flatt\u0131\u011f\u0131 i\u00e7in kanamas\u0131 olanlar, tansiyonu d\u00fc\u015f\u00fcrd\u00fc\u011f\u00fc i\u00e7in stres tedavisi i\u00e7in ila\u00e7 kullananlar veya ameliyat \u00f6ncesi t\u00fcketilmemelidir.<\/p>\n<p><strong>Uhoney sedir bal \u00fcr\u00fcn\u00fcn\u00fcn<\/strong> <strong>hakiki oldu\u011fundan nas\u0131l emin olabiliriz?<\/strong> <strong>?<\/strong><\/p>\n<p>Uhoney sedir bal \u00fcr\u00fcn\u00fcn\u00fcn hakiki oldu\u011fundan emin olman\u0131n en iyi yolu, y\u00fcksek kalitede \u00fcr\u00fcnler alaca\u011f\u0131n\u0131z\u0131 garanti etti\u011fimiz ma\u011fazam\u0131zdan sat\u0131n almakt\u0131r.<\/p>\n<p><strong>Uhoney sedir bal\u0131<\/strong> <strong>nerede bulunur?<\/strong> <strong>\u061f<\/strong><\/p>\n<p>Uhoney sedir bal\u0131n\u0131, nerede olursan\u0131z olun size ula\u015fana kadar \u00fcretiminin her a\u015famas\u0131nda b\u00fcy\u00fck bir \u00f6zen ve hassasiyet g\u00f6sterildi\u011finden, kalitesi ve hakiki, e\u015fsiz bal oldu\u011fundan emin olmak i\u00e7in uygun fiyatlarla ma\u011fazam\u0131zdan kolayca sat\u0131n alabilirsiniz. .<\/p>\n<p><strong>Uhoney sedir bal\u0131n\u0131 t\u00fcketmeniz, sizin ve aile \u00fcyeleriniz i\u00e7in b\u00fcy\u00fck bir besin ve sa\u011fl\u0131k de\u011feri elde edece\u011finiz anlam\u0131na geliyor. <\/strong><\/p>\n","protected":false},"excerpt":{"rendered":"<p>&#8220;\u015eeker bal\u0131&#8221; olarak bilinen, T\u00fcrkiye&#8217;nin en l\u00fcks ve en \u00fcnl\u00fc bal t\u00fcrlerinden biridir.<\/p>\n","protected":false},"featured_media":13088,"comment_status":"open","ping_status":"closed","template":"","meta":[],"product_cat":[166,167],"product_tag":[193,194,195,196],"class_list":["post-13288","product","type-product","status-publish","has-post-thumbnail","hentry","product_cat-ari-bali","product_cat-urunlerimiz","product_tag-sedir-bali","product_tag-sedir-bali-tr","product_tag-sedir-bali-tr-2","product_tag-sedir-bali-tr-3"],"_links":{"self":[{"href":"https:\/\/u-honey.com\/tr\/wp-json\/wp\/v2\/product\/13288","targetHints":{"allow":["GET"]}}],"collection":[{"href":"https:\/\/u-honey.com\/tr\/wp-json\/wp\/v2\/product"}],"about":[{"href":"https:\/\/u-honey.com\/tr\/wp-json\/wp\/v2\/types\/product"}],"replies":[{"embeddable":true,"href":"https:\/\/u-honey.com\/tr\/wp-json\/wp\/v2\/comments?post=13288"}],"version-history":[{"count":5,"href":"https:\/\/u-honey.com\/tr\/wp-json\/wp\/v2\/product\/13288\/revisions"}],"predecessor-version":[{"id":13612,"href":"https:\/\/u-honey.com\/tr\/wp-json\/wp\/v2\/product\/13288\/revisions\/13612"}],"wp:featuredmedia":[{"embeddable":true,"href":"https:\/\/u-honey.com\/tr\/wp-json\/wp\/v2\/media\/13088"}],"wp:attachment":[{"href":"https:\/\/u-honey.com\/tr\/wp-json\/wp\/v2\/media?parent=13288"}],"wp:term":[{"taxonomy":"product_cat","embeddable":true,"href":"https:\/\/u-honey.com\/tr\/wp-json\/wp\/v2\/product_cat?post=13288"},{"taxonomy":"product_tag","embeddable":true,"href":"https:\/\/u-honey.com\/tr\/wp-json\/wp\/v2\/product_tag?post=13288"}],"curies":[{"name":"wp","href":"https:\/\/api.w.org\/{rel}","templated":true}]}}