{"id":13291,"date":"2022-03-07T13:12:18","date_gmt":"2022-05-12T12:09:24","guid":{"rendered":"https:\/\/uhoneytr.com\/product\/sutlegen-bali\/"},"modified":"2022-05-31T13:39:32","modified_gmt":"2022-05-31T13:39:32","slug":"sutlegen-bali","status":"publish","type":"product","link":"https:\/\/u-honey.com\/tr\/product\/sutlegen-bali\/","title":{"rendered":"S\u00fctle\u011fen Bal\u0131 460 gr"},"content":{"rendered":"<p>Bal\u0131n t\u00fcm faydalar\u0131n\u0131 bir araya getiren lezzetli bir aromaya sahip tedavi edici bir bal m\u0131 ar\u0131yorsunuz? O zaman Uhoney&#8217;den e\u015fsiz ve lezzetli tad\u0131, keskin aromas\u0131 ve say\u0131s\u0131z faydalar\u0131 ile \u00f6zellikle takdir edilen, \u00e7oklu \u015fifa \u00f6zellikleri ve y\u00fcksek besin de\u011ferleri ile orijinal ve nadir s\u00fctle\u011fen bal\u0131n\u0131 almal\u0131s\u0131n\u0131z.<\/p>\n<p><strong>Uhoney s\u00fctle\u011fen bal\u0131<\/strong> <strong>nedir?<\/strong><\/p>\n<p>G\u00fcneydo\u011fu Anadolu&#8217;nun zengin floras\u0131nda endemik bir bitki olarak yeti\u015fen s\u00fctle\u011fen \u00e7i\u00e7e\u011finin nektar\u0131ndan ar\u0131lar taraf\u0131ndan \u00fcretilen bald\u0131r. En \u00f6nemli \u00f6zelli\u011fi, insan sa\u011fl\u0131\u011f\u0131 \u00fczerinde olumlu ve \u00f6nemli etkisi olan fenolik bile\u015fikler a\u00e7\u0131s\u0131ndan zengin olmas\u0131d\u0131r.<\/p>\n<p><strong>Uhoney s\u00fctle\u011fen bal\u0131n\u0131n<\/strong> <strong>sa\u011fl\u0131\u011fa faydalar\u0131 nelerdir<\/strong><strong>?<\/strong><\/p>\n<p>S\u00fctle\u011fen bal\u0131, bal\u0131n di\u011fer faydalar\u0131na ek olarak a\u015fa\u011f\u0131daki faydalar\u0131 i\u00e7erir:<\/p>\n<ul>\n<li>V\u00fccuda enerji, canl\u0131l\u0131k ve aktivite sa\u011flar.<\/li>\n<li>V\u00fccudun ihtiya\u00e7 duydu\u011fu besin maddelerinin eksikli\u011finden korur.<\/li>\n<li>Sindirim sistemi hastal\u0131klar\u0131n\u0131n tedavisine yard\u0131mc\u0131 olur.<\/li>\n<li>Ya\u011flar\u0131n sindirimine ve emilimine yard\u0131mc\u0131 olur.<\/li>\n<li>So\u011fuk alg\u0131nl\u0131\u011f\u0131 ve \u00f6ks\u00fcr\u00fcklerle sava\u015f\u0131r.<\/li>\n<li>Ast\u0131m ve alerjik enfeksiyonlar\u0131n azalt\u0131lmas\u0131.<\/li>\n<li>Cilt hastal\u0131klar\u0131n\u0131n tedavisidir.<\/li>\n<li>Sar\u0131l\u0131k durumlar\u0131nda faydal\u0131d\u0131r.<\/li>\n<li>Yara iyile\u015fmesinde faydal\u0131d\u0131r.<\/li>\n<li>Sa\u00e7 d\u00f6k\u00fclmesini \u00f6nler.<\/li>\n<li>\u0130\u015ftah a\u00e7\u0131c\u0131d\u0131r.<\/li>\n<\/ul>\n<p><strong>Uhoney s\u00fctle\u011fen bal\u0131<\/strong> <strong>nas\u0131l kullan\u0131l\u0131r<\/strong><strong>?<\/strong><\/p>\n<ul>\n<li>Bir yemek ka\u015f\u0131\u011f\u0131 s\u00fctle\u011fen bal\u0131 sabahlar\u0131 a\u00e7 karn\u0131na ve ka\u015f\u0131kla ve ak\u015fam yatmadan \u00f6nce al\u0131nabilir.<\/li>\n<li>Yara iyile\u015fmesi i\u00e7in do\u011frudan cilde uygulanabilir.<\/li>\n<\/ul>\n<p>Kullan\u0131m s\u00fcresi kullan\u0131m amac\u0131na g\u00f6re de\u011fi\u015fmektedir. Olumlu sonu\u00e7 almak i\u00e7in en az 3 ay kullan\u0131lmal\u0131d\u0131r.<\/p>\n<p><strong>Uhoney s\u00fctle\u011fen bal<\/strong> <strong>\u00fcr\u00fcn\u00fc<\/strong> <strong>nas\u0131l saklan\u0131r<\/strong><strong>?<\/strong><\/p>\n<p>Bir paket Uhoney s\u00fctle\u011fen bal\u0131n\u0131 orta s\u0131cakl\u0131ktaki bir odada saklayabilirsiniz.<\/p>\n<p><strong>Uhoney s\u00fctle\u011fen bal\u0131n\u0131 <\/strong><strong>k<\/strong><strong>ullanman\u0131n zarar\u0131 var m\u0131<\/strong><strong>?<\/strong><\/p>\n<p>Uhoney s\u00fctle\u011fen bal\u0131n\u0131 herhangi bir kimyasal katk\u0131 i\u00e7ermeyen %100 do\u011fal bir \u00fcr\u00fcn oldu\u011fu i\u00e7in \u00f6l\u00e7\u00fcl\u00fc bir \u015fekilde t\u00fcketti\u011finiz s\u00fcrece kullanman\u0131n herhangi bir zarar\u0131 veya yan etkisi yoktur.<\/p>\n<p><strong>Uhoney s\u00fctle\u011fen<\/strong> <strong>bal\u0131<\/strong> <strong>\u00e7<\/strong><strong>ocuklar i\u00e7in g\u00fcvenli midir?<\/strong><\/p>\n<p>Uhoney s\u00fctle\u011fen bal\u0131 %100 do\u011fal \u00fcr\u00fcnlerden yap\u0131l\u0131p hi\u00e7bir kimyasal i\u00e7ermedi\u011finden bir ya\u015f\u0131ndan k\u00fc\u00e7\u00fck \u00e7ocuklar i\u00e7in bile tamamen g\u00fcvenlidir.<\/p>\n<p><strong>Uhoney s\u00fctle\u011fen bal<\/strong> <strong>\u00fcr\u00fcn\u00fcn\u00fcn<\/strong> <strong>hakiki<\/strong> <strong>oldu\u011fundan nas\u0131l emin olabilirsiniz?<\/strong><\/p>\n<p>Ma\u011fazam\u0131zdan bir paket Uhoney s\u00fctle\u011fen bal\u0131 ald\u0131ysan\u0131z kesinlikle %100 do\u011fal, hakiki bal al\u0131yorsunuzdur ve hakiki olup taklit olmad\u0131\u011f\u0131ndan emin olmak i\u00e7in sertifikal\u0131 laboratuvarlarda kontrol etmenize bile gerek yoktur.<\/p>\n<p><strong>Uhoney s\u00fctle\u011fen<\/strong> <strong>bal\u0131<\/strong> <strong>nerede bulunur<\/strong><strong>?<\/strong><\/p>\n<p>Uhoney s\u00fctle\u011fen bal\u0131 \u00e7ok \u00f6zel fiyat\u0131yla ma\u011fazam\u0131zda mevcut olup, sipari\u015f vererek bu \u00fcr\u00fcn\u00fc sat\u0131n alabilir, nerede olursan\u0131z olun teslim alabilirsiniz.<\/p>\n<p>&nbsp;<\/p>\n","protected":false},"excerpt":{"rendered":"<p>Yohni&#8217;den orijinal ve nadir Euphorbia bal\u0131, \u00e7oklu iyile\u015ftirici \u00f6zelliklere ve y\u00fcksek besin de\u011ferlerine sahiptir. E\u015fsiz ve lezzetli tad\u0131, keskin aromas\u0131 ve say\u0131s\u0131z faydas\u0131 ile \u00f6zellikle takdir edilmektedir.<\/p>\n","protected":false},"featured_media":13107,"comment_status":"open","ping_status":"closed","template":"","meta":[],"product_cat":[166,172,167],"product_tag":[198,200,197,199],"class_list":["post-13291","product","type-product","status-publish","has-post-thumbnail","hentry","product_cat-ari-bali","product_cat-en-cok-satilan-urunler","product_cat-urunlerimiz","product_tag-dagmus-bali","product_tag-dagmus-bali-tr","product_tag-sutlegen-bali","product_tag-sutlegen-bali-tr"],"_links":{"self":[{"href":"https:\/\/u-honey.com\/tr\/wp-json\/wp\/v2\/product\/13291","targetHints":{"allow":["GET"]}}],"collection":[{"href":"https:\/\/u-honey.com\/tr\/wp-json\/wp\/v2\/product"}],"about":[{"href":"https:\/\/u-honey.com\/tr\/wp-json\/wp\/v2\/types\/product"}],"replies":[{"embeddable":true,"href":"https:\/\/u-honey.com\/tr\/wp-json\/wp\/v2\/comments?post=13291"}],"version-history":[{"count":8,"href":"https:\/\/u-honey.com\/tr\/wp-json\/wp\/v2\/product\/13291\/revisions"}],"predecessor-version":[{"id":13615,"href":"https:\/\/u-honey.com\/tr\/wp-json\/wp\/v2\/product\/13291\/revisions\/13615"}],"wp:featuredmedia":[{"embeddable":true,"href":"https:\/\/u-honey.com\/tr\/wp-json\/wp\/v2\/media\/13107"}],"wp:attachment":[{"href":"https:\/\/u-honey.com\/tr\/wp-json\/wp\/v2\/media?parent=13291"}],"wp:term":[{"taxonomy":"product_cat","embeddable":true,"href":"https:\/\/u-honey.com\/tr\/wp-json\/wp\/v2\/product_cat?post=13291"},{"taxonomy":"product_tag","embeddable":true,"href":"https:\/\/u-honey.com\/tr\/wp-json\/wp\/v2\/product_tag?post=13291"}],"curies":[{"name":"wp","href":"https:\/\/api.w.org\/{rel}","templated":true}]}}