{"id":13294,"date":"2022-01-07T10:48:11","date_gmt":"2022-05-13T08:44:20","guid":{"rendered":"https:\/\/uhoneytr.com\/product\/lavanta-bali-2\/"},"modified":"2022-07-03T20:25:16","modified_gmt":"2022-07-03T20:25:16","slug":"lavanta-bali","status":"publish","type":"product","link":"https:\/\/u-honey.com\/tr\/product\/lavanta-bali\/","title":{"rendered":"Lavanta Bal\u0131 460 gr"},"content":{"rendered":"<p><strong>Uhoney Lavanta Bal\u0131 Nedir?<\/strong><\/p>\n<p>Ar\u0131lar, g\u00fcne\u015fli b\u00f6lgelerde yeti\u015fen aromatik lavanta \u00e7i\u00e7eklerinden hafif ek\u015fi aromal\u0131, a\u00e7\u0131k kehribar rengi ve harika bir tada sahip e\u015fsiz bir orta kristalize bal \u00e7e\u015fididir.<\/p>\n<p><strong>Uhoney lavanta bal\u0131 nas\u0131l \u00fcretilir?<\/strong><\/p>\n<p>Ar\u0131lar bu bal\u0131, kimyasal i\u00e7ermeyen alanlarda yeti\u015ftirilen lavanta \u00e7i\u00e7eklerinin nektar\u0131ndan ve ayr\u0131ca antibiyotiklerle tedavi edilmeyen \u00e7ok bu bal ile beslenen ar\u0131 evlerinden \u00fcretirler. Ayr\u0131ca bal, do\u011fal s\u0131cakl\u0131\u011f\u0131n\u0131n \u00fczerinde herhangi bir \u0131s\u0131tma i\u015flemine tabi tutulmaz.<\/p>\n<p><strong>Uhoney lavanta bal\u0131n\u0131n besin de\u011feri nedir?<\/strong><\/p>\n<p>Her 100 gram Uhoney lavanta bal\u0131 398.39 kalorinin yan\u0131 s\u0131ra a\u015fa\u011f\u0131daki besin de\u011ferlerini i\u00e7erir:<\/p>\n<p>Karbonhidratlar 78 gram.<\/p>\n<p>Glikoz 78 gram.<\/p>\n<p>Proteinler 0,5 gr.<\/p>\n<p>Vitaminler 0.009 gram.<\/p>\n<p>Metal 0.062 gram.<\/p>\n<p>Uhoney lavanta bal\u0131n\u0131 olu\u015fturan mineraller aras\u0131nda bak\u0131r, demir, potasyum, manganez, \u00e7inko. ve selenyum bulunur.<\/p>\n<p>Bu bal ayr\u0131ca faydal\u0131 enzimler, flavonoidler, organik asitler ve u\u00e7ucu ya\u011flar i\u00e7erir.<\/p>\n<p><strong>Uhoney lavanta bal\u0131 ne zaman toplan\u0131r?<\/strong><\/p>\n<p>Lavanta \u00e7i\u00e7ekleri temmuz ve a\u011fustos aylar\u0131nda yeti\u015fir, bal ise orijinal halini korumak i\u00e7in tamamen do\u011fal bir \u015fekilde haziran ay\u0131nda hasat edilir.<\/p>\n<p><strong>Uhoney lavanta bal\u0131n\u0131n sa\u011fl\u0131k a\u00e7\u0131s\u0131ndan faydalar\u0131 nelerdir?<\/strong><\/p>\n<p>1. Sinirleri yat\u0131\u015ft\u0131r\u0131n, uykusuzlu\u011fa, gerginli\u011fe ve yorgunlu\u011fa diretir.<\/p>\n<p>2. Bakteri ve mantarlara kar\u015f\u0131 diren\u00e7 g\u00f6sterir.<\/p>\n<p>3. A\u011fr\u0131 ve sinir bozukluklar\u0131n\u0131n giderilmesini sa\u011flar.<\/p>\n<p>4. Mide gazlar\u0131n\u0131 atar.<\/p>\n<p>5. Baz\u0131 cilt hastal\u0131klar\u0131n\u0131 tedavi eder ve genel olarak cilt i\u00e7in de etkilidir.<\/p>\n<p>6. Her t\u00fcrl\u00fc ba\u015f a\u011fr\u0131s\u0131n\u0131 ve nefes darl\u0131\u011f\u0131 semptomlar\u0131n\u0131 azaltmaya yarar.<\/p>\n<p>7. Yaralar\u0131 iyile\u015ftirmeye, yan\u0131klar\u0131 ve morluklar\u0131 tedavi etmeye etkili bir \u015fekilde yard\u0131mc\u0131 olur.<\/p>\n<p>8. Kad\u0131nlarda k\u0131s\u0131rl\u0131k tedavisi olarak kullan\u0131l\u0131r.<\/p>\n<p>9. Farkl\u0131 kanser t\u00fcrlerinin \u00f6nler.<\/p>\n<p>10. Haf\u0131zay\u0131 g\u00fc\u00e7lendirir.<\/p>\n<p><strong>Uhoney bal\u0131 nas\u0131l kullan\u0131l\u0131r?<\/strong><\/p>\n<p>Uhoney lavanta bal\u0131n\u0131 geceleri bir \u00e7ay ka\u015f\u0131\u011f\u0131 kadar\u0131n\u0131 rahatlamak ve sinirleri yat\u0131\u015ft\u0131rmak i\u00e7in yiyerek, sabahlar\u0131 bir ka\u015f\u0131k dolusu \u0131l\u0131k suda kolon semptomlar\u0131n\u0131 hafifletmek i\u00e7in i\u00e7erek ya da topikal uygulama olarak kullanabilirsiniz.<\/p>\n<p>Yaralar\u0131n, enfeksiyonlar\u0131n veya yan\u0131klar\u0131n etkilerini tedavi etmek i\u00e7in de kullan\u0131l\u0131r.<\/p>\n<p><strong>Uhoney lavanta bal\u0131 \u00fcr\u00fcn\u00fc nas\u0131l muhafaza edilmeli?<\/strong><\/p>\n<p>Uhoney bal paketini iyi durumda tutmak i\u00e7in 15 ila 20 santigrat derece aras\u0131nda karanl\u0131k bir yere konulmal\u0131, ancak buzdolab\u0131na konulmamal\u0131d\u0131r \u00e7\u00fcnk\u00fc bu, bal\u0131n h\u0131zl\u0131 kristalle\u015fmesine yard\u0131mc\u0131 olur.<\/p>\n<p><strong>Lavanta bal\u0131 kullanman\u0131n zarar\u0131 var m\u0131?<\/strong><\/p>\n<p>Uhoney lavanta bal\u0131n\u0131n do\u011fal i\u00e7eri\u011fi sayesinde kullan\u0131lmas\u0131nda herhangi bir sak\u0131nca yoktur ve \u00f6l\u00e7\u00fcl\u00fc t\u00fcketimi g\u00f6z \u00f6n\u00fcne al\u0131nd\u0131\u011f\u0131nda bir ya\u015f\u0131ndan k\u00fc\u00e7\u00fckler dahil \u00e7ocuklar i\u00e7in tamamen g\u00fcvenlidir.<\/p>\n<p><strong>Uhoney lavanta bal\u0131 \u00fcr\u00fcn\u00fcn\u00fcn hakiki oldu\u011fundan nas\u0131l emin olabiliriz?<\/strong><\/p>\n<p>Tamamen do\u011fal malzemelerle hakiki \u00fcr\u00fcn\u00fc ald\u0131\u011f\u0131n\u0131zdan emin olmak i\u00e7in ma\u011fazam\u0131zdan Uhoney Lavanta Bal\u0131 sipari\u015f edin.<\/p>\n<p><strong>Uhoney lavanta bal\u0131n\u0131n fiyat\u0131 nedir?<\/strong><\/p>\n<p>Uhoney lavanta bal\u0131n\u0131n sat\u0131\u015f fiyat\u0131, paketin a\u011f\u0131rl\u0131\u011f\u0131, \u00fcretim s\u00fcresi orijinal \u00fcr\u00fcn\u00fc ma\u011fazam\u0131zdan \u00e7ok uygun bir fiyata alacaks\u0131n\u0131z.<\/p>\n<p><strong>Uhoney lavanta bal\u0131n\u0131 nereden bulunur?<\/strong><\/p>\n<p>Uhoney bal\u0131n\u0131 normal ma\u011fazalarda bulamayabilirsiniz, bu y\u00fczden en iyi yol \u00fcr\u00fcn\u00fc ma\u011fazam\u0131zdan sipari\u015f etmek ve nerede olursan\u0131z olun en k\u0131sa s\u00fcrede almakt\u0131r.<\/p>\n","protected":false},"excerpt":{"rendered":"<p>Uhoney Lavanta Bal\u0131 Nedir? Ar\u0131lar, g\u00fcne\u015fli b\u00f6lgelerde yeti\u015fen aromatik lavanta \u00e7i\u00e7eklerinden hafif ek\u015fi aromal\u0131, a\u00e7\u0131k kehribar rengi ve harika bir<\/p>\n","protected":false},"featured_media":13111,"comment_status":"open","ping_status":"closed","template":"","meta":[],"product_cat":[166,167],"product_tag":[168,169,170,171],"class_list":["post-13294","product","type-product","status-publish","has-post-thumbnail","hentry","product_cat-ari-bali","product_cat-urunlerimiz","product_tag-lavanta-bali","product_tag-lavanta-bali-tr","product_tag-lavanta-bali-tr-2","product_tag-lavanta-bali-tr-3"],"_links":{"self":[{"href":"https:\/\/u-honey.com\/tr\/wp-json\/wp\/v2\/product\/13294","targetHints":{"allow":["GET"]}}],"collection":[{"href":"https:\/\/u-honey.com\/tr\/wp-json\/wp\/v2\/product"}],"about":[{"href":"https:\/\/u-honey.com\/tr\/wp-json\/wp\/v2\/types\/product"}],"replies":[{"embeddable":true,"href":"https:\/\/u-honey.com\/tr\/wp-json\/wp\/v2\/comments?post=13294"}],"version-history":[{"count":2,"href":"https:\/\/u-honey.com\/tr\/wp-json\/wp\/v2\/product\/13294\/revisions"}],"predecessor-version":[{"id":13648,"href":"https:\/\/u-honey.com\/tr\/wp-json\/wp\/v2\/product\/13294\/revisions\/13648"}],"wp:featuredmedia":[{"embeddable":true,"href":"https:\/\/u-honey.com\/tr\/wp-json\/wp\/v2\/media\/13111"}],"wp:attachment":[{"href":"https:\/\/u-honey.com\/tr\/wp-json\/wp\/v2\/media?parent=13294"}],"wp:term":[{"taxonomy":"product_cat","embeddable":true,"href":"https:\/\/u-honey.com\/tr\/wp-json\/wp\/v2\/product_cat?post=13294"},{"taxonomy":"product_tag","embeddable":true,"href":"https:\/\/u-honey.com\/tr\/wp-json\/wp\/v2\/product_tag?post=13294"}],"curies":[{"name":"wp","href":"https:\/\/api.w.org\/{rel}","templated":true}]}}