{"id":13740,"date":"2022-03-17T08:09:38","date_gmt":"2022-06-06T09:31:19","guid":{"rendered":"https:\/\/uhoneytr.com\/product\/3lu-firsat-paketi\/"},"modified":"2022-06-06T12:16:35","modified_gmt":"2022-06-06T12:16:35","slug":"firsat-paketi","status":"publish","type":"product","link":"https:\/\/u-honey.com\/tr\/product\/firsat-paketi\/","title":{"rendered":"3&#8217;l\u00fc F\u0131rsat Paketi"},"content":{"rendered":"<p class=\"p1\" dir=\"ltr\" style=\"text-align: left;\"><span class=\"s1\">Birbirinden<\/span> <span class=\"s1\">farkl\u0131<\/span> <span class=\"s1\">ve<\/span> <span class=\"s1\">kaliteli<\/span> <span class=\"s1\">ballar\u0131<\/span> sizin <span class=\"s1\">i\u00e7in bir araya getirdik.<\/span><\/p>\n<p class=\"p1\" dir=\"ltr\" style=\"text-align: left;\"><span class=\"s1\">Tek<\/span> <span class=\"s1\">fiyatla<\/span> <span class=\"s1\">hepsi <\/span><span class=\"s1\">an\u0131nda <\/span><span class=\"s1\">kap\u0131nda!<\/span><\/p>\n<p dir=\"ltr\" style=\"text-align: left;\">6&#8217;l\u0131 Uhoney spesiyal paket adet birim 34 gr<\/p>\n<p dir=\"ltr\" style=\"text-align: left;\">\u00c7am bal\u0131 460 gr<\/p>\n<p dir=\"ltr\" style=\"text-align: left;\">\u00c7\u00f6rek otu bal\u0131 60 gr<\/p>\n","protected":false},"excerpt":{"rendered":"<p class=\"p1\" dir=\"rtl\" style=\"padding-right: 40px; text-align: left;\"><span class=\"s1\">.Birbirinden<\/span> farkl\u0131 <span class=\"s1\">ve<\/span> <span class=\"s1\">kaliteli<\/span> <span class=\"s1\">ballar\u0131<\/span> <span class=\"s1\">sizin<\/span> i\u00e7in <span class=\"s1\">bir araya <\/span>getirdik<\/p>\n<p class=\"p1\" dir=\"rtl\" style=\"padding-right: 40px; text-align: left;\"><span class=\"s1\">!Tek <span class=\"s1\">fiyatla <\/span>hepsi <span class=\"s1\"><span class=\"s1\">an\u0131nda <\/span><span class=\"s1\">kap\u0131nda<\/span><\/span><\/span><\/p>\n<p dir=\"rtl\" style=\"padding-right: 40px; text-align: left;\">\n","protected":false},"featured_media":13150,"comment_status":"open","ping_status":"closed","template":"","meta":[],"product_cat":[205],"product_tag":[],"class_list":["post-13740","product","type-product","status-publish","has-post-thumbnail","hentry","product_cat-kampanyalar"],"_links":{"self":[{"href":"https:\/\/u-honey.com\/tr\/wp-json\/wp\/v2\/product\/13740","targetHints":{"allow":["GET"]}}],"collection":[{"href":"https:\/\/u-honey.com\/tr\/wp-json\/wp\/v2\/product"}],"about":[{"href":"https:\/\/u-honey.com\/tr\/wp-json\/wp\/v2\/types\/product"}],"replies":[{"embeddable":true,"href":"https:\/\/u-honey.com\/tr\/wp-json\/wp\/v2\/comments?post=13740"}],"version-history":[{"count":4,"href":"https:\/\/u-honey.com\/tr\/wp-json\/wp\/v2\/product\/13740\/revisions"}],"predecessor-version":[{"id":13758,"href":"https:\/\/u-honey.com\/tr\/wp-json\/wp\/v2\/product\/13740\/revisions\/13758"}],"wp:featuredmedia":[{"embeddable":true,"href":"https:\/\/u-honey.com\/tr\/wp-json\/wp\/v2\/media\/13150"}],"wp:attachment":[{"href":"https:\/\/u-honey.com\/tr\/wp-json\/wp\/v2\/media?parent=13740"}],"wp:term":[{"taxonomy":"product_cat","embeddable":true,"href":"https:\/\/u-honey.com\/tr\/wp-json\/wp\/v2\/product_cat?post=13740"},{"taxonomy":"product_tag","embeddable":true,"href":"https:\/\/u-honey.com\/tr\/wp-json\/wp\/v2\/product_tag?post=13740"}],"curies":[{"name":"wp","href":"https:\/\/api.w.org\/{rel}","templated":true}]}}