{"id":13745,"date":"2022-03-17T13:41:32","date_gmt":"2022-06-06T09:54:28","guid":{"rendered":"https:\/\/uhoneytr.com\/product\/2li-firsat-paketi\/"},"modified":"2022-06-06T09:54:28","modified_gmt":"2022-06-06T09:54:28","slug":"2li-firsat-paketi","status":"publish","type":"product","link":"https:\/\/u-honey.com\/tr\/product\/2li-firsat-paketi\/","title":{"rendered":"2&#8217;li F\u0131rsat Paketi"},"content":{"rendered":"<p style=\"font-weight: 400\">Ho\u015f bir aroma ve harika bir tada sahip \u00e7i\u00e7ek bal\u0131 ve \u0131hlamur bal\u0131ndan olu\u015fan f\u0131rsat paketi sa\u011fl\u0131kl\u0131 ve faydal\u0131 tatlar\u0131 bir arada sizlere sunmaktad\u0131r. Ho\u015f bir aroma ve harika bir tada sahip \u00e7i\u00e7ek bal\u0131 ve \u0131hlamur bal\u0131ndan olu\u015fan f\u0131rsat paketi sa\u011fl\u0131kl\u0131 ve faydal\u0131 tatlar\u0131 bir arada sizlere sunmaktad\u0131r. Vitamin ve mineraller bak\u0131m\u0131ndan olduk\u00e7a zengin bir paketten olu\u015fur.<\/p>\n<p style=\"font-weight: 400\">Ihlamur bal\u0131 460 gr<\/p>\n<p style=\"font-weight: 400\">\u00c7i\u00e7ek bal 460 gr<\/p>\n","protected":false},"excerpt":{"rendered":"<p style=\"font-weight: 400\">Ho\u015f bir aroma ve harika bir tada sahip \u00e7i\u00e7ek bal\u0131 ve \u0131hlamur bal\u0131ndan olu\u015fan f\u0131rsat paketi sa\u011fl\u0131kl\u0131 ve faydal\u0131 tatlar\u0131 bir arada sizlere sunmaktad\u0131r.<\/p>\n","protected":false},"featured_media":13130,"comment_status":"open","ping_status":"closed","template":"","meta":[],"product_cat":[205],"product_tag":[181,186,211],"class_list":["post-13745","product","type-product","status-publish","has-post-thumbnail","hentry","product_cat-kampanyalar","product_tag-cicek-bali","product_tag-ihlamur-bali","product_tag-ihlamur-bali-tr-2"],"_links":{"self":[{"href":"https:\/\/u-honey.com\/tr\/wp-json\/wp\/v2\/product\/13745","targetHints":{"allow":["GET"]}}],"collection":[{"href":"https:\/\/u-honey.com\/tr\/wp-json\/wp\/v2\/product"}],"about":[{"href":"https:\/\/u-honey.com\/tr\/wp-json\/wp\/v2\/types\/product"}],"replies":[{"embeddable":true,"href":"https:\/\/u-honey.com\/tr\/wp-json\/wp\/v2\/comments?post=13745"}],"version-history":[{"count":0,"href":"https:\/\/u-honey.com\/tr\/wp-json\/wp\/v2\/product\/13745\/revisions"}],"wp:featuredmedia":[{"embeddable":true,"href":"https:\/\/u-honey.com\/tr\/wp-json\/wp\/v2\/media\/13130"}],"wp:attachment":[{"href":"https:\/\/u-honey.com\/tr\/wp-json\/wp\/v2\/media?parent=13745"}],"wp:term":[{"taxonomy":"product_cat","embeddable":true,"href":"https:\/\/u-honey.com\/tr\/wp-json\/wp\/v2\/product_cat?post=13745"},{"taxonomy":"product_tag","embeddable":true,"href":"https:\/\/u-honey.com\/tr\/wp-json\/wp\/v2\/product_tag?post=13745"}],"curies":[{"name":"wp","href":"https:\/\/api.w.org\/{rel}","templated":true}]}}