{"id":13748,"date":"2022-03-17T13:35:32","date_gmt":"2022-06-06T10:15:34","guid":{"rendered":"https:\/\/uhoneytr.com\/product\/3lu-ekonomik-firsat-paketi\/"},"modified":"2022-07-03T20:18:46","modified_gmt":"2022-07-03T20:18:46","slug":"lu-ekonomik-paketi","status":"publish","type":"product","link":"https:\/\/u-honey.com\/tr\/product\/lu-ekonomik-paketi\/","title":{"rendered":"3&#8217;l\u00fc Ekonomik F\u0131rsat Paketi"},"content":{"rendered":"","protected":false},"excerpt":{"rendered":"<div dir=\"auto\">3 Al 2 \u00d6de<\/div>\n<div dir=\"auto\"><\/div>\n<div dir=\"auto\">3 x 460 gr<\/div>\n<div dir=\"auto\"><\/div>\n<div dir=\"auto\">Kahvalt\u0131lar\u0131n yan\u0131nda vazge\u00e7ilmez bir lezzet olarak al\u0131\u015fkanl\u0131k kazanaca\u011f\u0131m\u0131z kekik bal\u0131,<\/div>\n<div dir=\"auto\">sofralar\u0131m\u0131z\u0131n aranan lezzetleri aras\u0131na girmeye haz\u0131rlan\u0131yor. Vitamin ve mineral bak\u0131m\u0131ndan zengin olan kekik bal\u0131, g\u00fcnl\u00fck ya\u015fam enerjimizi artt\u0131rarak daha sa\u011fl\u0131kl\u0131 bir g\u00fcne bizleri haz\u0131rl\u0131yor.<\/div>\n<div dir=\"auto\">3 al 2 \u00f6de f\u0131rsat\u0131yla kekik bal\u0131n\u0131 ka\u00e7\u0131rmay\u0131n!<\/div>\n","protected":false},"featured_media":13138,"comment_status":"open","ping_status":"closed","template":"","meta":[],"product_cat":[205],"product_tag":[184],"class_list":["post-13748","product","type-product","status-publish","has-post-thumbnail","hentry","product_cat-kampanyalar","product_tag-kekik-bali"],"_links":{"self":[{"href":"https:\/\/u-honey.com\/tr\/wp-json\/wp\/v2\/product\/13748","targetHints":{"allow":["GET"]}}],"collection":[{"href":"https:\/\/u-honey.com\/tr\/wp-json\/wp\/v2\/product"}],"about":[{"href":"https:\/\/u-honey.com\/tr\/wp-json\/wp\/v2\/types\/product"}],"replies":[{"embeddable":true,"href":"https:\/\/u-honey.com\/tr\/wp-json\/wp\/v2\/comments?post=13748"}],"version-history":[{"count":3,"href":"https:\/\/u-honey.com\/tr\/wp-json\/wp\/v2\/product\/13748\/revisions"}],"predecessor-version":[{"id":13751,"href":"https:\/\/u-honey.com\/tr\/wp-json\/wp\/v2\/product\/13748\/revisions\/13751"}],"wp:featuredmedia":[{"embeddable":true,"href":"https:\/\/u-honey.com\/tr\/wp-json\/wp\/v2\/media\/13138"}],"wp:attachment":[{"href":"https:\/\/u-honey.com\/tr\/wp-json\/wp\/v2\/media?parent=13748"}],"wp:term":[{"taxonomy":"product_cat","embeddable":true,"href":"https:\/\/u-honey.com\/tr\/wp-json\/wp\/v2\/product_cat?post=13748"},{"taxonomy":"product_tag","embeddable":true,"href":"https:\/\/u-honey.com\/tr\/wp-json\/wp\/v2\/product_tag?post=13748"}],"curies":[{"name":"wp","href":"https:\/\/api.w.org\/{rel}","templated":true}]}}