{"id":13801,"date":"2022-01-10T10:34:48","date_gmt":"2022-06-07T11:43:34","guid":{"rendered":"https:\/\/uhoneytr.com\/product\/2li-firsat-kis-paketi\/"},"modified":"2022-06-07T11:43:34","modified_gmt":"2022-06-07T11:43:34","slug":"kis-paketl","status":"publish","type":"product","link":"https:\/\/u-honey.com\/tr\/product\/kis-paketl\/","title":{"rendered":"2&#8217;li F\u0131rsat K\u0131\u015f Paketi"},"content":{"rendered":"<p>\u00c7\u00f6rek otu ve \u00e7am bal\u0131 ile harmanlayarak sizler i\u00e7in \u00f6zenle se\u00e7ti\u011fimiz bu 2&#8217;li f\u0131rsat paketini ka\u00e7\u0131rmay\u0131n!<br \/>\nBa\u011f\u0131\u015f\u0131kl\u0131k sistemini g\u00fc\u00e7lendiren s\u00fcper 2&#8217;li bal seti uygun fiyatlarla kar\u015f\u0131n\u0131zda! Besin de\u011ferleri birbirinden zengin bu ikili, k\u0131\u015f aylar\u0131nda en \u00e7ok tercih edilen \u00fcr\u00fcnlerimiz aras\u0131nda yer almaktad\u0131r.<\/p>\n","protected":false},"excerpt":{"rendered":"<p>\u00c7\u00f6rek otu ve \u00e7am bal\u0131na ayn\u0131 anda sahip olma f\u0131rsat\u0131n\u0131 ka\u00e7\u0131rmay\u0131n!<\/p>\n","protected":false},"featured_media":13153,"comment_status":"open","ping_status":"closed","template":"","meta":[],"product_cat":[205],"product_tag":[173,189,192,213],"class_list":["post-13801","product","type-product","status-publish","has-post-thumbnail","hentry","product_cat-kampanyalar","product_tag-cam-bali","product_tag-corek-otu-bali","product_tag-corek-otu-bali-tr-3","product_tag-kis-paketi"],"_links":{"self":[{"href":"https:\/\/u-honey.com\/tr\/wp-json\/wp\/v2\/product\/13801","targetHints":{"allow":["GET"]}}],"collection":[{"href":"https:\/\/u-honey.com\/tr\/wp-json\/wp\/v2\/product"}],"about":[{"href":"https:\/\/u-honey.com\/tr\/wp-json\/wp\/v2\/types\/product"}],"replies":[{"embeddable":true,"href":"https:\/\/u-honey.com\/tr\/wp-json\/wp\/v2\/comments?post=13801"}],"version-history":[{"count":0,"href":"https:\/\/u-honey.com\/tr\/wp-json\/wp\/v2\/product\/13801\/revisions"}],"wp:featuredmedia":[{"embeddable":true,"href":"https:\/\/u-honey.com\/tr\/wp-json\/wp\/v2\/media\/13153"}],"wp:attachment":[{"href":"https:\/\/u-honey.com\/tr\/wp-json\/wp\/v2\/media?parent=13801"}],"wp:term":[{"taxonomy":"product_cat","embeddable":true,"href":"https:\/\/u-honey.com\/tr\/wp-json\/wp\/v2\/product_cat?post=13801"},{"taxonomy":"product_tag","embeddable":true,"href":"https:\/\/u-honey.com\/tr\/wp-json\/wp\/v2\/product_tag?post=13801"}],"curies":[{"name":"wp","href":"https:\/\/api.w.org\/{rel}","templated":true}]}}