{"id":13802,"date":"2022-03-07T13:20:17","date_gmt":"2022-06-07T11:54:55","guid":{"rendered":"https:\/\/uhoneytr.com\/product\/uhoney-spesiyal-paket\/"},"modified":"2026-02-21T15:02:21","modified_gmt":"2026-02-21T15:02:21","slug":"uhoney-spesiyal-paket","status":"publish","type":"product","link":"https:\/\/u-honey.com\/tr\/product\/uhoney-spesiyal-paket\/","title":{"rendered":"Uhoney Spesiyal Paketi"},"content":{"rendered":"<p>Uhoney Spesiyal Bal \u00c7e\u015fitleri<\/p>\n<p>Lavanta Bal\u0131 43 gr<\/p>\n<p>Ihlamur Bal\u0131 43 gr<\/p>\n<p>\u00c7i\u00e7ek Bal\u0131 43 gr<\/p>\n<p>\u00c7am Bal\u0131 43 gr<\/p>\n<p>Narenciye Bal\u0131 43 gr<\/p>\n<p>Kekik Bal\u0131 43 gr<\/p>\n","protected":false},"excerpt":{"rendered":"<p>\u00c7i\u00e7ek nektar\u0131n\u0131n b\u00fcy\u00fcl\u00fc kar\u0131\u015f\u0131mlar\u0131n\u0131 i\u00e7eren 6 \u00e7e\u015fit bal paketi. Birbirinden farkl\u0131 lezzetleri deneme f\u0131rsat\u0131 sunmaktad\u0131r.<\/p>\n","protected":false},"featured_media":13097,"comment_status":"open","ping_status":"closed","template":"","meta":[],"product_cat":[172,205],"product_tag":[],"class_list":["post-13802","product","type-product","status-publish","has-post-thumbnail","hentry","product_cat-en-cok-satilan-urunler","product_cat-kampanyalar"],"_links":{"self":[{"href":"https:\/\/u-honey.com\/tr\/wp-json\/wp\/v2\/product\/13802","targetHints":{"allow":["GET"]}}],"collection":[{"href":"https:\/\/u-honey.com\/tr\/wp-json\/wp\/v2\/product"}],"about":[{"href":"https:\/\/u-honey.com\/tr\/wp-json\/wp\/v2\/types\/product"}],"replies":[{"embeddable":true,"href":"https:\/\/u-honey.com\/tr\/wp-json\/wp\/v2\/comments?post=13802"}],"version-history":[{"count":1,"href":"https:\/\/u-honey.com\/tr\/wp-json\/wp\/v2\/product\/13802\/revisions"}],"predecessor-version":[{"id":13803,"href":"https:\/\/u-honey.com\/tr\/wp-json\/wp\/v2\/product\/13802\/revisions\/13803"}],"wp:featuredmedia":[{"embeddable":true,"href":"https:\/\/u-honey.com\/tr\/wp-json\/wp\/v2\/media\/13097"}],"wp:attachment":[{"href":"https:\/\/u-honey.com\/tr\/wp-json\/wp\/v2\/media?parent=13802"}],"wp:term":[{"taxonomy":"product_cat","embeddable":true,"href":"https:\/\/u-honey.com\/tr\/wp-json\/wp\/v2\/product_cat?post=13802"},{"taxonomy":"product_tag","embeddable":true,"href":"https:\/\/u-honey.com\/tr\/wp-json\/wp\/v2\/product_tag?post=13802"}],"curies":[{"name":"wp","href":"https:\/\/api.w.org\/{rel}","templated":true}]}}